{"id":5925,"date":"2023-11-06T01:43:51","date_gmt":"2023-11-06T05:43:51","guid":{"rendered":"https:\/\/savifragrances.com\/?post_type=product&#038;p=5925"},"modified":"2026-04-15T12:35:58","modified_gmt":"2026-04-15T16:35:58","slug":"luz-de-las-estrellas","status":"publish","type":"product","link":"https:\/\/savifragrances.com\/es\/product\/starlight\/","title":{"rendered":"SF - Destello + 100ML Fragancia Gratis"},"content":{"rendered":"<p>Presentamos el SF - Sparkle, el difusor de aromas definitivo dise\u00f1ado para realzar con elegancia su espacio personal gracias a su amplia cobertura de 800 pies cuadrados. Este difusor compacto y eficaz no s\u00f3lo a\u00f1ade un toque de estilo a cualquier habitaci\u00f3n, sino que tambi\u00e9n garantiza un ambiente relajante y tranquilo, perfecto tanto para el hogar como para la oficina. Su funcionamiento intuitivo lo hace accesible a cualquiera que desee mejorar su entorno. Como bonificaci\u00f3n especial, recibir\u00e1 una fragancia de 100 ml de cortes\u00eda para iniciar su viaje sensorial, lo que le permitir\u00e1 llenar su espacio con un aroma que calma y vigoriza.<\/p>\n<p>Caracter\u00edsticas principales:<\/p>\n<p>- Regalo de cortes\u00eda: Viene con un frasco de fragancia de 100ML, gratis con su compra, para que comience una aventura arom\u00e1tica.<br \/>\n- Dise\u00f1o compacto: Elegante y con estilo, se adapta perfectamente a cualquier decoraci\u00f3n, mejorando la est\u00e9tica de su espacio.<br \/>\n- Cobertura eficaz: Difunde eficazmente el aroma en espacios de hasta 800 pies cuadrados, garantizando una distribuci\u00f3n uniforme del aroma para una experiencia m\u00e1s envolvente.<br \/>\n- F\u00e1cil de usar: Dise\u00f1ado para un funcionamiento sencillo, lo que lo hace ideal para cualquier usuario que busque mejorar sin esfuerzo su entorno de vida o de trabajo.<br \/>\n- Vers\u00e1til: tanto si desea crear un ambiente relajante en casa como en la oficina, el SF - Sparkle es su compa\u00f1ero perfecto.<\/p>\n<p>Experimente la mezcla perfecta de estilo y funcionalidad con el SF - Sparkle. Comience hoy mismo su viaje hacia un entorno m\u00e1s fragante y sereno, y transforme su espacio en un refugio de relajaci\u00f3n y confort.<\/p>","protected":false},"excerpt":{"rendered":"<p>SF Sparkle: Eleva tu espacio con este elegante difusor de aroma, con una cobertura de 800 pies cuadrados y una fragancia de cortes\u00eda de 100 ml. Perfecto para crear una atm\u00f3sfera relajante tanto en el hogar como en la oficina, combina estilo y funcionalidad para mejorar cualquier entorno.<\/p>","protected":false},"featured_media":18736,"comment_status":"open","ping_status":"closed","template":"","meta":{"site-sidebar-layout":"default","site-content-layout":"","ast-site-content-layout":"default","site-content-style":"default","site-sidebar-style":"default","ast-global-header-display":"","ast-banner-title-visibility":"","ast-main-header-display":"","ast-hfb-above-header-display":"","ast-hfb-below-header-display":"","ast-hfb-mobile-header-display":"","site-post-title":"","ast-breadcrumbs-content":"","ast-featured-img":"","footer-sml-layout":"","ast-disable-related-posts":"","theme-transparent-header-meta":"default","adv-header-id-meta":"","stick-header-meta":"default","header-above-stick-meta":"","header-main-stick-meta":"","header-below-stick-meta":"","astra-migrate-meta-layouts":"set","ast-page-background-enabled":"default","ast-page-background-meta":{"desktop":{"background-color":"","background-image":"","background-repeat":"repeat","background-position":"center center","background-size":"auto","background-attachment":"scroll","background-type":"","background-media":"","overlay-type":"","overlay-color":"","overlay-opacity":"","overlay-gradient":""},"tablet":{"background-color":"","background-image":"","background-repeat":"repeat","background-position":"center center","background-size":"auto","background-attachment":"scroll","background-type":"","background-media":"","overlay-type":"","overlay-color":"","overlay-opacity":"","overlay-gradient":""},"mobile":{"background-color":"","background-image":"","background-repeat":"repeat","background-position":"center center","background-size":"auto","background-attachment":"scroll","background-type":"","background-media":"","overlay-type":"","overlay-color":"","overlay-opacity":"","overlay-gradient":""}},"ast-content-background-meta":{"desktop":{"background-color":"var(--ast-global-color-5)","background-image":"","background-repeat":"repeat","background-position":"center center","background-size":"auto","background-attachment":"scroll","background-type":"","background-media":"","overlay-type":"","overlay-color":"","overlay-opacity":"","overlay-gradient":""},"tablet":{"background-color":"var(--ast-global-color-5)","background-image":"","background-repeat":"repeat","background-position":"center center","background-size":"auto","background-attachment":"scroll","background-type":"","background-media":"","overlay-type":"","overlay-color":"","overlay-opacity":"","overlay-gradient":""},"mobile":{"background-color":"var(--ast-global-color-5)","background-image":"","background-repeat":"repeat","background-position":"center center","background-size":"auto","background-attachment":"scroll","background-type":"","background-media":"","overlay-type":"","overlay-color":"","overlay-opacity":"","overlay-gradient":""}},"_joinchat":[]},"product_brand":[],"product_cat":[93,94],"product_tag":[],"class_list":{"0":"post-5925","1":"product","2":"type-product","3":"status-publish","4":"has-post-thumbnail","6":"product_cat-home-diffusers","7":"product_cat-shop-bundles","8":"desktop-align-left","9":"tablet-align-left","10":"mobile-align-left","11":"ast-product-gallery-layout-horizontal-slider","12":"ast-product-single-variable","13":"ast-product-tabs-layout-accordion","14":"ast-qv-on-image","16":"first","17":"instock","18":"sale","19":"taxable","20":"shipping-taxable","21":"purchasable","22":"product-type-variable"},"_links":{"self":[{"href":"https:\/\/savifragrances.com\/es\/wp-json\/wp\/v2\/product\/5925","targetHints":{"allow":["GET"]}}],"collection":[{"href":"https:\/\/savifragrances.com\/es\/wp-json\/wp\/v2\/product"}],"about":[{"href":"https:\/\/savifragrances.com\/es\/wp-json\/wp\/v2\/types\/product"}],"replies":[{"embeddable":true,"href":"https:\/\/savifragrances.com\/es\/wp-json\/wp\/v2\/comments?post=5925"}],"wp:featuredmedia":[{"embeddable":true,"href":"https:\/\/savifragrances.com\/es\/wp-json\/wp\/v2\/media\/18736"}],"wp:attachment":[{"href":"https:\/\/savifragrances.com\/es\/wp-json\/wp\/v2\/media?parent=5925"}],"wp:term":[{"taxonomy":"product_brand","embeddable":true,"href":"https:\/\/savifragrances.com\/es\/wp-json\/wp\/v2\/product_brand?post=5925"},{"taxonomy":"product_cat","embeddable":true,"href":"https:\/\/savifragrances.com\/es\/wp-json\/wp\/v2\/product_cat?post=5925"},{"taxonomy":"product_tag","embeddable":true,"href":"https:\/\/savifragrances.com\/es\/wp-json\/wp\/v2\/product_tag?post=5925"}],"curies":[{"name":"wp","href":"https:\/\/api.w.org\/{rel}","templated":true}]}}