{"id":36513,"date":"2026-04-21T12:23:23","date_gmt":"2026-04-21T16:23:23","guid":{"rendered":"https:\/\/savifragrances.com\/?post_type=product&#038;p=36513"},"modified":"2026-04-21T21:30:02","modified_gmt":"2026-04-22T01:30:02","slug":"sf-super-cube-difusor-inteligente-3-fragancias-dream-majestic-capri-brezza","status":"publish","type":"product","link":"https:\/\/savifragrances.com\/es\/product\/sf-super-cube-smart-diffuser-3-fragrances-dream-majestic-capri-brezza\/","title":{"rendered":"SF - Difusor Inteligente Super Cube + 3 Fragancias (Dream, Majestic, Capri Brezza)"},"content":{"rendered":"<p data-start=\"689\" data-end=\"999\">Eleve su entorno con el <strong data-start=\"723\" data-end=\"775\">SF - Difusor Inteligente Super Cube + Fragancia 100ML<\/strong>, una soluci\u00f3n de aromatizaci\u00f3n compacta y potente dise\u00f1ada para espacios modernos. Con su dise\u00f1o minimalista en forma de cubo y su avanzada conectividad Bluetooth, podr\u00e1s controlar f\u00e1cilmente la intensidad y la programaci\u00f3n de las fragancias directamente desde tu smartphone.<\/p>\n<p data-start=\"1001\" data-end=\"1352\">Gracias a la tecnolog\u00eda de difusi\u00f3n de aire fr\u00edo sin agua, este difusor proporciona una experiencia de fragancia constante y pura sin calor ni diluci\u00f3n, preservando la calidad de la fragancia elegida. A pesar de su tama\u00f1o compacto (<strong data-start=\"1211\" data-end=\"1231\">11 x 10,1 x 6 cm<\/strong>), cubre eficazmente zonas de hasta <strong data-start=\"1268\" data-end=\"1281\">500 pies cuadrados<\/strong>, por lo que es ideal para dormitorios, oficinas, peque\u00f1os comercios y mucho m\u00e1s.<\/p>\n<p data-start=\"1354\" data-end=\"1486\">Este paquete incluye <strong data-start=\"1377\" data-end=\"1411\">100ML de fragancia a elegir<\/strong>, que le permiten personalizar su espacio en funci\u00f3n de su estado de \u00e1nimo o su entorno.<\/p>\n<p data-start=\"1488\" data-end=\"1680\">Con <strong data-start=\"1493\" data-end=\"1518\">funcionamiento ultrasilencioso<\/strong> y bajo consumo de energ\u00eda (<strong data-start=\"1547\" data-end=\"1555\">1.5W<\/strong>), el Super Cube est\u00e1 dise\u00f1ado para un uso continuo sin interrupciones, creando un ambiente relajante y acogedor sin esfuerzo.<\/p>\n<hr data-start=\"1682\" data-end=\"1685\" \/>\n<h2 data-section-id=\"1j5qwet\" data-start=\"1687\" data-end=\"1706\"><span role=\"text\"><strong data-start=\"1690\" data-end=\"1706\">Caracter\u00edsticas principales<\/strong><\/span><\/h2>\n<ul data-start=\"1708\" data-end=\"2306\">\n<li data-section-id=\"1afgxr8\" data-start=\"1708\" data-end=\"1804\"><strong data-start=\"1710\" data-end=\"1737\">Control Bluetooth Smart<\/strong><br data-start=\"1737\" data-end=\"1740\" \/>Ajuste la intensidad del aroma y establezca horarios desde su smartphone.<\/li>\n<li data-section-id=\"pznf5t\" data-start=\"1806\" data-end=\"1892\"><strong data-start=\"1808\" data-end=\"1836\">Hasta 500 pies cuadrados de cobertura<\/strong><br data-start=\"1836\" data-end=\"1839\" \/>Ideal para el hogar, la oficina o peque\u00f1os espacios comerciales.<\/li>\n<li data-section-id=\"3auth\" data-start=\"1894\" data-end=\"1987\"><strong data-start=\"1896\" data-end=\"1924\">Fragancia de 100ML incluida<\/strong><br data-start=\"1924\" data-end=\"1927\" \/>Elija su aroma preferido para una experiencia personalizada.<\/li>\n<li data-section-id=\"1u8mf40\" data-start=\"1989\" data-end=\"2065\"><strong data-start=\"1991\" data-end=\"2018\">Dise\u00f1o compacto y moderno<\/strong><br data-start=\"2018\" data-end=\"2021\" \/>Forma c\u00fabica minimalista que se adapta a cualquier espacio.<\/li>\n<li data-section-id=\"1yqw1af\" data-start=\"2067\" data-end=\"2143\"><strong data-start=\"2069\" data-end=\"2101\">Difusi\u00f3n de aire fr\u00edo sin agua<\/strong><br data-start=\"2101\" data-end=\"2104\" \/>Fragancia pura sin calor ni agua.<\/li>\n<li data-section-id=\"pzvly1\" data-start=\"2145\" data-end=\"2213\"><strong data-start=\"2147\" data-end=\"2172\">Funcionamiento ultrasilencioso<\/strong><br data-start=\"2172\" data-end=\"2175\" \/>Perfecto para un uso diario ininterrumpido.<\/li>\n<li data-section-id=\"vx0jgl\" data-start=\"2215\" data-end=\"2306\"><strong data-start=\"2217\" data-end=\"2244\">Eficiencia energ\u00e9tica (1,5 W)<\/strong><br data-start=\"2244\" data-end=\"2247\" \/>Dise\u00f1ado para un rendimiento continuo con bajo consumo.<\/li>\n<\/ul>\n<hr data-start=\"2308\" data-end=\"2311\" \/>\n<h2 data-section-id=\"2wumpk\" data-start=\"2313\" data-end=\"2339\"><span role=\"text\"><strong data-start=\"2316\" data-end=\"2339\">Ventajas adicionales<\/strong><\/span><\/h2>\n<ul>\n<li style=\"list-style-type: none;\">\n<ul data-start=\"2341\" data-end=\"2534\">\n<li data-section-id=\"npwhq\" data-start=\"2341\" data-end=\"2393\"><strong data-start=\"2343\" data-end=\"2363\">F\u00e1cil instalaci\u00f3n y uso<\/strong><br data-start=\"2363\" data-end=\"2366\" \/>Sencillo y f\u00e1cil de usar.<\/li>\n<li data-section-id=\"13emhej\" data-start=\"2395\" data-end=\"2468\"><strong data-start=\"2397\" data-end=\"2430\">Aroma constante y duradero<\/strong><br data-start=\"2430\" data-end=\"2433\" \/>Distribuci\u00f3n eficaz de la fragancia.<\/li>\n<li data-section-id=\"qqj1rb\" data-start=\"2470\" data-end=\"2534\"><strong data-start=\"2472\" data-end=\"2495\">Perfecto para regalar<\/strong><br data-start=\"2495\" data-end=\"2498\" \/>Elegante, pr\u00e1ctico y vers\u00e1til.<\/li>\n<\/ul>\n<\/li>\n<\/ul>","protected":false},"excerpt":{"rendered":"<p data-start=\"360\" data-end=\"643\">Mejora cualquier espacio con el difusor inteligente SF - Super Cube, combinado con la fragancia de 100 ml que elijas. Dise\u00f1ado para una cobertura de hasta 500 pies cuadrados, cuenta con control Bluetooth, funcionamiento ultrasilencioso y rendimiento energ\u00e9ticamente eficiente, perfecto para hogares, oficinas y entornos comerciales.<\/p>","protected":false},"featured_media":36515,"comment_status":"open","ping_status":"closed","template":"","meta":{"site-sidebar-layout":"default","site-content-layout":"","ast-site-content-layout":"default","site-content-style":"default","site-sidebar-style":"default","ast-global-header-display":"","ast-banner-title-visibility":"","ast-main-header-display":"","ast-hfb-above-header-display":"","ast-hfb-below-header-display":"","ast-hfb-mobile-header-display":"","site-post-title":"","ast-breadcrumbs-content":"","ast-featured-img":"","footer-sml-layout":"","ast-disable-related-posts":"","theme-transparent-header-meta":"default","adv-header-id-meta":"","stick-header-meta":"default","header-above-stick-meta":"","header-main-stick-meta":"","header-below-stick-meta":"","astra-migrate-meta-layouts":"set","ast-page-background-enabled":"default","ast-page-background-meta":{"desktop":{"background-color":"","background-image":"","background-repeat":"repeat","background-position":"center center","background-size":"auto","background-attachment":"scroll","background-type":"","background-media":"","overlay-type":"","overlay-color":"","overlay-opacity":"","overlay-gradient":""},"tablet":{"background-color":"","background-image":"","background-repeat":"repeat","background-position":"center center","background-size":"auto","background-attachment":"scroll","background-type":"","background-media":"","overlay-type":"","overlay-color":"","overlay-opacity":"","overlay-gradient":""},"mobile":{"background-color":"","background-image":"","background-repeat":"repeat","background-position":"center center","background-size":"auto","background-attachment":"scroll","background-type":"","background-media":"","overlay-type":"","overlay-color":"","overlay-opacity":"","overlay-gradient":""}},"ast-content-background-meta":{"desktop":{"background-color":"var(--ast-global-color-5)","background-image":"","background-repeat":"repeat","background-position":"center center","background-size":"auto","background-attachment":"scroll","background-type":"","background-media":"","overlay-type":"","overlay-color":"","overlay-opacity":"","overlay-gradient":""},"tablet":{"background-color":"var(--ast-global-color-5)","background-image":"","background-repeat":"repeat","background-position":"center center","background-size":"auto","background-attachment":"scroll","background-type":"","background-media":"","overlay-type":"","overlay-color":"","overlay-opacity":"","overlay-gradient":""},"mobile":{"background-color":"var(--ast-global-color-5)","background-image":"","background-repeat":"repeat","background-position":"center center","background-size":"auto","background-attachment":"scroll","background-type":"","background-media":"","overlay-type":"","overlay-color":"","overlay-opacity":"","overlay-gradient":""}},"_joinchat":[]},"product_brand":[],"product_cat":[93],"product_tag":[],"class_list":{"0":"post-36513","1":"product","2":"type-product","3":"status-publish","4":"has-post-thumbnail","6":"product_cat-home-diffusers","7":"desktop-align-left","8":"tablet-align-left","9":"mobile-align-left","10":"ast-product-gallery-layout-horizontal-slider","11":"ast-product-single-variable","12":"ast-product-tabs-layout-accordion","13":"ast-qv-on-image","15":"first","16":"instock","17":"taxable","18":"shipping-taxable","19":"purchasable","20":"product-type-variable"},"_links":{"self":[{"href":"https:\/\/savifragrances.com\/es\/wp-json\/wp\/v2\/product\/36513","targetHints":{"allow":["GET"]}}],"collection":[{"href":"https:\/\/savifragrances.com\/es\/wp-json\/wp\/v2\/product"}],"about":[{"href":"https:\/\/savifragrances.com\/es\/wp-json\/wp\/v2\/types\/product"}],"replies":[{"embeddable":true,"href":"https:\/\/savifragrances.com\/es\/wp-json\/wp\/v2\/comments?post=36513"}],"wp:featuredmedia":[{"embeddable":true,"href":"https:\/\/savifragrances.com\/es\/wp-json\/wp\/v2\/media\/36515"}],"wp:attachment":[{"href":"https:\/\/savifragrances.com\/es\/wp-json\/wp\/v2\/media?parent=36513"}],"wp:term":[{"taxonomy":"product_brand","embeddable":true,"href":"https:\/\/savifragrances.com\/es\/wp-json\/wp\/v2\/product_brand?post=36513"},{"taxonomy":"product_cat","embeddable":true,"href":"https:\/\/savifragrances.com\/es\/wp-json\/wp\/v2\/product_cat?post=36513"},{"taxonomy":"product_tag","embeddable":true,"href":"https:\/\/savifragrances.com\/es\/wp-json\/wp\/v2\/product_tag?post=36513"}],"curies":[{"name":"wp","href":"https:\/\/api.w.org\/{rel}","templated":true}]}}