{"id":35799,"date":"2026-02-25T22:27:37","date_gmt":"2026-02-26T02:27:37","guid":{"rendered":"https:\/\/savifragrances.com\/?post_type=product&#038;p=35799"},"modified":"2026-03-12T20:32:23","modified_gmt":"2026-03-13T00:32:23","slug":"paquete-de-muestras","status":"publish","type":"product","link":"https:\/\/savifragrances.com\/es\/product\/sample-pack\/","title":{"rendered":"Envase de muestra 10ml"},"content":{"rendered":"<p data-start=\"660\" data-end=\"895\">Descubra su atm\u00f3sfera perfecta con la Caja de Descubrimiento de Muestras de Savi Fragrances, una colecci\u00f3n de seis muestras de fragancias individuales dise\u00f1adas para ayudarle a explorar nuestra biblioteca de fragancias exclusivas antes de comprometerse con un frasco de tama\u00f1o completo.<\/p>\n<p data-start=\"897\" data-end=\"1213\">Elegir la fragancia adecuada es una experiencia personal. Cada fragancia transforma un espacio de forma diferente: algunas aportan frescura y claridad, otras a\u00f1aden calidez, elegancia o profundidad. Este set de descubrimiento de 6 piezas le permite probar varios aromas en su propio entorno y encontrar el que realmente refleja su estilo y su espacio.<\/p>\n<p data-start=\"1215\" data-end=\"1424\">Desde limpias mezclas de c\u00edtricos y delicados florales hasta composiciones amaderadas, sensuales e inspiradas en hoteles, esta caja le da la libertad de seleccionar seis fragancias que encajen con su estado de \u00e1nimo, estilo de vida o est\u00e9tica interior.<\/p>\n<p data-start=\"1426\" data-end=\"1438\">Perfecto para:<\/p>\n<p data-start=\"1440\" data-end=\"1628\">- Probar fragancias antes de comprar una talla completa<br \/>\n- Creaci\u00f3n de diferentes ambientes en distintas habitaciones<br \/>\n- Regalar una experiencia olfativa de lujo<br \/>\n- Explorar aromas estacionales o basados en estados de \u00e1nimo<\/p>\n<p data-start=\"1630\" data-end=\"1780\">Cada muestra se elabora con los mismos aceites concentrados de alta calidad que se utilizan en nuestros frascos de tama\u00f1o real, lo que garantiza una experiencia arom\u00e1tica aut\u00e9ntica y duradera.<\/p>\n<p data-start=\"1782\" data-end=\"1963\">La Caja de Descubrimiento de Muestras es m\u00e1s que un set de prueba - es su introducci\u00f3n personal al mundo de las Fragancias Savi. Explore, compare y descubra el aroma que define su espacio.<\/p>","protected":false},"excerpt":{"rendered":"<p data-start=\"238\" data-end=\"299\"><strong data-start=\"238\" data-end=\"299\">Savi Fragrances Caja de Descubrimiento de Muestras | 6 Aromas de Autor | 10ml<\/strong><\/p>\n<p data-start=\"301\" data-end=\"565\">Explora la esencia de las fragancias Savi con nuestra caja de muestras de 6 piezas. Selecciona seis de tus aromas de autor favoritos y experimenta una variedad de estados de \u00e1nimo, desde fresco y estimulante a c\u00e1lido y sofisticado - la manera perfecta de encontrar tu aroma de autor.<\/p>","protected":false},"featured_media":35801,"comment_status":"open","ping_status":"closed","template":"","meta":{"site-sidebar-layout":"default","site-content-layout":"","ast-site-content-layout":"default","site-content-style":"default","site-sidebar-style":"default","ast-global-header-display":"","ast-banner-title-visibility":"","ast-main-header-display":"","ast-hfb-above-header-display":"","ast-hfb-below-header-display":"","ast-hfb-mobile-header-display":"","site-post-title":"","ast-breadcrumbs-content":"","ast-featured-img":"","footer-sml-layout":"","ast-disable-related-posts":"","theme-transparent-header-meta":"default","adv-header-id-meta":"","stick-header-meta":"default","header-above-stick-meta":"","header-main-stick-meta":"","header-below-stick-meta":"","astra-migrate-meta-layouts":"set","ast-page-background-enabled":"default","ast-page-background-meta":{"desktop":{"background-color":"","background-image":"","background-repeat":"repeat","background-position":"center center","background-size":"auto","background-attachment":"scroll","background-type":"","background-media":"","overlay-type":"","overlay-color":"","overlay-opacity":"","overlay-gradient":""},"tablet":{"background-color":"","background-image":"","background-repeat":"repeat","background-position":"center center","background-size":"auto","background-attachment":"scroll","background-type":"","background-media":"","overlay-type":"","overlay-color":"","overlay-opacity":"","overlay-gradient":""},"mobile":{"background-color":"","background-image":"","background-repeat":"repeat","background-position":"center center","background-size":"auto","background-attachment":"scroll","background-type":"","background-media":"","overlay-type":"","overlay-color":"","overlay-opacity":"","overlay-gradient":""}},"ast-content-background-meta":{"desktop":{"background-color":"var(--ast-global-color-5)","background-image":"","background-repeat":"repeat","background-position":"center center","background-size":"auto","background-attachment":"scroll","background-type":"","background-media":"","overlay-type":"","overlay-color":"","overlay-opacity":"","overlay-gradient":""},"tablet":{"background-color":"var(--ast-global-color-5)","background-image":"","background-repeat":"repeat","background-position":"center center","background-size":"auto","background-attachment":"scroll","background-type":"","background-media":"","overlay-type":"","overlay-color":"","overlay-opacity":"","overlay-gradient":""},"mobile":{"background-color":"var(--ast-global-color-5)","background-image":"","background-repeat":"repeat","background-position":"center center","background-size":"auto","background-attachment":"scroll","background-type":"","background-media":"","overlay-type":"","overlay-color":"","overlay-opacity":"","overlay-gradient":""}},"_joinchat":[]},"product_brand":[],"product_cat":[82,539],"product_tag":[],"class_list":{"0":"post-35799","1":"product","2":"type-product","3":"status-publish","4":"has-post-thumbnail","6":"product_cat-fragrances","7":"product_cat-sample-pack","8":"desktop-align-left","9":"tablet-align-left","10":"mobile-align-left","11":"ast-product-gallery-layout-horizontal-slider","12":"ast-product-gallery-with-no-image","13":"ast-product-tabs-layout-accordion","14":"ast-qv-on-image","16":"first","17":"outofstock","18":"taxable","19":"shipping-taxable","20":"purchasable","21":"product-type-mix-and-match"},"_links":{"self":[{"href":"https:\/\/savifragrances.com\/es\/wp-json\/wp\/v2\/product\/35799","targetHints":{"allow":["GET"]}}],"collection":[{"href":"https:\/\/savifragrances.com\/es\/wp-json\/wp\/v2\/product"}],"about":[{"href":"https:\/\/savifragrances.com\/es\/wp-json\/wp\/v2\/types\/product"}],"replies":[{"embeddable":true,"href":"https:\/\/savifragrances.com\/es\/wp-json\/wp\/v2\/comments?post=35799"}],"wp:featuredmedia":[{"embeddable":true,"href":"https:\/\/savifragrances.com\/es\/wp-json\/wp\/v2\/media\/35801"}],"wp:attachment":[{"href":"https:\/\/savifragrances.com\/es\/wp-json\/wp\/v2\/media?parent=35799"}],"wp:term":[{"taxonomy":"product_brand","embeddable":true,"href":"https:\/\/savifragrances.com\/es\/wp-json\/wp\/v2\/product_brand?post=35799"},{"taxonomy":"product_cat","embeddable":true,"href":"https:\/\/savifragrances.com\/es\/wp-json\/wp\/v2\/product_cat?post=35799"},{"taxonomy":"product_tag","embeddable":true,"href":"https:\/\/savifragrances.com\/es\/wp-json\/wp\/v2\/product_tag?post=35799"}],"curies":[{"name":"wp","href":"https:\/\/api.w.org\/{rel}","templated":true}]}}