{"id":34114,"date":"2026-01-09T14:28:37","date_gmt":"2026-01-09T18:28:37","guid":{"rendered":"https:\/\/savifragrances.com\/?post_type=product&#038;p=34114"},"modified":"2026-03-01T01:04:13","modified_gmt":"2026-03-01T05:04:13","slug":"fresia-aterciopelada","status":"publish","type":"product","link":"https:\/\/savifragrances.com\/es\/product\/velvet-freesia\/","title":{"rendered":"Terciopelo"},"content":{"rendered":"<p><strong data-start=\"3\" data-end=\"84\">Fragancia Velvet: Una luminosa mezcla de c\u00edtricos, flores y maderas suaves<\/strong><\/p>\n<p data-start=\"86\" data-end=\"373\">Entre en un ambiente de refinada elegancia con <strong data-start=\"135\" data-end=\"153\">Terciopelo<\/strong>, Una fragancia que captura la belleza de las flores frescas envueltas en una calidez suave y aterciopelada. Unas brillantes notas c\u00edtricas abren la fragancia, dando paso a un delicado coraz\u00f3n floral y a un sofisticado fondo amaderado que perdura con gracia.<\/p>\n<p><strong data-start=\"379\" data-end=\"396\">Caracter\u00edsticas principales:<\/strong><\/p>\n<ul data-start=\"398\" data-end=\"809\">\n<li data-start=\"398\" data-end=\"535\"><strong data-start=\"400\" data-end=\"445\">Notas altas de lim\u00f3n, bergamota e higo negro:<\/strong> Una apertura fresca y radiante con una sutil profundidad afrutada que resulta vibrante y acogedora.<\/li>\n<li data-start=\"537\" data-end=\"679\"><strong data-start=\"539\" data-end=\"580\">Coraz\u00f3n de Fresco, Rosa y Peon\u00eda:<\/strong> Un elegante ramo floral que aporta suavidad, romanticismo y elegancia atemporal a la fragancia.<\/li>\n<li data-start=\"681\" data-end=\"809\"><strong data-start=\"683\" data-end=\"733\">Base de madera de cedro, \u00e1mbar, almizcle y maderas rubias:<\/strong> Una base c\u00e1lida y suave que aporta profundidad, equilibrio y un acabado refinado.<\/li>\n<\/ul>\n<p data-start=\"811\" data-end=\"981\" data-is-last-node=\"\" data-is-only-node=\"\"><strong data-start=\"811\" data-end=\"829\">Terciopelo <\/strong>es una fragancia maravillosamente equilibrada -fresca pero reconfortante, floral pero sofisticada- perfecta para crear un ambiente elegante y acogedor en cualquier espacio.<\/p>","protected":false},"excerpt":{"rendered":"<p data-start=\"68\" data-end=\"335\"><strong data-start=\"0\" data-end=\"18\" data-is-only-node=\"\">Terciopelo <\/strong>\u00a0es una elegante fragancia floral que se abre con c\u00edtricos frescos e higos, florece en fresias suaves, rosas y peon\u00edas, y termina con maderas c\u00e1lidas, \u00e1mbar y almizcle para un acabado suave y aterciopelado.<\/p>","protected":false},"featured_media":34118,"comment_status":"open","ping_status":"closed","template":"","meta":{"site-sidebar-layout":"default","site-content-layout":"","ast-site-content-layout":"default","site-content-style":"default","site-sidebar-style":"default","ast-global-header-display":"","ast-banner-title-visibility":"","ast-main-header-display":"","ast-hfb-above-header-display":"","ast-hfb-below-header-display":"","ast-hfb-mobile-header-display":"","site-post-title":"","ast-breadcrumbs-content":"","ast-featured-img":"","footer-sml-layout":"","ast-disable-related-posts":"","theme-transparent-header-meta":"default","adv-header-id-meta":"","stick-header-meta":"default","header-above-stick-meta":"","header-main-stick-meta":"","header-below-stick-meta":"","astra-migrate-meta-layouts":"set","ast-page-background-enabled":"default","ast-page-background-meta":{"desktop":{"background-color":"","background-image":"","background-repeat":"repeat","background-position":"center center","background-size":"auto","background-attachment":"scroll","background-type":"","background-media":"","overlay-type":"","overlay-color":"","overlay-opacity":"","overlay-gradient":""},"tablet":{"background-color":"","background-image":"","background-repeat":"repeat","background-position":"center center","background-size":"auto","background-attachment":"scroll","background-type":"","background-media":"","overlay-type":"","overlay-color":"","overlay-opacity":"","overlay-gradient":""},"mobile":{"background-color":"","background-image":"","background-repeat":"repeat","background-position":"center center","background-size":"auto","background-attachment":"scroll","background-type":"","background-media":"","overlay-type":"","overlay-color":"","overlay-opacity":"","overlay-gradient":""}},"ast-content-background-meta":{"desktop":{"background-color":"var(--ast-global-color-5)","background-image":"","background-repeat":"repeat","background-position":"center center","background-size":"auto","background-attachment":"scroll","background-type":"","background-media":"","overlay-type":"","overlay-color":"","overlay-opacity":"","overlay-gradient":""},"tablet":{"background-color":"var(--ast-global-color-5)","background-image":"","background-repeat":"repeat","background-position":"center center","background-size":"auto","background-attachment":"scroll","background-type":"","background-media":"","overlay-type":"","overlay-color":"","overlay-opacity":"","overlay-gradient":""},"mobile":{"background-color":"var(--ast-global-color-5)","background-image":"","background-repeat":"repeat","background-position":"center center","background-size":"auto","background-attachment":"scroll","background-type":"","background-media":"","overlay-type":"","overlay-color":"","overlay-opacity":"","overlay-gradient":""}},"_joinchat":[]},"product_brand":[],"product_cat":[82,236],"product_tag":[],"class_list":{"0":"post-34114","1":"product","2":"type-product","3":"status-publish","4":"has-post-thumbnail","6":"product_cat-fragrances","7":"product_cat-floral-fragrances","8":"desktop-align-left","9":"tablet-align-left","10":"mobile-align-left","11":"ast-product-gallery-layout-horizontal-slider","12":"ast-product-gallery-with-no-image","13":"ast-product-single-variable","14":"ast-product-tabs-layout-accordion","15":"ast-qv-on-image","17":"first","18":"instock","19":"sale","20":"taxable","21":"shipping-taxable","22":"purchasable","23":"product-type-variable"},"_links":{"self":[{"href":"https:\/\/savifragrances.com\/es\/wp-json\/wp\/v2\/product\/34114","targetHints":{"allow":["GET"]}}],"collection":[{"href":"https:\/\/savifragrances.com\/es\/wp-json\/wp\/v2\/product"}],"about":[{"href":"https:\/\/savifragrances.com\/es\/wp-json\/wp\/v2\/types\/product"}],"replies":[{"embeddable":true,"href":"https:\/\/savifragrances.com\/es\/wp-json\/wp\/v2\/comments?post=34114"}],"wp:featuredmedia":[{"embeddable":true,"href":"https:\/\/savifragrances.com\/es\/wp-json\/wp\/v2\/media\/34118"}],"wp:attachment":[{"href":"https:\/\/savifragrances.com\/es\/wp-json\/wp\/v2\/media?parent=34114"}],"wp:term":[{"taxonomy":"product_brand","embeddable":true,"href":"https:\/\/savifragrances.com\/es\/wp-json\/wp\/v2\/product_brand?post=34114"},{"taxonomy":"product_cat","embeddable":true,"href":"https:\/\/savifragrances.com\/es\/wp-json\/wp\/v2\/product_cat?post=34114"},{"taxonomy":"product_tag","embeddable":true,"href":"https:\/\/savifragrances.com\/es\/wp-json\/wp\/v2\/product_tag?post=34114"}],"curies":[{"name":"wp","href":"https:\/\/api.w.org\/{rel}","templated":true}]}}