{"id":33429,"date":"2025-11-14T10:20:51","date_gmt":"2025-11-14T14:20:51","guid":{"rendered":"https:\/\/savifragrances.com\/?post_type=product&#038;p=33429"},"modified":"2026-04-07T11:43:32","modified_gmt":"2026-04-07T15:43:32","slug":"sf-lumea-100ml-fragancia-libre","status":"publish","type":"product","link":"https:\/\/savifragrances.com\/es\/product\/sf-lumea-100ml-free-fragrance\/","title":{"rendered":"SF - LUMEA + 100ml Fragancia Gratis"},"content":{"rendered":"<ul>\n<li class=\"p1\">\n<p data-start=\"385\" data-end=\"456\"><strong data-start=\"385\" data-end=\"456\">Difusor de fragancias SF-LUMEA: Inteligente, elegante y arom\u00e1tico sin esfuerzo<\/strong><\/p>\n<p data-start=\"458\" data-end=\"854\">Eleve cualquier habitaci\u00f3n con <strong data-start=\"480\" data-end=\"492\">SF-LUMEA<\/strong>, es un difusor de aire fr\u00edo enchufable dise\u00f1ado para ofrecer sencillez, rendimiento y un estilo moderno. Compacto pero potente, ofrece niveles de intensidad ajustables y temporizadores personalizables, lo que facilita la creaci\u00f3n del ambiente perfecto en cualquier momento. Su sensor de luz integrado permite que el difusor se adapte a su entorno, mejorando la comodidad y la eficiencia energ\u00e9tica.<\/p>\n<h3 data-start=\"856\" data-end=\"879\"><strong data-start=\"860\" data-end=\"877\">Caracter\u00edsticas principales:<\/strong><\/h3>\n<ul data-start=\"880\" data-end=\"1497\">\n<li data-start=\"880\" data-end=\"990\">\n<p data-start=\"882\" data-end=\"990\"><strong data-start=\"882\" data-end=\"916\">Tecnolog\u00eda de difusi\u00f3n de aire fr\u00edo:<\/strong> Conserva la calidad de la fragancia y proporciona un aroma limpio y uniforme.<\/p>\n<\/li>\n<li data-start=\"991\" data-end=\"1073\">\n<p data-start=\"993\" data-end=\"1073\"><strong data-start=\"993\" data-end=\"1024\">Intensidad de aroma ajustable:<\/strong> Elija el nivel perfecto para cualquier habitaci\u00f3n o estado de \u00e1nimo.<\/p>\n<\/li>\n<li data-start=\"1074\" data-end=\"1151\">\n<p data-start=\"1076\" data-end=\"1151\"><strong data-start=\"1076\" data-end=\"1113\">1H \/ 2H \/ 3H \/ 8H Ajustes del temporizador:<\/strong> Totalmente adaptable a su rutina.<\/p>\n<\/li>\n<li data-start=\"1152\" data-end=\"1213\">\n<p data-start=\"1154\" data-end=\"1213\"><strong data-start=\"1154\" data-end=\"1172\">Capacidad de 50 ml:<\/strong> Tama\u00f1o compacto con difusi\u00f3n eficaz.<\/p>\n<\/li>\n<li data-start=\"1214\" data-end=\"1297\">\n<p data-start=\"1216\" data-end=\"1297\"><strong data-start=\"1216\" data-end=\"1239\">Sensor de luz inteligente:<\/strong> Ajusta autom\u00e1ticamente el funcionamiento en funci\u00f3n de la luz ambiental.<\/p>\n<\/li>\n<li data-start=\"1298\" data-end=\"1400\">\n<p data-start=\"1300\" data-end=\"1400\"><strong data-start=\"1300\" data-end=\"1319\">Dise\u00f1o enchufable:<\/strong> Simple, elegante e ideal para dormitorios, ba\u00f1os, pasillos, oficinas y mucho m\u00e1s.<\/p>\n<\/li>\n<li data-start=\"1401\" data-end=\"1497\">\n<p data-start=\"1403\" data-end=\"1497\"><strong data-start=\"1403\" data-end=\"1437\">Incluye 100 ml de fragancia GRATIS:<\/strong> Elija su aroma favorito para empezar a disfrutar inmediatamente.<\/p>\n<\/li>\n<\/ul>\n<p data-start=\"1499\" data-end=\"1668\"><strong data-start=\"1499\" data-end=\"1511\">SF-LUMEA<\/strong> ofrece una fragancia sin esfuerzo con una comodidad moderna, perfecta para cualquiera que busque mejorar su espacio con estilo, sencillez y difusi\u00f3n de fragancias de primera calidad.<\/p>\n<\/li>\n<\/ul>","protected":false},"excerpt":{"rendered":"<p><strong data-start=\"140\" data-end=\"152\">SF-LUMEA<\/strong> es un difusor de aromas inteligente con tecnolog\u00eda de aire fr\u00edo, intensidad de aroma ajustable, opciones de temporizador y sensor de luz para funcionamiento autom\u00e1tico. Incluye un <strong data-start=\"311\" data-end=\"335\">100 ml de fragancia gratis<\/strong> de su elecci\u00f3n.<\/p>","protected":false},"featured_media":33431,"comment_status":"open","ping_status":"closed","template":"","meta":{"site-sidebar-layout":"default","site-content-layout":"","ast-site-content-layout":"default","site-content-style":"default","site-sidebar-style":"default","ast-global-header-display":"","ast-banner-title-visibility":"","ast-main-header-display":"","ast-hfb-above-header-display":"","ast-hfb-below-header-display":"","ast-hfb-mobile-header-display":"","site-post-title":"","ast-breadcrumbs-content":"","ast-featured-img":"","footer-sml-layout":"","ast-disable-related-posts":"","theme-transparent-header-meta":"default","adv-header-id-meta":"","stick-header-meta":"default","header-above-stick-meta":"","header-main-stick-meta":"","header-below-stick-meta":"","astra-migrate-meta-layouts":"set","ast-page-background-enabled":"default","ast-page-background-meta":{"desktop":{"background-color":"","background-image":"","background-repeat":"repeat","background-position":"center center","background-size":"auto","background-attachment":"scroll","background-type":"","background-media":"","overlay-type":"","overlay-color":"","overlay-opacity":"","overlay-gradient":""},"tablet":{"background-color":"","background-image":"","background-repeat":"repeat","background-position":"center center","background-size":"auto","background-attachment":"scroll","background-type":"","background-media":"","overlay-type":"","overlay-color":"","overlay-opacity":"","overlay-gradient":""},"mobile":{"background-color":"","background-image":"","background-repeat":"repeat","background-position":"center center","background-size":"auto","background-attachment":"scroll","background-type":"","background-media":"","overlay-type":"","overlay-color":"","overlay-opacity":"","overlay-gradient":""}},"ast-content-background-meta":{"desktop":{"background-color":"var(--ast-global-color-5)","background-image":"","background-repeat":"repeat","background-position":"center center","background-size":"auto","background-attachment":"scroll","background-type":"","background-media":"","overlay-type":"","overlay-color":"","overlay-opacity":"","overlay-gradient":""},"tablet":{"background-color":"var(--ast-global-color-5)","background-image":"","background-repeat":"repeat","background-position":"center center","background-size":"auto","background-attachment":"scroll","background-type":"","background-media":"","overlay-type":"","overlay-color":"","overlay-opacity":"","overlay-gradient":""},"mobile":{"background-color":"var(--ast-global-color-5)","background-image":"","background-repeat":"repeat","background-position":"center center","background-size":"auto","background-attachment":"scroll","background-type":"","background-media":"","overlay-type":"","overlay-color":"","overlay-opacity":"","overlay-gradient":""}},"_joinchat":[]},"product_brand":[],"product_cat":[93],"product_tag":[],"class_list":{"0":"post-33429","1":"product","2":"type-product","3":"status-publish","4":"has-post-thumbnail","6":"product_cat-home-diffusers","7":"desktop-align-left","8":"tablet-align-left","9":"mobile-align-left","10":"ast-product-gallery-layout-horizontal-slider","11":"ast-product-single-variable","12":"ast-product-tabs-layout-accordion","13":"ast-qv-on-image","15":"first","16":"instock","17":"taxable","18":"shipping-taxable","19":"purchasable","20":"product-type-variable"},"_links":{"self":[{"href":"https:\/\/savifragrances.com\/es\/wp-json\/wp\/v2\/product\/33429","targetHints":{"allow":["GET"]}}],"collection":[{"href":"https:\/\/savifragrances.com\/es\/wp-json\/wp\/v2\/product"}],"about":[{"href":"https:\/\/savifragrances.com\/es\/wp-json\/wp\/v2\/types\/product"}],"replies":[{"embeddable":true,"href":"https:\/\/savifragrances.com\/es\/wp-json\/wp\/v2\/comments?post=33429"}],"wp:featuredmedia":[{"embeddable":true,"href":"https:\/\/savifragrances.com\/es\/wp-json\/wp\/v2\/media\/33431"}],"wp:attachment":[{"href":"https:\/\/savifragrances.com\/es\/wp-json\/wp\/v2\/media?parent=33429"}],"wp:term":[{"taxonomy":"product_brand","embeddable":true,"href":"https:\/\/savifragrances.com\/es\/wp-json\/wp\/v2\/product_brand?post=33429"},{"taxonomy":"product_cat","embeddable":true,"href":"https:\/\/savifragrances.com\/es\/wp-json\/wp\/v2\/product_cat?post=33429"},{"taxonomy":"product_tag","embeddable":true,"href":"https:\/\/savifragrances.com\/es\/wp-json\/wp\/v2\/product_tag?post=33429"}],"curies":[{"name":"wp","href":"https:\/\/api.w.org\/{rel}","templated":true}]}}