{"id":32770,"date":"2025-09-24T14:45:15","date_gmt":"2025-09-24T18:45:15","guid":{"rendered":"https:\/\/savifragrances.com\/?post_type=product&#038;p=32770"},"modified":"2025-09-24T14:50:54","modified_gmt":"2025-09-24T18:50:54","slug":"te-blanco","status":"publish","type":"product","link":"https:\/\/savifragrances.com\/es\/product\/white-tea\/","title":{"rendered":"T\u00e9 blanco"},"content":{"rendered":"<p data-start=\"382\" data-end=\"485\"><strong data-start=\"406\" data-end=\"483\">Fragancia T\u00e9 Blanco: Una serena armon\u00eda de frescura, elegancia y confort<\/strong><\/p>\n<p data-start=\"487\" data-end=\"729\">Entre en la tranquilidad con <em data-start=\"514\" data-end=\"525\">T\u00e9 blanco<\/em>Una fragancia que captura la serena pureza de la naturaleza. Dise\u00f1ado para refrescar los sentidos y elevar cualquier espacio, logra un equilibrio perfecto entre el brillo de los c\u00edtricos, la claridad de las hierbas y las delicadas flores.<\/p>\n<p data-start=\"731\" data-end=\"750\"><strong data-start=\"731\" data-end=\"748\">Caracter\u00edsticas principales:<\/strong><\/p>\n<ul data-start=\"751\" data-end=\"1066\">\n<li data-start=\"751\" data-end=\"849\">\n<p data-start=\"753\" data-end=\"849\"><strong data-start=\"753\" data-end=\"792\">Notas altas de mandarina y hoja de lim\u00f3n:<\/strong> Una apertura fresca y vigorizante que despierta los sentidos.<\/p>\n<\/li>\n<li data-start=\"850\" data-end=\"959\">\n<p data-start=\"852\" data-end=\"959\"><strong data-start=\"852\" data-end=\"891\">Coraz\u00f3n de t\u00e9 blanco, salvia y jazm\u00edn:<\/strong> Una mezcla serena y elegante que irradia calma y sofisticaci\u00f3n.<\/p>\n<\/li>\n<li data-start=\"960\" data-end=\"1066\">\n<p data-start=\"962\" data-end=\"1066\"><strong data-start=\"962\" data-end=\"994\">Base de n\u00e9ctar de agave y almizcle:<\/strong> Un final suave y reconfortante con un sutil dulzor y una calidez aterciopelada.<\/p>\n<\/li>\n<\/ul>\n<p data-start=\"1068\" data-end=\"1256\"><em data-start=\"1068\" data-end=\"1079\">T\u00e9 blanco<\/em> es una fragancia refinada que encarna la elegancia y la sencillez, perfecta para crear un ambiente relajante y estimulante en casa, en la oficina o en cualquier espacio que necesite serenidad.<\/p>","protected":false},"excerpt":{"rendered":"<p data-start=\"68\" data-end=\"335\">Una mezcla relajante y refrescante donde la mandarina y la hoja de lim\u00f3n se abren a un coraz\u00f3n de t\u00e9 blanco, salvia y jazm\u00edn, que descansa sobre una suave base de n\u00e9ctar de agave y almizcle.<\/p>","protected":false},"featured_media":32769,"comment_status":"open","ping_status":"closed","template":"","meta":{"site-sidebar-layout":"default","site-content-layout":"","ast-site-content-layout":"default","site-content-style":"default","site-sidebar-style":"default","ast-global-header-display":"","ast-banner-title-visibility":"","ast-main-header-display":"","ast-hfb-above-header-display":"","ast-hfb-below-header-display":"","ast-hfb-mobile-header-display":"","site-post-title":"","ast-breadcrumbs-content":"","ast-featured-img":"","footer-sml-layout":"","ast-disable-related-posts":"","theme-transparent-header-meta":"default","adv-header-id-meta":"","stick-header-meta":"default","header-above-stick-meta":"","header-main-stick-meta":"","header-below-stick-meta":"","astra-migrate-meta-layouts":"set","ast-page-background-enabled":"default","ast-page-background-meta":{"desktop":{"background-color":"","background-image":"","background-repeat":"repeat","background-position":"center center","background-size":"auto","background-attachment":"scroll","background-type":"","background-media":"","overlay-type":"","overlay-color":"","overlay-opacity":"","overlay-gradient":""},"tablet":{"background-color":"","background-image":"","background-repeat":"repeat","background-position":"center center","background-size":"auto","background-attachment":"scroll","background-type":"","background-media":"","overlay-type":"","overlay-color":"","overlay-opacity":"","overlay-gradient":""},"mobile":{"background-color":"","background-image":"","background-repeat":"repeat","background-position":"center center","background-size":"auto","background-attachment":"scroll","background-type":"","background-media":"","overlay-type":"","overlay-color":"","overlay-opacity":"","overlay-gradient":""}},"ast-content-background-meta":{"desktop":{"background-color":"var(--ast-global-color-5)","background-image":"","background-repeat":"repeat","background-position":"center center","background-size":"auto","background-attachment":"scroll","background-type":"","background-media":"","overlay-type":"","overlay-color":"","overlay-opacity":"","overlay-gradient":""},"tablet":{"background-color":"var(--ast-global-color-5)","background-image":"","background-repeat":"repeat","background-position":"center center","background-size":"auto","background-attachment":"scroll","background-type":"","background-media":"","overlay-type":"","overlay-color":"","overlay-opacity":"","overlay-gradient":""},"mobile":{"background-color":"var(--ast-global-color-5)","background-image":"","background-repeat":"repeat","background-position":"center center","background-size":"auto","background-attachment":"scroll","background-type":"","background-media":"","overlay-type":"","overlay-color":"","overlay-opacity":"","overlay-gradient":""}},"_joinchat":[]},"product_brand":[],"product_cat":[82,235,236],"product_tag":[],"class_list":{"0":"post-32770","1":"product","2":"type-product","3":"status-publish","4":"has-post-thumbnail","6":"product_cat-fragrances","7":"product_cat-citrus-fragrances","8":"product_cat-floral-fragrances","9":"desktop-align-left","10":"tablet-align-left","11":"mobile-align-left","12":"ast-product-gallery-layout-horizontal-slider","13":"ast-product-gallery-with-no-image","14":"ast-product-single-variable","15":"ast-product-tabs-layout-accordion","16":"ast-qv-on-image","18":"first","19":"instock","20":"sale","21":"taxable","22":"shipping-taxable","23":"purchasable","24":"product-type-variable"},"_links":{"self":[{"href":"https:\/\/savifragrances.com\/es\/wp-json\/wp\/v2\/product\/32770","targetHints":{"allow":["GET"]}}],"collection":[{"href":"https:\/\/savifragrances.com\/es\/wp-json\/wp\/v2\/product"}],"about":[{"href":"https:\/\/savifragrances.com\/es\/wp-json\/wp\/v2\/types\/product"}],"replies":[{"embeddable":true,"href":"https:\/\/savifragrances.com\/es\/wp-json\/wp\/v2\/comments?post=32770"}],"wp:featuredmedia":[{"embeddable":true,"href":"https:\/\/savifragrances.com\/es\/wp-json\/wp\/v2\/media\/32769"}],"wp:attachment":[{"href":"https:\/\/savifragrances.com\/es\/wp-json\/wp\/v2\/media?parent=32770"}],"wp:term":[{"taxonomy":"product_brand","embeddable":true,"href":"https:\/\/savifragrances.com\/es\/wp-json\/wp\/v2\/product_brand?post=32770"},{"taxonomy":"product_cat","embeddable":true,"href":"https:\/\/savifragrances.com\/es\/wp-json\/wp\/v2\/product_cat?post=32770"},{"taxonomy":"product_tag","embeddable":true,"href":"https:\/\/savifragrances.com\/es\/wp-json\/wp\/v2\/product_tag?post=32770"}],"curies":[{"name":"wp","href":"https:\/\/api.w.org\/{rel}","templated":true}]}}