{"id":32681,"date":"2025-09-18T15:36:35","date_gmt":"2025-09-18T19:36:35","guid":{"rendered":"https:\/\/savifragrances.com\/?post_type=product&#038;p=32681"},"modified":"2026-01-10T18:04:01","modified_gmt":"2026-01-10T22:04:01","slug":"espiritu-navideno","status":"publish","type":"product","link":"https:\/\/savifragrances.com\/es\/product\/christmas-sprit\/","title":{"rendered":"Esp\u00edritu navide\u00f1o"},"content":{"rendered":"<p data-start=\"543\" data-end=\"653\"><strong data-start=\"567\" data-end=\"651\">Fragancia Esp\u00edritu Navide\u00f1o: Una celebraci\u00f3n nost\u00e1lgica del calor festivo y la naturaleza<\/strong><\/p>\n<p data-start=\"655\" data-end=\"940\">Sum\u00e9rjase en el encanto intemporal de las fiestas con <em data-start=\"715\" data-end=\"733\">Esp\u00edritu navide\u00f1o<\/em>Una fragancia que combina la luminosidad del verdor invernal con la dulzura de las bayas de temporada. Dise\u00f1ado para llenar su espacio de alegr\u00eda festiva, captura la frescura y la calidez en perfecto equilibrio.<\/p>\n<p data-start=\"942\" data-end=\"961\"><strong data-start=\"942\" data-end=\"959\">Caracter\u00edsticas principales:<\/strong><\/p>\n<ul data-start=\"962\" data-end=\"1338\">\n<li data-start=\"962\" data-end=\"1087\">\n<p data-start=\"964\" data-end=\"1087\"><strong data-start=\"964\" data-end=\"1008\">Notas altas de eucalipto y bayas rojas:<\/strong> Una apertura chispeante con frambuesa confitada, ar\u00e1ndano y eucalipto crujiente.<\/p>\n<\/li>\n<li data-start=\"1088\" data-end=\"1207\">\n<p data-start=\"1090\" data-end=\"1207\"><strong data-start=\"1090\" data-end=\"1120\">Coraz\u00f3n de pino y cipr\u00e9s:<\/strong> Las pi\u00f1as escarchadas y el cipr\u00e9s fresco aportan profundidad y un ambiente navide\u00f1o siempre verde.<\/p>\n<\/li>\n<li data-start=\"1208\" data-end=\"1338\">\n<p data-start=\"1210\" data-end=\"1338\"><strong data-start=\"1210\" data-end=\"1236\">Base de Abeto y Maderas:<\/strong> El b\u00e1lsamo de abeto, la con\u00edfera dulce y la parra terrosa evocan la calidez de una corona navide\u00f1a tradicional.<\/p>\n<\/li>\n<\/ul>\n<p data-start=\"1340\" data-end=\"1486\"><em data-start=\"1340\" data-end=\"1358\">Esp\u00edritu navide\u00f1o<\/em> es la fragancia navide\u00f1a definitiva, que ofrece un aroma alegre, acogedor y atemporal que hace que cada momento parezca Navidad.<\/p>","protected":false},"excerpt":{"rendered":"<p data-start=\"68\" data-end=\"335\">Un abrazo festivo de eucalipto chispeante y dulces bayas rojas. En el coraz\u00f3n, pi\u00f1as escarchadas y cipr\u00e9s fresco aportan un encanto navide\u00f1o natural, descansando sobre una acogedora base de b\u00e1lsamo de abeto y con\u00edferas le\u00f1osas.<\/p>","protected":false},"featured_media":32674,"comment_status":"open","ping_status":"closed","template":"","meta":{"site-sidebar-layout":"default","site-content-layout":"","ast-site-content-layout":"default","site-content-style":"default","site-sidebar-style":"default","ast-global-header-display":"","ast-banner-title-visibility":"","ast-main-header-display":"","ast-hfb-above-header-display":"","ast-hfb-below-header-display":"","ast-hfb-mobile-header-display":"","site-post-title":"","ast-breadcrumbs-content":"","ast-featured-img":"","footer-sml-layout":"","ast-disable-related-posts":"","theme-transparent-header-meta":"default","adv-header-id-meta":"","stick-header-meta":"default","header-above-stick-meta":"","header-main-stick-meta":"","header-below-stick-meta":"","astra-migrate-meta-layouts":"set","ast-page-background-enabled":"default","ast-page-background-meta":{"desktop":{"background-color":"","background-image":"","background-repeat":"repeat","background-position":"center center","background-size":"auto","background-attachment":"scroll","background-type":"","background-media":"","overlay-type":"","overlay-color":"","overlay-opacity":"","overlay-gradient":""},"tablet":{"background-color":"","background-image":"","background-repeat":"repeat","background-position":"center center","background-size":"auto","background-attachment":"scroll","background-type":"","background-media":"","overlay-type":"","overlay-color":"","overlay-opacity":"","overlay-gradient":""},"mobile":{"background-color":"","background-image":"","background-repeat":"repeat","background-position":"center center","background-size":"auto","background-attachment":"scroll","background-type":"","background-media":"","overlay-type":"","overlay-color":"","overlay-opacity":"","overlay-gradient":""}},"ast-content-background-meta":{"desktop":{"background-color":"var(--ast-global-color-5)","background-image":"","background-repeat":"repeat","background-position":"center center","background-size":"auto","background-attachment":"scroll","background-type":"","background-media":"","overlay-type":"","overlay-color":"","overlay-opacity":"","overlay-gradient":""},"tablet":{"background-color":"var(--ast-global-color-5)","background-image":"","background-repeat":"repeat","background-position":"center center","background-size":"auto","background-attachment":"scroll","background-type":"","background-media":"","overlay-type":"","overlay-color":"","overlay-opacity":"","overlay-gradient":""},"mobile":{"background-color":"var(--ast-global-color-5)","background-image":"","background-repeat":"repeat","background-position":"center center","background-size":"auto","background-attachment":"scroll","background-type":"","background-media":"","overlay-type":"","overlay-color":"","overlay-opacity":"","overlay-gradient":""}},"_joinchat":[]},"product_brand":[],"product_cat":[82,441],"product_tag":[],"class_list":{"0":"post-32681","1":"product","2":"type-product","3":"status-publish","4":"has-post-thumbnail","6":"product_cat-fragrances","7":"product_cat-holiday-fragrances","8":"desktop-align-left","9":"tablet-align-left","10":"mobile-align-left","11":"ast-product-gallery-layout-horizontal-slider","12":"ast-product-gallery-with-no-image","13":"ast-product-single-variable","14":"ast-product-tabs-layout-accordion","15":"ast-qv-on-image","17":"first","18":"instock","19":"sale","20":"taxable","21":"shipping-taxable","22":"purchasable","23":"product-type-variable"},"_links":{"self":[{"href":"https:\/\/savifragrances.com\/es\/wp-json\/wp\/v2\/product\/32681","targetHints":{"allow":["GET"]}}],"collection":[{"href":"https:\/\/savifragrances.com\/es\/wp-json\/wp\/v2\/product"}],"about":[{"href":"https:\/\/savifragrances.com\/es\/wp-json\/wp\/v2\/types\/product"}],"replies":[{"embeddable":true,"href":"https:\/\/savifragrances.com\/es\/wp-json\/wp\/v2\/comments?post=32681"}],"wp:featuredmedia":[{"embeddable":true,"href":"https:\/\/savifragrances.com\/es\/wp-json\/wp\/v2\/media\/32674"}],"wp:attachment":[{"href":"https:\/\/savifragrances.com\/es\/wp-json\/wp\/v2\/media?parent=32681"}],"wp:term":[{"taxonomy":"product_brand","embeddable":true,"href":"https:\/\/savifragrances.com\/es\/wp-json\/wp\/v2\/product_brand?post=32681"},{"taxonomy":"product_cat","embeddable":true,"href":"https:\/\/savifragrances.com\/es\/wp-json\/wp\/v2\/product_cat?post=32681"},{"taxonomy":"product_tag","embeddable":true,"href":"https:\/\/savifragrances.com\/es\/wp-json\/wp\/v2\/product_tag?post=32681"}],"curies":[{"name":"wp","href":"https:\/\/api.w.org\/{rel}","templated":true}]}}