{"id":32464,"date":"2025-08-26T13:00:12","date_gmt":"2025-08-26T17:00:12","guid":{"rendered":"https:\/\/savifragrances.com\/?post_type=product&#038;p=32464"},"modified":"2025-11-19T23:51:17","modified_gmt":"2025-11-20T03:51:17","slug":"armonia","status":"publish","type":"product","link":"https:\/\/savifragrances.com\/es\/product\/harmony\/","title":{"rendered":"Armon\u00eda"},"content":{"rendered":"<h4 data-start=\"153\" data-end=\"240\">Fragancia Armon\u00eda: Una Serena Mezcla de Calma Floral, Dulce Resplandor y C\u00e1lida Elegancia<\/h4>\n<p data-start=\"242\" data-end=\"526\">Sum\u00e9rjase en la tranquilidad con <strong data-start=\"279\" data-end=\"290\">Armon\u00eda<\/strong>Una fragancia que captura la relajante esencia de la lavanda envuelta en capas de dulzura y calidez. Dise\u00f1ado para equilibrar la serenidad con la sofisticaci\u00f3n, este aroma se despliega con gracia, dejando un aura duradera de confort y refinamiento.<\/p>\n<h4 data-start=\"528\" data-end=\"547\">Caracter\u00edsticas principales:<\/h4>\n<ul data-start=\"549\" data-end=\"1024\">\n<li data-start=\"549\" data-end=\"718\">\n<p data-start=\"551\" data-end=\"718\"><strong data-start=\"551\" data-end=\"594\">Notas altas de frutas dulces y lavanda:<\/strong> Se abre con un radiante estallido de frutas jugosas, delicadamente entrelazadas con lavanda calmante para un comienzo fresco y estimulante.<\/p>\n<\/li>\n<li data-start=\"719\" data-end=\"886\">\n<p data-start=\"721\" data-end=\"886\"><strong data-start=\"721\" data-end=\"752\">Coraz\u00f3n de lavanda y almizcle:<\/strong> La fragancia evoluciona hacia un coraz\u00f3n suave y arom\u00e1tico donde la pureza floral de la lavanda se funde a la perfecci\u00f3n con el suave abrazo del almizcle.<\/p>\n<\/li>\n<li data-start=\"887\" data-end=\"1024\">\n<p data-start=\"889\" data-end=\"1024\"><strong data-start=\"889\" data-end=\"922\">Notas de fondo de \u00e1mbar y almizcle:<\/strong> Un final c\u00e1lido y dorado de \u00e1mbar enriquecido con almizcle aterciopelado da profundidad y elegancia al secado.<\/p>\n<\/li>\n<\/ul>\n<p data-start=\"1026\" data-end=\"1174\"><strong data-start=\"1026\" data-end=\"1037\">Armon\u00eda<\/strong> es una celebraci\u00f3n del equilibrio y la serenidad, la fragancia perfecta para quienes buscan frescura y calidez en su aroma diario.<\/p>\n<ul data-start=\"1176\" data-end=\"1475\">\n<li data-start=\"1176\" data-end=\"1281\">\n<p data-start=\"1178\" data-end=\"1281\"><strong data-start=\"1178\" data-end=\"1207\">Calmante pero vigorizante:<\/strong> Ideal para momentos de relajaci\u00f3n, pero lo suficientemente vers\u00e1til para cualquier ocasi\u00f3n.<\/p>\n<\/li>\n<li data-start=\"1282\" data-end=\"1371\">\n<p data-start=\"1284\" data-end=\"1371\"><strong data-start=\"1284\" data-end=\"1310\">Presencia duradera:<\/strong> Elaborado por expertos para perdurar con elegancia hora tras hora.<\/p>\n<\/li>\n<li data-start=\"1372\" data-end=\"1475\">\n<p data-start=\"1374\" data-end=\"1475\"><strong data-start=\"1374\" data-end=\"1399\">Presentaci\u00f3n refinada:<\/strong> Envuelto en un elegante frasco que encarna la sofisticaci\u00f3n atemporal.<\/p>\n<\/li>\n<\/ul>\n<p data-start=\"1477\" data-end=\"1660\">Experimente la esencia de <strong data-start=\"1503\" data-end=\"1514\">Armon\u00eda<\/strong>donde el toque apacible de la lavanda se une al brillo afrutado y a un final dorado y almizclado, creando una fragancia que calma, eleva y encanta.<\/p>","protected":false},"excerpt":{"rendered":"<p data-start=\"68\" data-end=\"335\"><strong data-start=\"351\" data-end=\"372\">Fragancia Harmony<\/strong> combina la calma floral de <strong data-start=\"401\" data-end=\"413\">Lavanda<\/strong> con la radiante dulzura de <strong data-start=\"444\" data-end=\"454\">Frutas<\/strong>, envuelto en c\u00e1lido <strong data-start=\"472\" data-end=\"481\">\u00c1mbar<\/strong> y suave <strong data-start=\"491\" data-end=\"499\">Almizcle<\/strong>. Una fragancia equilibrada, vers\u00e1til y duradera que aporta serenidad y sofisticaci\u00f3n a cada momento.<\/p>","protected":false},"featured_media":32463,"comment_status":"open","ping_status":"closed","template":"","meta":{"site-sidebar-layout":"default","site-content-layout":"","ast-site-content-layout":"default","site-content-style":"default","site-sidebar-style":"default","ast-global-header-display":"","ast-banner-title-visibility":"","ast-main-header-display":"","ast-hfb-above-header-display":"","ast-hfb-below-header-display":"","ast-hfb-mobile-header-display":"","site-post-title":"","ast-breadcrumbs-content":"","ast-featured-img":"","footer-sml-layout":"","ast-disable-related-posts":"","theme-transparent-header-meta":"default","adv-header-id-meta":"","stick-header-meta":"default","header-above-stick-meta":"","header-main-stick-meta":"","header-below-stick-meta":"","astra-migrate-meta-layouts":"set","ast-page-background-enabled":"default","ast-page-background-meta":{"desktop":{"background-color":"","background-image":"","background-repeat":"repeat","background-position":"center center","background-size":"auto","background-attachment":"scroll","background-type":"","background-media":"","overlay-type":"","overlay-color":"","overlay-opacity":"","overlay-gradient":""},"tablet":{"background-color":"","background-image":"","background-repeat":"repeat","background-position":"center center","background-size":"auto","background-attachment":"scroll","background-type":"","background-media":"","overlay-type":"","overlay-color":"","overlay-opacity":"","overlay-gradient":""},"mobile":{"background-color":"","background-image":"","background-repeat":"repeat","background-position":"center center","background-size":"auto","background-attachment":"scroll","background-type":"","background-media":"","overlay-type":"","overlay-color":"","overlay-opacity":"","overlay-gradient":""}},"ast-content-background-meta":{"desktop":{"background-color":"var(--ast-global-color-5)","background-image":"","background-repeat":"repeat","background-position":"center center","background-size":"auto","background-attachment":"scroll","background-type":"","background-media":"","overlay-type":"","overlay-color":"","overlay-opacity":"","overlay-gradient":""},"tablet":{"background-color":"var(--ast-global-color-5)","background-image":"","background-repeat":"repeat","background-position":"center center","background-size":"auto","background-attachment":"scroll","background-type":"","background-media":"","overlay-type":"","overlay-color":"","overlay-opacity":"","overlay-gradient":""},"mobile":{"background-color":"var(--ast-global-color-5)","background-image":"","background-repeat":"repeat","background-position":"center center","background-size":"auto","background-attachment":"scroll","background-type":"","background-media":"","overlay-type":"","overlay-color":"","overlay-opacity":"","overlay-gradient":""}},"_joinchat":[]},"product_brand":[],"product_cat":[82],"product_tag":[],"class_list":{"0":"post-32464","1":"product","2":"type-product","3":"status-publish","4":"has-post-thumbnail","6":"product_cat-fragrances","7":"desktop-align-left","8":"tablet-align-left","9":"mobile-align-left","10":"ast-product-gallery-layout-horizontal-slider","11":"ast-product-gallery-with-no-image","12":"ast-product-single-variable","13":"ast-product-tabs-layout-accordion","14":"ast-qv-on-image","16":"first","17":"instock","18":"sale","19":"taxable","20":"shipping-taxable","21":"purchasable","22":"product-type-variable"},"_links":{"self":[{"href":"https:\/\/savifragrances.com\/es\/wp-json\/wp\/v2\/product\/32464","targetHints":{"allow":["GET"]}}],"collection":[{"href":"https:\/\/savifragrances.com\/es\/wp-json\/wp\/v2\/product"}],"about":[{"href":"https:\/\/savifragrances.com\/es\/wp-json\/wp\/v2\/types\/product"}],"replies":[{"embeddable":true,"href":"https:\/\/savifragrances.com\/es\/wp-json\/wp\/v2\/comments?post=32464"}],"wp:featuredmedia":[{"embeddable":true,"href":"https:\/\/savifragrances.com\/es\/wp-json\/wp\/v2\/media\/32463"}],"wp:attachment":[{"href":"https:\/\/savifragrances.com\/es\/wp-json\/wp\/v2\/media?parent=32464"}],"wp:term":[{"taxonomy":"product_brand","embeddable":true,"href":"https:\/\/savifragrances.com\/es\/wp-json\/wp\/v2\/product_brand?post=32464"},{"taxonomy":"product_cat","embeddable":true,"href":"https:\/\/savifragrances.com\/es\/wp-json\/wp\/v2\/product_cat?post=32464"},{"taxonomy":"product_tag","embeddable":true,"href":"https:\/\/savifragrances.com\/es\/wp-json\/wp\/v2\/product_tag?post=32464"}],"curies":[{"name":"wp","href":"https:\/\/api.w.org\/{rel}","templated":true}]}}