{"id":32015,"date":"2025-07-23T16:18:40","date_gmt":"2025-07-23T20:18:40","guid":{"rendered":"https:\/\/savifragrances.com\/?post_type=product&#038;p=32015"},"modified":"2026-02-13T12:36:45","modified_gmt":"2026-02-13T16:36:45","slug":"sf-aura-difusor-de-titanio","status":"publish","type":"product","link":"https:\/\/savifragrances.com\/es\/product\/sf-aura-titanium-diffuser\/","title":{"rendered":"Difusor de titanio SF-Aura"},"content":{"rendered":"<p data-start=\"429\" data-end=\"765\">Experimente una aromatizaci\u00f3n refinada en cualquier lugar con el difusor de titanio SF-Aura, un difusor de fragancias compacto e inal\u00e1mbrico fabricado en aluminio de primera calidad para ofrecer un aspecto elegante y moderno. Dise\u00f1ado para ofrecer portabilidad y rendimiento, esta elegante unidad se adapta perfectamente a espacios peque\u00f1os como coches, oficinas, dormitorios o mostradores de tiendas.<\/p>\n<p data-start=\"767\" data-end=\"1035\">Disponible en negro, dorado y plateado, incorpora una bater\u00eda recargable que funciona durante varios d\u00edas con una sola carga. El SF-Aura ofrece tres niveles de funcionamiento controlados por una sencilla interfaz de dos botones, lo que le permite personalizar la intensidad del aroma sin esfuerzo.<\/p>\n<p data-start=\"1037\" data-end=\"1285\">Disfrute de la eficacia limpia de la difusi\u00f3n de aire fr\u00edo sin agua ni calor, preservando la integridad de sus aceites de fragancia. La botella interna de 20 ml proporciona un aroma duradero, y el dispositivo funciona silenciosamente a \u226440dba para una relajaci\u00f3n sin molestias.<\/p>\n<p data-start=\"1037\" data-end=\"1285\"><strong style=\"font-size: 16px\" data-start=\"1289\" data-end=\"1305\">Tenga en cuenta lo siguiente:<\/strong><span style=\"font-size: 16px\"> El aceite de fragancia es <\/span><strong style=\"font-size: 16px\" data-start=\"1323\" data-end=\"1339\">no incluido<\/strong><span style=\"font-size: 16px\"> y deben adquirirse por separado.<\/span><\/p>\n<h4 data-start=\"1380\" data-end=\"1403\">Especificaciones:<\/h4>\n<ul data-start=\"1405\" data-end=\"1984\">\n<li data-start=\"1405\" data-end=\"1453\">\n<p data-start=\"1407\" data-end=\"1453\"><strong data-start=\"1407\" data-end=\"1417\">Modelo:<\/strong> Y-Air (difusor de titanio SF-Aura)<\/p>\n<\/li>\n<li data-start=\"1454\" data-end=\"1489\">\n<p data-start=\"1456\" data-end=\"1489\"><strong data-start=\"1456\" data-end=\"1467\">Colores:<\/strong> Negro, Oro, Plata<\/p>\n<\/li>\n<li data-start=\"1490\" data-end=\"1516\">\n<p data-start=\"1492\" data-end=\"1516\"><strong data-start=\"1492\" data-end=\"1505\">Material:<\/strong> Aluminio<\/p>\n<\/li>\n<li data-start=\"1517\" data-end=\"1536\">\n<p data-start=\"1519\" data-end=\"1536\"><strong data-start=\"1519\" data-end=\"1529\">Poder:<\/strong> 3.3W<\/p>\n<\/li>\n<li data-start=\"1537\" data-end=\"1566\">\n<p data-start=\"1539\" data-end=\"1566\"><strong data-start=\"1539\" data-end=\"1551\">Bater\u00eda:<\/strong> Recargable<\/p>\n<\/li>\n<li data-start=\"1567\" data-end=\"1618\">\n<p data-start=\"1569\" data-end=\"1618\"><strong data-start=\"1569\" data-end=\"1588\">M\u00e9todo de control:<\/strong> Bot\u00f3n (interfaz de 2 botones)<\/p>\n<\/li>\n<li data-start=\"1619\" data-end=\"1646\">\n<p data-start=\"1621\" data-end=\"1646\"><strong data-start=\"1621\" data-end=\"1637\">Nivel de ruido:<\/strong> \u226440dba<\/p>\n<\/li>\n<li data-start=\"1647\" data-end=\"1669\">\n<p data-start=\"1649\" data-end=\"1669\"><strong data-start=\"1649\" data-end=\"1662\">Capacidad:<\/strong> 20 ml<\/p>\n<\/li>\n<li data-start=\"1670\" data-end=\"1692\">\n<p data-start=\"1672\" data-end=\"1692\"><strong data-start=\"1672\" data-end=\"1685\">Cobertura:<\/strong> 50m\u00b3<\/p>\n<\/li>\n<li data-start=\"1693\" data-end=\"1723\">\n<p data-start=\"1695\" data-end=\"1723\"><strong data-start=\"1695\" data-end=\"1704\">Tama\u00f1o:<\/strong> 69 \u00d7 69 \u00d7 145 mm<\/p>\n<\/li>\n<li data-start=\"1724\" data-end=\"1767\">\n<p data-start=\"1726\" data-end=\"1767\"><strong data-start=\"1726\" data-end=\"1737\">Peso:<\/strong> 0,5 kg (1 lb 10 oz aprox.)<\/p>\n<\/li>\n<li data-start=\"1768\" data-end=\"1810\">\n<p data-start=\"1770\" data-end=\"1810\"><strong data-start=\"1770\" data-end=\"1789\">Tipo de difusi\u00f3n:<\/strong> Difusi\u00f3n de aire fr\u00edo<\/p>\n<\/li>\n<li data-start=\"1811\" data-end=\"1984\">\n<p data-start=\"1813\" data-end=\"1831\"><strong data-start=\"1813\" data-end=\"1831\">Modos de trabajo:<\/strong><\/p>\n<ul data-start=\"1834\" data-end=\"1984\">\n<li data-start=\"1834\" data-end=\"1882\">\n<p data-start=\"1836\" data-end=\"1882\"><strong data-start=\"1836\" data-end=\"1848\">Nivel 1:<\/strong> Pulverizaci\u00f3n 5s, pausa 600s (1 LED encendido)<\/p>\n<\/li>\n<li data-start=\"1885\" data-end=\"1934\">\n<p data-start=\"1887\" data-end=\"1934\"><strong data-start=\"1887\" data-end=\"1899\">Nivel 2:<\/strong> Pulverizaci\u00f3n 5s, pausa 180s (2 LEDs encendidos)<\/p>\n<\/li>\n<li data-start=\"1937\" data-end=\"1984\">\n<p data-start=\"1939\" data-end=\"1984\"><strong data-start=\"1939\" data-end=\"1951\">Nivel 3:<\/strong> Pulverizaci\u00f3n 12s, pausa 60s (3 LEDs encendidos)<\/p>\n<\/li>\n<\/ul>\n<\/li>\n<\/ul>","protected":false},"excerpt":{"rendered":"<p>Difusor de titanio SF-Aura en negro, dorado o plateado. Inal\u00e1mbrico, compacto y recargable. Ofrece 3 niveles de intensidad y 20 ml de capacidad. Fabricado en aluminio. Fragancia no incluida.<\/p>","protected":false},"featured_media":32023,"comment_status":"open","ping_status":"closed","template":"","meta":{"site-sidebar-layout":"default","site-content-layout":"","ast-site-content-layout":"default","site-content-style":"default","site-sidebar-style":"default","ast-global-header-display":"","ast-banner-title-visibility":"","ast-main-header-display":"","ast-hfb-above-header-display":"","ast-hfb-below-header-display":"","ast-hfb-mobile-header-display":"","site-post-title":"","ast-breadcrumbs-content":"","ast-featured-img":"","footer-sml-layout":"","ast-disable-related-posts":"","theme-transparent-header-meta":"default","adv-header-id-meta":"","stick-header-meta":"default","header-above-stick-meta":"","header-main-stick-meta":"","header-below-stick-meta":"","astra-migrate-meta-layouts":"set","ast-page-background-enabled":"default","ast-page-background-meta":{"desktop":{"background-color":"","background-image":"","background-repeat":"repeat","background-position":"center center","background-size":"auto","background-attachment":"scroll","background-type":"","background-media":"","overlay-type":"","overlay-color":"","overlay-opacity":"","overlay-gradient":""},"tablet":{"background-color":"","background-image":"","background-repeat":"repeat","background-position":"center center","background-size":"auto","background-attachment":"scroll","background-type":"","background-media":"","overlay-type":"","overlay-color":"","overlay-opacity":"","overlay-gradient":""},"mobile":{"background-color":"","background-image":"","background-repeat":"repeat","background-position":"center center","background-size":"auto","background-attachment":"scroll","background-type":"","background-media":"","overlay-type":"","overlay-color":"","overlay-opacity":"","overlay-gradient":""}},"ast-content-background-meta":{"desktop":{"background-color":"var(--ast-global-color-5)","background-image":"","background-repeat":"repeat","background-position":"center center","background-size":"auto","background-attachment":"scroll","background-type":"","background-media":"","overlay-type":"","overlay-color":"","overlay-opacity":"","overlay-gradient":""},"tablet":{"background-color":"var(--ast-global-color-5)","background-image":"","background-repeat":"repeat","background-position":"center center","background-size":"auto","background-attachment":"scroll","background-type":"","background-media":"","overlay-type":"","overlay-color":"","overlay-opacity":"","overlay-gradient":""},"mobile":{"background-color":"var(--ast-global-color-5)","background-image":"","background-repeat":"repeat","background-position":"center center","background-size":"auto","background-attachment":"scroll","background-type":"","background-media":"","overlay-type":"","overlay-color":"","overlay-opacity":"","overlay-gradient":""}},"_joinchat":[]},"product_brand":[],"product_cat":[93,28],"product_tag":[],"class_list":{"0":"post-32015","1":"product","2":"type-product","3":"status-publish","4":"has-post-thumbnail","6":"product_cat-home-diffusers","7":"product_cat-car-diffusers","8":"desktop-align-left","9":"tablet-align-left","10":"mobile-align-left","11":"ast-product-gallery-layout-horizontal-slider","12":"ast-product-single-variable","13":"ast-product-tabs-layout-accordion","14":"ast-qv-on-image","16":"first","17":"instock","18":"taxable","19":"shipping-taxable","20":"purchasable","21":"product-type-variable"},"_links":{"self":[{"href":"https:\/\/savifragrances.com\/es\/wp-json\/wp\/v2\/product\/32015","targetHints":{"allow":["GET"]}}],"collection":[{"href":"https:\/\/savifragrances.com\/es\/wp-json\/wp\/v2\/product"}],"about":[{"href":"https:\/\/savifragrances.com\/es\/wp-json\/wp\/v2\/types\/product"}],"replies":[{"embeddable":true,"href":"https:\/\/savifragrances.com\/es\/wp-json\/wp\/v2\/comments?post=32015"}],"wp:featuredmedia":[{"embeddable":true,"href":"https:\/\/savifragrances.com\/es\/wp-json\/wp\/v2\/media\/32023"}],"wp:attachment":[{"href":"https:\/\/savifragrances.com\/es\/wp-json\/wp\/v2\/media?parent=32015"}],"wp:term":[{"taxonomy":"product_brand","embeddable":true,"href":"https:\/\/savifragrances.com\/es\/wp-json\/wp\/v2\/product_brand?post=32015"},{"taxonomy":"product_cat","embeddable":true,"href":"https:\/\/savifragrances.com\/es\/wp-json\/wp\/v2\/product_cat?post=32015"},{"taxonomy":"product_tag","embeddable":true,"href":"https:\/\/savifragrances.com\/es\/wp-json\/wp\/v2\/product_tag?post=32015"}],"curies":[{"name":"wp","href":"https:\/\/api.w.org\/{rel}","templated":true}]}}