{"id":29958,"date":"2025-02-26T12:45:44","date_gmt":"2025-02-26T16:45:44","guid":{"rendered":"https:\/\/savifragrances.com\/?post_type=product&#038;p=29958"},"modified":"2026-04-07T11:47:58","modified_gmt":"2026-04-07T15:47:58","slug":"sf-slim-difusor-inalambrico-100ml-fragancia-gratis","status":"publish","type":"product","link":"https:\/\/savifragrances.com\/es\/product\/sf-slim-wireless-diffuser-100ml-free-fragrance\/","title":{"rendered":"Difusor inal\u00e1mbrico SF-Slim + 100 ml de fragancia gratis"},"content":{"rendered":"<p data-start=\"376\" data-end=\"861\">Presentaci\u00f3n de la <strong data-start=\"392\" data-end=\"421\">Difusor inal\u00e1mbrico SF-Slim<\/strong>Una soluci\u00f3n arom\u00e1tica elegante y moderna dise\u00f1ada para ofrecer elegancia y eficacia. Disponible en <strong data-start=\"508\" data-end=\"535\">Plata, oro y negro<\/strong>Este difusor cuenta con <strong data-start=\"560\" data-end=\"577\">control t\u00e1ctil<\/strong> y <strong data-start=\"582\" data-end=\"604\">funcionamiento inal\u00e1mbrico<\/strong> para un uso sin esfuerzo. Con una cobertura de hasta <strong data-start=\"648\" data-end=\"663\">500 pies cuadrados<\/strong>es perfecto para hogares, oficinas o espacios comerciales. El difusor tiene un <strong data-start=\"735\" data-end=\"753\">100 ml de capacidad<\/strong> y viene con un <strong data-start=\"771\" data-end=\"795\">100 ml de fragancia gratis<\/strong> de su elecci\u00f3n, garantizando que su espacio huela tan bien como su aspecto.<\/p>\n<p data-start=\"866\" data-end=\"887\"><strong data-start=\"866\" data-end=\"885\">Especificaciones:<\/strong><\/p>\n<ul data-start=\"888\" data-end=\"1120\">\n<li data-start=\"888\" data-end=\"931\"><strong data-start=\"890\" data-end=\"905\">Dimensiones:<\/strong> 11,75 \u00d7 11,75 \u00d7 34,2 cm<\/li>\n<li data-start=\"932\" data-end=\"956\"><strong data-start=\"934\" data-end=\"945\">Peso:<\/strong> 47.62 oz<\/li>\n<li data-start=\"957\" data-end=\"986\"><strong data-start=\"959\" data-end=\"972\">Cobertura:<\/strong> 500 pies cuadrados<\/li>\n<li data-start=\"987\" data-end=\"1022\"><strong data-start=\"989\" data-end=\"1000\">Colores:<\/strong> Plata, Oro, Negro<\/li>\n<li data-start=\"1023\" data-end=\"1078\"><strong data-start=\"1025\" data-end=\"1038\">Capacidad:<\/strong> 100 ml (incluye 100 ml de fragancia gratis)<\/li>\n<li data-start=\"1079\" data-end=\"1120\"><strong data-start=\"1081\" data-end=\"1094\">Caracter\u00edsticas:<\/strong> Control t\u00e1ctil inal\u00e1mbrico<\/li>\n<\/ul>","protected":false},"excerpt":{"rendered":"<p>Difusor inal\u00e1mbrico SF-Slim disponible en plata, oro y negro. Control t\u00e1ctil, cubre hasta 500 pies cuadrados, con una capacidad de 100ml. Incluye un <strong data-start=\"303\" data-end=\"327\">100 ml de fragancia gratis<\/strong> de su elecci\u00f3n.<\/p>","protected":false},"featured_media":29960,"comment_status":"open","ping_status":"closed","template":"","meta":{"site-sidebar-layout":"default","site-content-layout":"","ast-site-content-layout":"default","site-content-style":"default","site-sidebar-style":"default","ast-global-header-display":"","ast-banner-title-visibility":"","ast-main-header-display":"","ast-hfb-above-header-display":"","ast-hfb-below-header-display":"","ast-hfb-mobile-header-display":"","site-post-title":"","ast-breadcrumbs-content":"","ast-featured-img":"","footer-sml-layout":"","ast-disable-related-posts":"","theme-transparent-header-meta":"default","adv-header-id-meta":"","stick-header-meta":"default","header-above-stick-meta":"","header-main-stick-meta":"","header-below-stick-meta":"","astra-migrate-meta-layouts":"set","ast-page-background-enabled":"default","ast-page-background-meta":{"desktop":{"background-color":"","background-image":"","background-repeat":"repeat","background-position":"center center","background-size":"auto","background-attachment":"scroll","background-type":"","background-media":"","overlay-type":"","overlay-color":"","overlay-opacity":"","overlay-gradient":""},"tablet":{"background-color":"","background-image":"","background-repeat":"repeat","background-position":"center center","background-size":"auto","background-attachment":"scroll","background-type":"","background-media":"","overlay-type":"","overlay-color":"","overlay-opacity":"","overlay-gradient":""},"mobile":{"background-color":"","background-image":"","background-repeat":"repeat","background-position":"center center","background-size":"auto","background-attachment":"scroll","background-type":"","background-media":"","overlay-type":"","overlay-color":"","overlay-opacity":"","overlay-gradient":""}},"ast-content-background-meta":{"desktop":{"background-color":"var(--ast-global-color-5)","background-image":"","background-repeat":"repeat","background-position":"center center","background-size":"auto","background-attachment":"scroll","background-type":"","background-media":"","overlay-type":"","overlay-color":"","overlay-opacity":"","overlay-gradient":""},"tablet":{"background-color":"var(--ast-global-color-5)","background-image":"","background-repeat":"repeat","background-position":"center center","background-size":"auto","background-attachment":"scroll","background-type":"","background-media":"","overlay-type":"","overlay-color":"","overlay-opacity":"","overlay-gradient":""},"mobile":{"background-color":"var(--ast-global-color-5)","background-image":"","background-repeat":"repeat","background-position":"center center","background-size":"auto","background-attachment":"scroll","background-type":"","background-media":"","overlay-type":"","overlay-color":"","overlay-opacity":"","overlay-gradient":""}},"_joinchat":[]},"product_brand":[],"product_cat":[93],"product_tag":[],"class_list":{"0":"post-29958","1":"product","2":"type-product","3":"status-publish","4":"has-post-thumbnail","6":"product_cat-home-diffusers","7":"desktop-align-left","8":"tablet-align-left","9":"mobile-align-left","10":"ast-product-gallery-layout-horizontal-slider","11":"ast-product-single-variable","12":"ast-product-tabs-layout-accordion","13":"ast-qv-on-image","15":"first","16":"instock","17":"sale","18":"taxable","19":"shipping-taxable","20":"purchasable","21":"product-type-variable"},"_links":{"self":[{"href":"https:\/\/savifragrances.com\/es\/wp-json\/wp\/v2\/product\/29958","targetHints":{"allow":["GET"]}}],"collection":[{"href":"https:\/\/savifragrances.com\/es\/wp-json\/wp\/v2\/product"}],"about":[{"href":"https:\/\/savifragrances.com\/es\/wp-json\/wp\/v2\/types\/product"}],"replies":[{"embeddable":true,"href":"https:\/\/savifragrances.com\/es\/wp-json\/wp\/v2\/comments?post=29958"}],"wp:featuredmedia":[{"embeddable":true,"href":"https:\/\/savifragrances.com\/es\/wp-json\/wp\/v2\/media\/29960"}],"wp:attachment":[{"href":"https:\/\/savifragrances.com\/es\/wp-json\/wp\/v2\/media?parent=29958"}],"wp:term":[{"taxonomy":"product_brand","embeddable":true,"href":"https:\/\/savifragrances.com\/es\/wp-json\/wp\/v2\/product_brand?post=29958"},{"taxonomy":"product_cat","embeddable":true,"href":"https:\/\/savifragrances.com\/es\/wp-json\/wp\/v2\/product_cat?post=29958"},{"taxonomy":"product_tag","embeddable":true,"href":"https:\/\/savifragrances.com\/es\/wp-json\/wp\/v2\/product_tag?post=29958"}],"curies":[{"name":"wp","href":"https:\/\/api.w.org\/{rel}","templated":true}]}}