{"id":29950,"date":"2025-02-26T11:47:32","date_gmt":"2025-02-26T15:47:32","guid":{"rendered":"https:\/\/savifragrances.com\/?post_type=product&#038;p=29950"},"modified":"2026-04-11T10:56:29","modified_gmt":"2026-04-11T14:56:29","slug":"sf-super-cube-difusor-100ml-fragancia-libre","status":"publish","type":"product","link":"https:\/\/savifragrances.com\/es\/product\/sf-super-cube-diffuser-100ml-free-fragrance\/","title":{"rendered":"SF-Super Cube Difusor + 100ml Fragancia Gratis"},"content":{"rendered":"<ul>\n<li class=\"p1\">Realce cualquier espacio con el <strong data-start=\"314\" data-end=\"331\">SF-S\u00faper Cubo<\/strong> con la fragancia de 100 ml que elijas. Ideal para hogares, oficinas y comercios, proporciona una potente cobertura arom\u00e1tica de hasta 500 pies cuadrados. El dise\u00f1o compatible con Bluetooth permite programar y controlar la intensidad a trav\u00e9s del smartphone. Compacto (11 x 10,1 x 6 cm), de bajo consumo (1,5 W) y silencioso, est\u00e1 dise\u00f1ado para la difusi\u00f3n continua de fragancias sin interrupciones. Perfecto para crear un ambiente tranquilo y acogedor sin esfuerzo.<\/li>\n<\/ul>","protected":false},"excerpt":{"rendered":"<p>Difusor SF-Super Cube con una fragancia de 100 ml a elegir. Cubre hasta 500 pies cuadrados, habilitado para Bluetooth, ultrasilencioso y de bajo consumo.<\/p>","protected":false},"featured_media":29954,"comment_status":"open","ping_status":"closed","template":"","meta":{"site-sidebar-layout":"default","site-content-layout":"","ast-site-content-layout":"default","site-content-style":"default","site-sidebar-style":"default","ast-global-header-display":"","ast-banner-title-visibility":"","ast-main-header-display":"","ast-hfb-above-header-display":"","ast-hfb-below-header-display":"","ast-hfb-mobile-header-display":"","site-post-title":"","ast-breadcrumbs-content":"","ast-featured-img":"","footer-sml-layout":"","ast-disable-related-posts":"","theme-transparent-header-meta":"default","adv-header-id-meta":"","stick-header-meta":"default","header-above-stick-meta":"","header-main-stick-meta":"","header-below-stick-meta":"","astra-migrate-meta-layouts":"set","ast-page-background-enabled":"default","ast-page-background-meta":{"desktop":{"background-color":"","background-image":"","background-repeat":"repeat","background-position":"center center","background-size":"auto","background-attachment":"scroll","background-type":"","background-media":"","overlay-type":"","overlay-color":"","overlay-opacity":"","overlay-gradient":""},"tablet":{"background-color":"","background-image":"","background-repeat":"repeat","background-position":"center center","background-size":"auto","background-attachment":"scroll","background-type":"","background-media":"","overlay-type":"","overlay-color":"","overlay-opacity":"","overlay-gradient":""},"mobile":{"background-color":"","background-image":"","background-repeat":"repeat","background-position":"center center","background-size":"auto","background-attachment":"scroll","background-type":"","background-media":"","overlay-type":"","overlay-color":"","overlay-opacity":"","overlay-gradient":""}},"ast-content-background-meta":{"desktop":{"background-color":"var(--ast-global-color-5)","background-image":"","background-repeat":"repeat","background-position":"center center","background-size":"auto","background-attachment":"scroll","background-type":"","background-media":"","overlay-type":"","overlay-color":"","overlay-opacity":"","overlay-gradient":""},"tablet":{"background-color":"var(--ast-global-color-5)","background-image":"","background-repeat":"repeat","background-position":"center center","background-size":"auto","background-attachment":"scroll","background-type":"","background-media":"","overlay-type":"","overlay-color":"","overlay-opacity":"","overlay-gradient":""},"mobile":{"background-color":"var(--ast-global-color-5)","background-image":"","background-repeat":"repeat","background-position":"center center","background-size":"auto","background-attachment":"scroll","background-type":"","background-media":"","overlay-type":"","overlay-color":"","overlay-opacity":"","overlay-gradient":""}},"_joinchat":[]},"product_brand":[],"product_cat":[93],"product_tag":[],"class_list":{"0":"post-29950","1":"product","2":"type-product","3":"status-publish","4":"has-post-thumbnail","6":"product_cat-home-diffusers","7":"desktop-align-left","8":"tablet-align-left","9":"mobile-align-left","10":"ast-product-gallery-layout-horizontal-slider","11":"ast-product-single-variable","12":"ast-product-tabs-layout-accordion","13":"ast-qv-on-image","15":"first","16":"instock","17":"taxable","18":"shipping-taxable","19":"purchasable","20":"product-type-variable"},"_links":{"self":[{"href":"https:\/\/savifragrances.com\/es\/wp-json\/wp\/v2\/product\/29950","targetHints":{"allow":["GET"]}}],"collection":[{"href":"https:\/\/savifragrances.com\/es\/wp-json\/wp\/v2\/product"}],"about":[{"href":"https:\/\/savifragrances.com\/es\/wp-json\/wp\/v2\/types\/product"}],"replies":[{"embeddable":true,"href":"https:\/\/savifragrances.com\/es\/wp-json\/wp\/v2\/comments?post=29950"}],"wp:featuredmedia":[{"embeddable":true,"href":"https:\/\/savifragrances.com\/es\/wp-json\/wp\/v2\/media\/29954"}],"wp:attachment":[{"href":"https:\/\/savifragrances.com\/es\/wp-json\/wp\/v2\/media?parent=29950"}],"wp:term":[{"taxonomy":"product_brand","embeddable":true,"href":"https:\/\/savifragrances.com\/es\/wp-json\/wp\/v2\/product_brand?post=29950"},{"taxonomy":"product_cat","embeddable":true,"href":"https:\/\/savifragrances.com\/es\/wp-json\/wp\/v2\/product_cat?post=29950"},{"taxonomy":"product_tag","embeddable":true,"href":"https:\/\/savifragrances.com\/es\/wp-json\/wp\/v2\/product_tag?post=29950"}],"curies":[{"name":"wp","href":"https:\/\/api.w.org\/{rel}","templated":true}]}}