{"id":27504,"date":"2024-09-04T19:27:08","date_gmt":"2024-09-05T00:57:08","guid":{"rendered":"https:\/\/savifragrances.com\/?post_type=product&#038;p=27504"},"modified":"2026-04-07T11:53:38","modified_gmt":"2026-04-07T15:53:38","slug":"sf-nova-2","status":"publish","type":"product","link":"https:\/\/savifragrances.com\/es\/product\/sf-nova-2\/","title":{"rendered":"SF-NOVA 2 + Fragancias Gratis 500ML"},"content":{"rendered":"<p>Experimente el siguiente nivel de difusi\u00f3n de fragancias con el <strong>SF-Nova 2 Fragancias Libres 500ML<\/strong>un difusor de aromas con WiFi que ofrece una comodidad y un control inigualables. Gracias a su avanzada conectividad WiFi, puedes controlar el difusor desde cualquier lugar mediante una aplicaci\u00f3n espec\u00edfica, lo que facilita el ajuste de la configuraci\u00f3n y la creaci\u00f3n del ambiente perfecto. El SF-Nova 2 est\u00e1 dise\u00f1ado para cubrir grandes superficies de hasta 1.000 metros cuadrados, garantizando una distribuci\u00f3n uniforme y homog\u00e9nea del aroma elegido.<\/p>\n<p>Con un peso aproximado de 13,2 libras incluido su resistente embalaje exterior, el SF-Nova 2 es robusto y f\u00e1cil de manejar. Este difusor es ideal para quienes valoran la innovaci\u00f3n y desean disfrutar de una experiencia de aromaterapia sin interrupciones en espacios amplios.<\/p>\n<p><strong>Caracter\u00edsticas principales:<\/strong><\/p>\n<ul>\n<li><strong>Conectividad WiFi<\/strong>: Controla tu difusor a distancia a trav\u00e9s de una aplicaci\u00f3n espec\u00edfica para una m\u00e1xima comodidad.<\/li>\n<li><strong>Amplia cobertura<\/strong>: Cubre eficientemente hasta 3000 pies cuadrados, perfecto para grandes casas u oficinas.<\/li>\n<li><strong>Dise\u00f1o sofisticado<\/strong>: Un complemento elegante para cualquier espacio, que combina una est\u00e9tica moderna con una gran funcionalidad.<\/li>\n<li><strong>Construcci\u00f3n duradera<\/strong>: Pesa aproximadamente 13,2 lbs incluido el embalaje, ofreciendo fiabilidad y facilidad de uso.<\/li>\n<li><strong>C\u00f3modo y f\u00e1cil de usar<\/strong>: Configuraci\u00f3n y funcionamiento sencillos para disfrutar sin esfuerzo.<\/li>\n<\/ul>","protected":false},"excerpt":{"rendered":"<p><strong>SF-Nova 2<\/strong>: Un difusor de aromas con WiFi que cubre hasta 3000 pies cuadrados, ofrece control remoto a trav\u00e9s de una aplicaci\u00f3n dedicada y un dise\u00f1o moderno. Pesa aproximadamente 4,5 kg, embalaje incluido.<\/p>","protected":false},"featured_media":27495,"comment_status":"open","ping_status":"closed","template":"","meta":{"site-sidebar-layout":"default","site-content-layout":"","ast-site-content-layout":"default","site-content-style":"default","site-sidebar-style":"default","ast-global-header-display":"","ast-banner-title-visibility":"","ast-main-header-display":"","ast-hfb-above-header-display":"","ast-hfb-below-header-display":"","ast-hfb-mobile-header-display":"","site-post-title":"","ast-breadcrumbs-content":"","ast-featured-img":"","footer-sml-layout":"","ast-disable-related-posts":"","theme-transparent-header-meta":"default","adv-header-id-meta":"","stick-header-meta":"default","header-above-stick-meta":"","header-main-stick-meta":"","header-below-stick-meta":"","astra-migrate-meta-layouts":"set","ast-page-background-enabled":"default","ast-page-background-meta":{"desktop":{"background-color":"","background-image":"","background-repeat":"repeat","background-position":"center center","background-size":"auto","background-attachment":"scroll","background-type":"","background-media":"","overlay-type":"","overlay-color":"","overlay-opacity":"","overlay-gradient":""},"tablet":{"background-color":"","background-image":"","background-repeat":"repeat","background-position":"center center","background-size":"auto","background-attachment":"scroll","background-type":"","background-media":"","overlay-type":"","overlay-color":"","overlay-opacity":"","overlay-gradient":""},"mobile":{"background-color":"","background-image":"","background-repeat":"repeat","background-position":"center center","background-size":"auto","background-attachment":"scroll","background-type":"","background-media":"","overlay-type":"","overlay-color":"","overlay-opacity":"","overlay-gradient":""}},"ast-content-background-meta":{"desktop":{"background-color":"var(--ast-global-color-5)","background-image":"","background-repeat":"repeat","background-position":"center center","background-size":"auto","background-attachment":"scroll","background-type":"","background-media":"","overlay-type":"","overlay-color":"","overlay-opacity":"","overlay-gradient":""},"tablet":{"background-color":"var(--ast-global-color-5)","background-image":"","background-repeat":"repeat","background-position":"center center","background-size":"auto","background-attachment":"scroll","background-type":"","background-media":"","overlay-type":"","overlay-color":"","overlay-opacity":"","overlay-gradient":""},"mobile":{"background-color":"var(--ast-global-color-5)","background-image":"","background-repeat":"repeat","background-position":"center center","background-size":"auto","background-attachment":"scroll","background-type":"","background-media":"","overlay-type":"","overlay-color":"","overlay-opacity":"","overlay-gradient":""}},"_joinchat":[]},"product_brand":[],"product_cat":[93],"product_tag":[],"class_list":{"0":"post-27504","1":"product","2":"type-product","3":"status-publish","4":"has-post-thumbnail","6":"product_cat-home-diffusers","7":"desktop-align-left","8":"tablet-align-left","9":"mobile-align-left","10":"ast-product-gallery-layout-horizontal-slider","11":"ast-product-single-variable","12":"ast-product-tabs-layout-accordion","13":"ast-qv-on-image","15":"first","16":"instock","17":"sale","18":"taxable","19":"shipping-taxable","20":"purchasable","21":"product-type-variable"},"_links":{"self":[{"href":"https:\/\/savifragrances.com\/es\/wp-json\/wp\/v2\/product\/27504","targetHints":{"allow":["GET"]}}],"collection":[{"href":"https:\/\/savifragrances.com\/es\/wp-json\/wp\/v2\/product"}],"about":[{"href":"https:\/\/savifragrances.com\/es\/wp-json\/wp\/v2\/types\/product"}],"replies":[{"embeddable":true,"href":"https:\/\/savifragrances.com\/es\/wp-json\/wp\/v2\/comments?post=27504"}],"wp:featuredmedia":[{"embeddable":true,"href":"https:\/\/savifragrances.com\/es\/wp-json\/wp\/v2\/media\/27495"}],"wp:attachment":[{"href":"https:\/\/savifragrances.com\/es\/wp-json\/wp\/v2\/media?parent=27504"}],"wp:term":[{"taxonomy":"product_brand","embeddable":true,"href":"https:\/\/savifragrances.com\/es\/wp-json\/wp\/v2\/product_brand?post=27504"},{"taxonomy":"product_cat","embeddable":true,"href":"https:\/\/savifragrances.com\/es\/wp-json\/wp\/v2\/product_cat?post=27504"},{"taxonomy":"product_tag","embeddable":true,"href":"https:\/\/savifragrances.com\/es\/wp-json\/wp\/v2\/product_tag?post=27504"}],"curies":[{"name":"wp","href":"https:\/\/api.w.org\/{rel}","templated":true}]}}