{"id":27279,"date":"2024-08-24T13:41:06","date_gmt":"2024-08-24T19:11:06","guid":{"rendered":"https:\/\/savifragrances.com\/?post_type=product&#038;p=27279"},"modified":"2024-08-24T13:41:06","modified_gmt":"2024-08-24T19:11:06","slug":"ganchos-magneticos-pack-de-2","status":"publish","type":"product","link":"https:\/\/savifragrances.com\/es\/product\/magnetic-hooks-2-pack\/","title":{"rendered":"Ganchos magn\u00e9ticos, paquete de 2"},"content":{"rendered":"<p>Simplifique la gesti\u00f3n del espacio con estos resistentes ganchos magn\u00e9ticos, dise\u00f1ados para un uso vers\u00e1til tanto en el hogar como en entornos profesionales. Cada gancho cuenta con un potente im\u00e1n capaz de sujetar con seguridad hasta 95 libras, por lo que son ideales para una amplia gama de aplicaciones. Su elegante dise\u00f1o redondo con un di\u00e1metro de 3 pulgadas les permite ser discretos pero eficaces a la hora de organizar o sujetar objetos.<\/p>\n<p>Estos ganchos magn\u00e9ticos son perfectos para situaciones en las que el espacio es limitado, como la fijaci\u00f3n de difusores a unidades de climatizaci\u00f3n, como se muestra en las im\u00e1genes. Proporcionan una soluci\u00f3n fiable para mantener sus equipos seguros sin necesidad de instalaciones permanentes ni herrajes voluminosos. Ya sea para colgar herramientas, luces o incluso utensilios de cocina, estos ganchos magn\u00e9ticos ofrecen una forma r\u00e1pida, f\u00e1cil y no invasiva de maximizar su espacio.<\/p>\n<p><strong>Caracter\u00edsticas principales:<\/strong><\/p>\n<ul>\n<li><strong>Gran poder de sujeci\u00f3n<\/strong>: Cada gancho puede sostener hasta 95 libras, asegurando que sus art\u00edculos permanezcan firmemente en su lugar.<\/li>\n<li><strong>Uso vers\u00e1til<\/strong>: Ideal para diversos entornos, desde cocinas dom\u00e9sticas hasta instalaciones industriales.<\/li>\n<li><strong>Soluci\u00f3n que ahorra espacio<\/strong>: Perfecto para fijar difusores a unidades HVAC u otros espacios compactos.<\/li>\n<li><strong>F\u00e1cil instalaci\u00f3n<\/strong>: No es necesario taladrar ni realizar fijaciones permanentes: basta con colocar y listo.<\/li>\n<li><strong>Dise\u00f1o duradero<\/strong>: Fabricado con materiales de alta calidad para un uso duradero.<\/li>\n<\/ul>\n<p>Actualice su organizaci\u00f3n con el <strong>Ganchos magn\u00e9ticos, paquete de 2<\/strong>La soluci\u00f3n perfecta para mantener su espacio ordenado y sus objetos seguros.<\/p>","protected":false},"excerpt":{"rendered":"<p><strong>Ganchos magn\u00e9ticos, paquete de 2<\/strong> - Ganchos magn\u00e9ticos de alta resistencia con una capacidad de sujeci\u00f3n de 95 lb, ideales para asegurar art\u00edculos en espacios reducidos. Perfectos para fijar difusores a unidades HVAC, con una instalaci\u00f3n f\u00e1cil y no invasiva.<\/p>","protected":false},"featured_media":27280,"comment_status":"open","ping_status":"closed","template":"","meta":{"site-sidebar-layout":"default","site-content-layout":"","ast-site-content-layout":"default","site-content-style":"default","site-sidebar-style":"default","ast-global-header-display":"","ast-banner-title-visibility":"","ast-main-header-display":"","ast-hfb-above-header-display":"","ast-hfb-below-header-display":"","ast-hfb-mobile-header-display":"","site-post-title":"","ast-breadcrumbs-content":"","ast-featured-img":"","footer-sml-layout":"","ast-disable-related-posts":"","theme-transparent-header-meta":"default","adv-header-id-meta":"","stick-header-meta":"default","header-above-stick-meta":"","header-main-stick-meta":"","header-below-stick-meta":"","astra-migrate-meta-layouts":"set","ast-page-background-enabled":"default","ast-page-background-meta":{"desktop":{"background-color":"","background-image":"","background-repeat":"repeat","background-position":"center center","background-size":"auto","background-attachment":"scroll","background-type":"","background-media":"","overlay-type":"","overlay-color":"","overlay-opacity":"","overlay-gradient":""},"tablet":{"background-color":"","background-image":"","background-repeat":"repeat","background-position":"center center","background-size":"auto","background-attachment":"scroll","background-type":"","background-media":"","overlay-type":"","overlay-color":"","overlay-opacity":"","overlay-gradient":""},"mobile":{"background-color":"","background-image":"","background-repeat":"repeat","background-position":"center center","background-size":"auto","background-attachment":"scroll","background-type":"","background-media":"","overlay-type":"","overlay-color":"","overlay-opacity":"","overlay-gradient":""}},"ast-content-background-meta":{"desktop":{"background-color":"var(--ast-global-color-5)","background-image":"","background-repeat":"repeat","background-position":"center center","background-size":"auto","background-attachment":"scroll","background-type":"","background-media":"","overlay-type":"","overlay-color":"","overlay-opacity":"","overlay-gradient":""},"tablet":{"background-color":"var(--ast-global-color-5)","background-image":"","background-repeat":"repeat","background-position":"center center","background-size":"auto","background-attachment":"scroll","background-type":"","background-media":"","overlay-type":"","overlay-color":"","overlay-opacity":"","overlay-gradient":""},"mobile":{"background-color":"var(--ast-global-color-5)","background-image":"","background-repeat":"repeat","background-position":"center center","background-size":"auto","background-attachment":"scroll","background-type":"","background-media":"","overlay-type":"","overlay-color":"","overlay-opacity":"","overlay-gradient":""}},"_joinchat":[]},"product_brand":[],"product_cat":[93],"product_tag":[],"class_list":{"0":"post-27279","1":"product","2":"type-product","3":"status-publish","4":"has-post-thumbnail","6":"product_cat-home-diffusers","7":"desktop-align-left","8":"tablet-align-left","9":"mobile-align-left","10":"ast-product-gallery-layout-horizontal-slider","11":"ast-product-gallery-with-no-image","12":"ast-product-tabs-layout-accordion","13":"ast-qv-on-image","15":"first","16":"instock","17":"taxable","18":"shipping-taxable","19":"purchasable","20":"product-type-simple"},"_links":{"self":[{"href":"https:\/\/savifragrances.com\/es\/wp-json\/wp\/v2\/product\/27279","targetHints":{"allow":["GET"]}}],"collection":[{"href":"https:\/\/savifragrances.com\/es\/wp-json\/wp\/v2\/product"}],"about":[{"href":"https:\/\/savifragrances.com\/es\/wp-json\/wp\/v2\/types\/product"}],"replies":[{"embeddable":true,"href":"https:\/\/savifragrances.com\/es\/wp-json\/wp\/v2\/comments?post=27279"}],"wp:featuredmedia":[{"embeddable":true,"href":"https:\/\/savifragrances.com\/es\/wp-json\/wp\/v2\/media\/27280"}],"wp:attachment":[{"href":"https:\/\/savifragrances.com\/es\/wp-json\/wp\/v2\/media?parent=27279"}],"wp:term":[{"taxonomy":"product_brand","embeddable":true,"href":"https:\/\/savifragrances.com\/es\/wp-json\/wp\/v2\/product_brand?post=27279"},{"taxonomy":"product_cat","embeddable":true,"href":"https:\/\/savifragrances.com\/es\/wp-json\/wp\/v2\/product_cat?post=27279"},{"taxonomy":"product_tag","embeddable":true,"href":"https:\/\/savifragrances.com\/es\/wp-json\/wp\/v2\/product_tag?post=27279"}],"curies":[{"name":"wp","href":"https:\/\/api.w.org\/{rel}","templated":true}]}}