{"id":24589,"date":"2024-06-05T12:33:21","date_gmt":"2024-06-05T18:03:21","guid":{"rendered":"https:\/\/savifragrances.com\/?post_type=product&#038;p=24589"},"modified":"2025-08-28T10:36:41","modified_gmt":"2025-08-28T14:36:41","slug":"cascara-de-limon-6","status":"publish","type":"product","link":"https:\/\/savifragrances.com\/es\/product\/cloud\/","title":{"rendered":"Nube"},"content":{"rendered":"<p>Fragancia de nubes: Un abrazo sereno de especias y flores<\/p>\n<p>Presentamos \"Cloud\", una fragancia que encierra la tranquila belleza de un cielo sereno mezclada con las ricas texturas de la tierra. Comience su viaje olfativo con el en\u00e9rgico zumbido del jengibre combinado con la c\u00e1lida especia de la canela, creando una apertura vigorizante y brillante. A medida que la fragancia se despliega, surgen las notas medias de lavanda y rosa, que combinan una suave elegancia floral con un toque de aroma herbal calmante, creando un coraz\u00f3n reconfortante y sutilmente apasionado. La experiencia culmina en una base de resina de abeto y haba tonka, que a\u00f1ade una capa de profunda calidez resinosa que cimienta la fragancia en un final exuberante y terroso.<\/p>\n<p>Caracter\u00edsticas principales:<\/p>\n<p>- Notas altas de jengibre y canela: Una introducci\u00f3n en\u00e9rgica y c\u00e1lida que estimula los sentidos. - Notas medias de Lavanda y Rosa: Un coraz\u00f3n floral que desprende tranquilidad y romanticismo, invitando a la calma y a la reflexi\u00f3n. - Notas de fondo de resina de abeto y haba tonka: Un final enraizado y rico que perdura con una profundidad dulce y bals\u00e1mica, realzando la complejidad y el encanto general.<\/p>\n<p>Disponible en ediciones de 100 ml, 500 ml y 1.200 ml, \"Cloud\" es m\u00e1s que una fragancia: es un momento de paz, un soplo de aire fresco y un paso a un mundo en el que cada nota contribuye a crear una atm\u00f3sfera de serena sofisticaci\u00f3n. Ideal para quienes buscan un aroma que armonice lo picante con lo dulce y lo terrenal con lo et\u00e9reo, \"CLoud\" es una fragancia vers\u00e1til apta para cualquier ocasi\u00f3n.<\/p>","protected":false},"excerpt":{"rendered":"<p>Nube: Eleva tus sentidos con las vibrantes notas de salida de jengibre y canela, un coraz\u00f3n de relajante lavanda y rom\u00e1ntica rosa, y una reconfortante base de resina de abeto y haba tonka. Disponible en 100 ml, 500 ml y 1.200 ml, experimente el abrazo sereno y estimulante de Cloud.<\/p>\n<p>&nbsp;<\/p>","protected":false},"featured_media":24587,"comment_status":"open","ping_status":"closed","template":"","meta":{"site-sidebar-layout":"default","site-content-layout":"","ast-site-content-layout":"default","site-content-style":"default","site-sidebar-style":"default","ast-global-header-display":"","ast-banner-title-visibility":"","ast-main-header-display":"","ast-hfb-above-header-display":"","ast-hfb-below-header-display":"","ast-hfb-mobile-header-display":"","site-post-title":"","ast-breadcrumbs-content":"","ast-featured-img":"","footer-sml-layout":"","ast-disable-related-posts":"","theme-transparent-header-meta":"default","adv-header-id-meta":"","stick-header-meta":"default","header-above-stick-meta":"","header-main-stick-meta":"","header-below-stick-meta":"","astra-migrate-meta-layouts":"set","ast-page-background-enabled":"default","ast-page-background-meta":{"desktop":{"background-color":"","background-image":"","background-repeat":"repeat","background-position":"center center","background-size":"auto","background-attachment":"scroll","background-type":"","background-media":"","overlay-type":"","overlay-color":"","overlay-opacity":"","overlay-gradient":""},"tablet":{"background-color":"","background-image":"","background-repeat":"repeat","background-position":"center center","background-size":"auto","background-attachment":"scroll","background-type":"","background-media":"","overlay-type":"","overlay-color":"","overlay-opacity":"","overlay-gradient":""},"mobile":{"background-color":"","background-image":"","background-repeat":"repeat","background-position":"center center","background-size":"auto","background-attachment":"scroll","background-type":"","background-media":"","overlay-type":"","overlay-color":"","overlay-opacity":"","overlay-gradient":""}},"ast-content-background-meta":{"desktop":{"background-color":"var(--ast-global-color-5)","background-image":"","background-repeat":"repeat","background-position":"center center","background-size":"auto","background-attachment":"scroll","background-type":"","background-media":"","overlay-type":"","overlay-color":"","overlay-opacity":"","overlay-gradient":""},"tablet":{"background-color":"var(--ast-global-color-5)","background-image":"","background-repeat":"repeat","background-position":"center center","background-size":"auto","background-attachment":"scroll","background-type":"","background-media":"","overlay-type":"","overlay-color":"","overlay-opacity":"","overlay-gradient":""},"mobile":{"background-color":"var(--ast-global-color-5)","background-image":"","background-repeat":"repeat","background-position":"center center","background-size":"auto","background-attachment":"scroll","background-type":"","background-media":"","overlay-type":"","overlay-color":"","overlay-opacity":"","overlay-gradient":""}},"_joinchat":[]},"product_brand":[],"product_cat":[82,236],"product_tag":[],"class_list":{"0":"post-24589","1":"product","2":"type-product","3":"status-publish","4":"has-post-thumbnail","6":"product_cat-fragrances","7":"product_cat-floral-fragrances","8":"desktop-align-left","9":"tablet-align-left","10":"mobile-align-left","11":"ast-product-gallery-layout-horizontal-slider","12":"ast-product-gallery-with-no-image","13":"ast-product-single-variable","14":"ast-product-tabs-layout-accordion","15":"ast-qv-on-image","17":"first","18":"instock","19":"sale","20":"taxable","21":"shipping-taxable","22":"purchasable","23":"product-type-variable"},"_links":{"self":[{"href":"https:\/\/savifragrances.com\/es\/wp-json\/wp\/v2\/product\/24589","targetHints":{"allow":["GET"]}}],"collection":[{"href":"https:\/\/savifragrances.com\/es\/wp-json\/wp\/v2\/product"}],"about":[{"href":"https:\/\/savifragrances.com\/es\/wp-json\/wp\/v2\/types\/product"}],"replies":[{"embeddable":true,"href":"https:\/\/savifragrances.com\/es\/wp-json\/wp\/v2\/comments?post=24589"}],"wp:featuredmedia":[{"embeddable":true,"href":"https:\/\/savifragrances.com\/es\/wp-json\/wp\/v2\/media\/24587"}],"wp:attachment":[{"href":"https:\/\/savifragrances.com\/es\/wp-json\/wp\/v2\/media?parent=24589"}],"wp:term":[{"taxonomy":"product_brand","embeddable":true,"href":"https:\/\/savifragrances.com\/es\/wp-json\/wp\/v2\/product_brand?post=24589"},{"taxonomy":"product_cat","embeddable":true,"href":"https:\/\/savifragrances.com\/es\/wp-json\/wp\/v2\/product_cat?post=24589"},{"taxonomy":"product_tag","embeddable":true,"href":"https:\/\/savifragrances.com\/es\/wp-json\/wp\/v2\/product_tag?post=24589"}],"curies":[{"name":"wp","href":"https:\/\/api.w.org\/{rel}","templated":true}]}}