{"id":24582,"date":"2024-06-05T12:30:45","date_gmt":"2024-06-05T18:00:45","guid":{"rendered":"https:\/\/savifragrances.com\/?post_type=product&#038;p=24582"},"modified":"2025-06-17T13:17:03","modified_gmt":"2025-06-17T18:47:03","slug":"cascara-de-limon-5","status":"publish","type":"product","link":"https:\/\/savifragrances.com\/es\/product\/chantel\/","title":{"rendered":"Chantel"},"content":{"rendered":"<p>Fragancia Chantel: La esencia de la elegancia audaz<\/p>\n<p>Descubra \"Chantel\", una fragancia que encarna el esp\u00edritu de aventura y refinamiento. Esta fragancia comienza con un vibrante estallido de lim\u00f3n, que ofrece una apertura fresca y en\u00e9rgica que capta la atenci\u00f3n. A medida que la fragancia se despliega, la calidez especiada del cardamomo y la esencia robusta y amaderada del cedro crean un coraz\u00f3n estimulante y reconfortante a la vez. El viaje concluye con una base de rico s\u00e1ndalo y cuero flexible, que proporciona un acabado profundo y duradero que es a la vez lujoso y profundamente enraizado.<\/p>\n<p>Caracter\u00edsticas principales:<\/p>\n<p>- Nota de salida de Lim\u00f3n: Un comienzo brillante y vigorizante que refresca los sentidos. - Notas medias de cardamomo y cedro: Una mezcla armoniosa que a\u00f1ade una profundidad especiada y amaderada, evocando calidez y sofisticaci\u00f3n. - Notas de fondo de s\u00e1ndalo y cuero: Una base lujosa y convincente que enriquece la fragancia con su textura cremosa y rica y su embriagadora complejidad.<\/p>\n<p>Disponible en ediciones de 100 ml, 500 ml y 1.200 ml, \"Chantel\" se ha dise\u00f1ado para quienes abrazan su poder y aplomo. Es un accesorio perfecto tanto para compromisos diurnos animados como para veladas \u00edntimas, ya que ofrece un aroma tan din\u00e1mico como elegante.<\/p>","protected":false},"excerpt":{"rendered":"<p>Chantel: Una mezcla atrevida que se abre con la c\u00e1scara crujiente y limpia del lim\u00f3n, progresando hacia un coraz\u00f3n de cardamomo y cedro, y asent\u00e1ndose en una sofisticada base de s\u00e1ndalo y cuero. Disponible en 100 ml, 500 ml y 1.200 ml, captura la esencia de la elegancia atrevida.<\/p>","protected":false},"featured_media":18669,"comment_status":"open","ping_status":"closed","template":"","meta":{"site-sidebar-layout":"default","site-content-layout":"","ast-site-content-layout":"default","site-content-style":"default","site-sidebar-style":"default","ast-global-header-display":"","ast-banner-title-visibility":"","ast-main-header-display":"","ast-hfb-above-header-display":"","ast-hfb-below-header-display":"","ast-hfb-mobile-header-display":"","site-post-title":"","ast-breadcrumbs-content":"","ast-featured-img":"","footer-sml-layout":"","ast-disable-related-posts":"","theme-transparent-header-meta":"default","adv-header-id-meta":"","stick-header-meta":"default","header-above-stick-meta":"","header-main-stick-meta":"","header-below-stick-meta":"","astra-migrate-meta-layouts":"set","ast-page-background-enabled":"default","ast-page-background-meta":{"desktop":{"background-color":"","background-image":"","background-repeat":"repeat","background-position":"center center","background-size":"auto","background-attachment":"scroll","background-type":"","background-media":"","overlay-type":"","overlay-color":"","overlay-opacity":"","overlay-gradient":""},"tablet":{"background-color":"","background-image":"","background-repeat":"repeat","background-position":"center center","background-size":"auto","background-attachment":"scroll","background-type":"","background-media":"","overlay-type":"","overlay-color":"","overlay-opacity":"","overlay-gradient":""},"mobile":{"background-color":"","background-image":"","background-repeat":"repeat","background-position":"center center","background-size":"auto","background-attachment":"scroll","background-type":"","background-media":"","overlay-type":"","overlay-color":"","overlay-opacity":"","overlay-gradient":""}},"ast-content-background-meta":{"desktop":{"background-color":"var(--ast-global-color-5)","background-image":"","background-repeat":"repeat","background-position":"center center","background-size":"auto","background-attachment":"scroll","background-type":"","background-media":"","overlay-type":"","overlay-color":"","overlay-opacity":"","overlay-gradient":""},"tablet":{"background-color":"var(--ast-global-color-5)","background-image":"","background-repeat":"repeat","background-position":"center center","background-size":"auto","background-attachment":"scroll","background-type":"","background-media":"","overlay-type":"","overlay-color":"","overlay-opacity":"","overlay-gradient":""},"mobile":{"background-color":"var(--ast-global-color-5)","background-image":"","background-repeat":"repeat","background-position":"center center","background-size":"auto","background-attachment":"scroll","background-type":"","background-media":"","overlay-type":"","overlay-color":"","overlay-opacity":"","overlay-gradient":""}},"_joinchat":[]},"product_brand":[],"product_cat":[82,234],"product_tag":[],"class_list":{"0":"post-24582","1":"product","2":"type-product","3":"status-publish","4":"has-post-thumbnail","6":"product_cat-fragrances","7":"product_cat-woody-fragrances","8":"desktop-align-left","9":"tablet-align-left","10":"mobile-align-left","11":"ast-product-gallery-layout-horizontal-slider","12":"ast-product-gallery-with-no-image","13":"ast-product-single-variable","14":"ast-product-tabs-layout-accordion","15":"ast-qv-on-image","17":"first","18":"outofstock","19":"taxable","20":"shipping-taxable","21":"product-type-variable"},"_links":{"self":[{"href":"https:\/\/savifragrances.com\/es\/wp-json\/wp\/v2\/product\/24582","targetHints":{"allow":["GET"]}}],"collection":[{"href":"https:\/\/savifragrances.com\/es\/wp-json\/wp\/v2\/product"}],"about":[{"href":"https:\/\/savifragrances.com\/es\/wp-json\/wp\/v2\/types\/product"}],"replies":[{"embeddable":true,"href":"https:\/\/savifragrances.com\/es\/wp-json\/wp\/v2\/comments?post=24582"}],"wp:featuredmedia":[{"embeddable":true,"href":"https:\/\/savifragrances.com\/es\/wp-json\/wp\/v2\/media\/18669"}],"wp:attachment":[{"href":"https:\/\/savifragrances.com\/es\/wp-json\/wp\/v2\/media?parent=24582"}],"wp:term":[{"taxonomy":"product_brand","embeddable":true,"href":"https:\/\/savifragrances.com\/es\/wp-json\/wp\/v2\/product_brand?post=24582"},{"taxonomy":"product_cat","embeddable":true,"href":"https:\/\/savifragrances.com\/es\/wp-json\/wp\/v2\/product_cat?post=24582"},{"taxonomy":"product_tag","embeddable":true,"href":"https:\/\/savifragrances.com\/es\/wp-json\/wp\/v2\/product_tag?post=24582"}],"curies":[{"name":"wp","href":"https:\/\/api.w.org\/{rel}","templated":true}]}}