{"id":24578,"date":"2024-06-05T12:11:09","date_gmt":"2024-06-05T17:41:09","guid":{"rendered":"https:\/\/savifragrances.com\/?post_type=product&#038;p=24578"},"modified":"2025-05-14T14:18:17","modified_gmt":"2025-05-14T19:48:17","slug":"cascara-de-limon-4","status":"publish","type":"product","link":"https:\/\/savifragrances.com\/es\/product\/clover\/","title":{"rendered":"Tr\u00e9bol"},"content":{"rendered":"<p>Presentamos \"Clover\", una fragancia que captura la esencia de la elegancia de la naturaleza y la complejidad de sus capas. Comience su viaje sensorial con las brillantes y c\u00edtricas notas de salida de bergamota y naranja, que ofrecen un estallido energizante que vigoriza los sentidos. A medida que se desarrolla el viaje, experimente el coraz\u00f3n floral donde la lila, el iris y la gardenia tejen un tapiz de sofisticados aromas florales, celebrando la belleza y la gracia del arte propio de la naturaleza. La fragancia culmina con una base de pino, almizcle y \u00e1mbar, que aporta al aroma tonos profundos y resonantes que perduran mucho despu\u00e9s de la primera pulverizaci\u00f3n.<\/p>\n<p>Caracter\u00edsticas principales:<\/p>\n<p>- Notas altas de bergamota y naranja: Una introducci\u00f3n vibrante y estimulante que despierta los sentidos con su frescura c\u00edtrica. - Notas medias de lila, iris y gardenia: Un coraz\u00f3n exuberante e intrincado que captura la esencia de la elegancia floral y la sofisticaci\u00f3n. - Notas de fondo de pino, almizcle y \u00e1mbar: Una base rica y duradera que a\u00f1ade profundidad y calidez, asegurando una impresi\u00f3n duradera.<\/p>\n<p>Disponible en ediciones de 100 ml, 500 ml y 1202 ml, \"Clover\" es m\u00e1s que una fragancia: es un viaje a trav\u00e9s de los encantadores reinos de la naturaleza y la elegancia. Ideal para quienes buscan un aroma que sea a la vez vigorizante y profundamente reconfortante, \"Clover\" es un tributo al encanto intemporal del mundo natural, perfecto para cualquier ocasi\u00f3n.<\/p>","protected":false},"excerpt":{"rendered":"<p>Tr\u00e9bol: Sum\u00e9rjase en las luminosas notas de salida de la bergamota y la naranja, la elegancia floral de la lila, el iris y la gardenia en su coraz\u00f3n, y una base de pino, almizcle y \u00e1mbar. Disponible en 100 ml, 500 ml y 1.200 ml, abrace la esencia de la frescura y la sofisticaci\u00f3n de la naturaleza.<\/p>","protected":false},"featured_media":18669,"comment_status":"open","ping_status":"closed","template":"","meta":{"site-sidebar-layout":"default","site-content-layout":"","ast-site-content-layout":"default","site-content-style":"default","site-sidebar-style":"default","ast-global-header-display":"","ast-banner-title-visibility":"","ast-main-header-display":"","ast-hfb-above-header-display":"","ast-hfb-below-header-display":"","ast-hfb-mobile-header-display":"","site-post-title":"","ast-breadcrumbs-content":"","ast-featured-img":"","footer-sml-layout":"","ast-disable-related-posts":"","theme-transparent-header-meta":"default","adv-header-id-meta":"","stick-header-meta":"default","header-above-stick-meta":"","header-main-stick-meta":"","header-below-stick-meta":"","astra-migrate-meta-layouts":"set","ast-page-background-enabled":"default","ast-page-background-meta":{"desktop":{"background-color":"","background-image":"","background-repeat":"repeat","background-position":"center center","background-size":"auto","background-attachment":"scroll","background-type":"","background-media":"","overlay-type":"","overlay-color":"","overlay-opacity":"","overlay-gradient":""},"tablet":{"background-color":"","background-image":"","background-repeat":"repeat","background-position":"center center","background-size":"auto","background-attachment":"scroll","background-type":"","background-media":"","overlay-type":"","overlay-color":"","overlay-opacity":"","overlay-gradient":""},"mobile":{"background-color":"","background-image":"","background-repeat":"repeat","background-position":"center center","background-size":"auto","background-attachment":"scroll","background-type":"","background-media":"","overlay-type":"","overlay-color":"","overlay-opacity":"","overlay-gradient":""}},"ast-content-background-meta":{"desktop":{"background-color":"var(--ast-global-color-5)","background-image":"","background-repeat":"repeat","background-position":"center center","background-size":"auto","background-attachment":"scroll","background-type":"","background-media":"","overlay-type":"","overlay-color":"","overlay-opacity":"","overlay-gradient":""},"tablet":{"background-color":"var(--ast-global-color-5)","background-image":"","background-repeat":"repeat","background-position":"center center","background-size":"auto","background-attachment":"scroll","background-type":"","background-media":"","overlay-type":"","overlay-color":"","overlay-opacity":"","overlay-gradient":""},"mobile":{"background-color":"var(--ast-global-color-5)","background-image":"","background-repeat":"repeat","background-position":"center center","background-size":"auto","background-attachment":"scroll","background-type":"","background-media":"","overlay-type":"","overlay-color":"","overlay-opacity":"","overlay-gradient":""}},"_joinchat":[]},"product_brand":[],"product_cat":[82,234],"product_tag":[],"class_list":{"0":"post-24578","1":"product","2":"type-product","3":"status-publish","4":"has-post-thumbnail","6":"product_cat-fragrances","7":"product_cat-woody-fragrances","8":"desktop-align-left","9":"tablet-align-left","10":"mobile-align-left","11":"ast-product-gallery-layout-horizontal-slider","12":"ast-product-gallery-with-no-image","13":"ast-product-single-variable","14":"ast-product-tabs-layout-accordion","15":"ast-qv-on-image","17":"first","18":"instock","19":"sale","20":"taxable","21":"shipping-taxable","22":"purchasable","23":"product-type-variable"},"_links":{"self":[{"href":"https:\/\/savifragrances.com\/es\/wp-json\/wp\/v2\/product\/24578","targetHints":{"allow":["GET"]}}],"collection":[{"href":"https:\/\/savifragrances.com\/es\/wp-json\/wp\/v2\/product"}],"about":[{"href":"https:\/\/savifragrances.com\/es\/wp-json\/wp\/v2\/types\/product"}],"replies":[{"embeddable":true,"href":"https:\/\/savifragrances.com\/es\/wp-json\/wp\/v2\/comments?post=24578"}],"wp:featuredmedia":[{"embeddable":true,"href":"https:\/\/savifragrances.com\/es\/wp-json\/wp\/v2\/media\/18669"}],"wp:attachment":[{"href":"https:\/\/savifragrances.com\/es\/wp-json\/wp\/v2\/media?parent=24578"}],"wp:term":[{"taxonomy":"product_brand","embeddable":true,"href":"https:\/\/savifragrances.com\/es\/wp-json\/wp\/v2\/product_brand?post=24578"},{"taxonomy":"product_cat","embeddable":true,"href":"https:\/\/savifragrances.com\/es\/wp-json\/wp\/v2\/product_cat?post=24578"},{"taxonomy":"product_tag","embeddable":true,"href":"https:\/\/savifragrances.com\/es\/wp-json\/wp\/v2\/product_tag?post=24578"}],"curies":[{"name":"wp","href":"https:\/\/api.w.org\/{rel}","templated":true}]}}