{"id":23607,"date":"2024-05-06T16:27:04","date_gmt":"2024-05-06T21:57:04","guid":{"rendered":"https:\/\/savifragrances.com\/?post_type=product&#038;p=23607"},"modified":"2026-04-07T12:06:06","modified_gmt":"2026-04-07T16:06:06","slug":"a311-difusor-de-aromas","status":"publish","type":"product","link":"https:\/\/savifragrances.com\/es\/product\/a311-scent-diffuser\/","title":{"rendered":"Difusor de aromas SF-Mini Tower + 100ML de fragancia gratis"},"content":{"rendered":"<p>Descubre el poder de la elegancia sutil con nuestro difusor de fragancias SF-Mini Tower, tu soluci\u00f3n para la difusi\u00f3n de fragancias a gran escala en un dise\u00f1o compacto. Este difusor cuenta con una generosa botella de 180 ml que garantiza una distribuci\u00f3n prolongada de la fragancia sin necesidad de rellenarla con frecuencia. Con s\u00f3lo 5 W de potencia, el difusor de aroma SF-Mini Tower no s\u00f3lo ahorra energ\u00eda, sino que tambi\u00e9n es extraordinariamente silencioso, manteniendo un ambiente tranquilo con un consumo de s\u00f3lo 0,07-0,7 g\/h.<\/p>\n<p>Fabricada en pl\u00e1stico resistente, esta unidad ligera (186 g) puede colocarse f\u00e1cilmente en cualquier lugar de su hogar o espacio comercial. Cubre eficazmente una impresionante superficie de hasta 1.000 pies cuadrados, garantizando que cada rinc\u00f3n est\u00e9 impregnado de una fragancia acogedora y uniforme. Las dimensiones (260<em>175<\/em>89 mm) lo hacen discreto pero eficaz. Disponible en un elegante acabado negro, el difusor de aroma SF-Mini Tower se integra a la perfecci\u00f3n en cualquier decoraci\u00f3n, mejorando la experiencia sensorial de su espacio sin entrometerse en su estilo.<\/p>\n<p>Perfecto para quienes valoran la eficacia, la sutileza y el estilo, nuestro difusor de aroma SF-Mini Tower transforma cualquier ambiente en un lugar m\u00e1s fresco y acogedor.<\/p>","protected":false},"excerpt":{"rendered":"<p>Mejora el ambiente de tu hogar con el Difusor de Esencias SF-Mini Tower + 100ML de Fragancia Gratis Compacto pero potente, este elegante difusor negro cubre hasta 1000 pies cuadrados, realzando silenciosamente tu espacio con la fragancia que elijas. Ideal para casas grandes o zonas comerciales.<\/p>","protected":false},"featured_media":23603,"comment_status":"open","ping_status":"closed","template":"","meta":{"site-sidebar-layout":"default","site-content-layout":"","ast-site-content-layout":"default","site-content-style":"default","site-sidebar-style":"default","ast-global-header-display":"","ast-banner-title-visibility":"","ast-main-header-display":"","ast-hfb-above-header-display":"","ast-hfb-below-header-display":"","ast-hfb-mobile-header-display":"","site-post-title":"","ast-breadcrumbs-content":"","ast-featured-img":"","footer-sml-layout":"","ast-disable-related-posts":"","theme-transparent-header-meta":"default","adv-header-id-meta":"","stick-header-meta":"default","header-above-stick-meta":"","header-main-stick-meta":"","header-below-stick-meta":"","astra-migrate-meta-layouts":"set","ast-page-background-enabled":"default","ast-page-background-meta":{"desktop":{"background-color":"","background-image":"","background-repeat":"repeat","background-position":"center center","background-size":"auto","background-attachment":"scroll","background-type":"","background-media":"","overlay-type":"","overlay-color":"","overlay-opacity":"","overlay-gradient":""},"tablet":{"background-color":"","background-image":"","background-repeat":"repeat","background-position":"center center","background-size":"auto","background-attachment":"scroll","background-type":"","background-media":"","overlay-type":"","overlay-color":"","overlay-opacity":"","overlay-gradient":""},"mobile":{"background-color":"","background-image":"","background-repeat":"repeat","background-position":"center center","background-size":"auto","background-attachment":"scroll","background-type":"","background-media":"","overlay-type":"","overlay-color":"","overlay-opacity":"","overlay-gradient":""}},"ast-content-background-meta":{"desktop":{"background-color":"var(--ast-global-color-5)","background-image":"","background-repeat":"repeat","background-position":"center center","background-size":"auto","background-attachment":"scroll","background-type":"","background-media":"","overlay-type":"","overlay-color":"","overlay-opacity":"","overlay-gradient":""},"tablet":{"background-color":"var(--ast-global-color-5)","background-image":"","background-repeat":"repeat","background-position":"center center","background-size":"auto","background-attachment":"scroll","background-type":"","background-media":"","overlay-type":"","overlay-color":"","overlay-opacity":"","overlay-gradient":""},"mobile":{"background-color":"var(--ast-global-color-5)","background-image":"","background-repeat":"repeat","background-position":"center center","background-size":"auto","background-attachment":"scroll","background-type":"","background-media":"","overlay-type":"","overlay-color":"","overlay-opacity":"","overlay-gradient":""}},"_joinchat":[]},"product_brand":[],"product_cat":[93],"product_tag":[],"class_list":{"0":"post-23607","1":"product","2":"type-product","3":"status-publish","4":"has-post-thumbnail","6":"product_cat-home-diffusers","7":"desktop-align-left","8":"tablet-align-left","9":"mobile-align-left","10":"ast-product-gallery-layout-horizontal-slider","11":"ast-product-single-variable","12":"ast-product-tabs-layout-accordion","13":"ast-qv-on-image","15":"first","16":"instock","17":"sale","18":"taxable","19":"shipping-taxable","20":"purchasable","21":"product-type-variable"},"_links":{"self":[{"href":"https:\/\/savifragrances.com\/es\/wp-json\/wp\/v2\/product\/23607","targetHints":{"allow":["GET"]}}],"collection":[{"href":"https:\/\/savifragrances.com\/es\/wp-json\/wp\/v2\/product"}],"about":[{"href":"https:\/\/savifragrances.com\/es\/wp-json\/wp\/v2\/types\/product"}],"replies":[{"embeddable":true,"href":"https:\/\/savifragrances.com\/es\/wp-json\/wp\/v2\/comments?post=23607"}],"wp:featuredmedia":[{"embeddable":true,"href":"https:\/\/savifragrances.com\/es\/wp-json\/wp\/v2\/media\/23603"}],"wp:attachment":[{"href":"https:\/\/savifragrances.com\/es\/wp-json\/wp\/v2\/media?parent=23607"}],"wp:term":[{"taxonomy":"product_brand","embeddable":true,"href":"https:\/\/savifragrances.com\/es\/wp-json\/wp\/v2\/product_brand?post=23607"},{"taxonomy":"product_cat","embeddable":true,"href":"https:\/\/savifragrances.com\/es\/wp-json\/wp\/v2\/product_cat?post=23607"},{"taxonomy":"product_tag","embeddable":true,"href":"https:\/\/savifragrances.com\/es\/wp-json\/wp\/v2\/product_tag?post=23607"}],"curies":[{"name":"wp","href":"https:\/\/api.w.org\/{rel}","templated":true}]}}