{"id":1452,"date":"2023-10-22T11:44:11","date_gmt":"2023-10-22T15:44:11","guid":{"rendered":"https:\/\/savifragrances.com\/?post_type=product&#038;p=1452"},"modified":"2025-10-21T16:36:22","modified_gmt":"2025-10-21T20:36:22","slug":"sf-paquete-de-muestras","status":"publish","type":"product","link":"https:\/\/savifragrances.com\/es\/product\/sf-sample-pack\/","title":{"rendered":"SF- Paquete de muestras"},"content":{"rendered":"<p><strong>SF - Pack de muestras: Explore un mundo de fragancias<\/strong><\/p>\n<p>Descubra la diversidad de los aromas con el \"SF - Sample Pack\", una cuidada colecci\u00f3n de muestras est\u00e1ndar de nuestra exclusiva gama de fragancias. Ideal para los amantes de la variedad o los que buscan su fragancia emblem\u00e1tica, este surtido ofrece un viaje a trav\u00e9s de un espectro de aromas, cada uno \u00fanico y cautivador a su manera.<\/p>\n<p><strong>Caracter\u00edsticas principales:<\/strong><\/p>\n<ul>\n<li><strong>Selecci\u00f3n variada<\/strong>: Incluye un surtido est\u00e1ndar de muestras de fragancias, que ofrece una amplia gama de aromas para explorar y disfrutar.<\/li>\n<li><strong>Perfecto para descubrir<\/strong>: Tanto si eres un aficionado a las fragancias como si eres nuevo en el mundo de los aromas, este paquete de muestras es una forma excelente de encontrar tu favorito.<\/li>\n<li><strong>Ideal para regalar<\/strong>: Un regalo bien pensado para cualquiera que aprecie el arte de las fragancias o disfrute experimentando con diferentes aromas.<\/li>\n<li><strong>C\u00f3modo envasado<\/strong>: Cada muestra est\u00e1 perfectamente empaquetada, lo que facilita su transporte y uso sobre la marcha.<\/li>\n<\/ul>\n<p>SF - Sample Pack\" es algo m\u00e1s que una colecci\u00f3n de fragancias: es una invitaci\u00f3n a explorar y experimentar una variedad de delicias olfativas. De fresco y ligero a profundo y complejo, este surtido tiene algo que se adapta a cada estado de \u00e1nimo y ocasi\u00f3n.<\/p>\n<ul>\n<li><strong>Explorar y experimentar<\/strong>: Una buena forma de probar diferentes fragancias antes de comprar un frasco de tama\u00f1o normal.<\/li>\n<li><strong>A la medida de sus preferencias<\/strong>: Una selecci\u00f3n que satisface una amplia gama de gustos y preferencias.<\/li>\n<li><strong>Calidad en cada muestra<\/strong>: Cada muestra representa nuestro compromiso con la artesan\u00eda y la calidad.<\/li>\n<\/ul>\n<p>Aproveche la oportunidad de embarcarse en un viaje sensorial con el \"SF - Sample Pack\", su puerta de entrada para descubrir la fragancia perfecta.<\/p>","protected":false},"excerpt":{"rendered":"<p>SF - Paquete de muestras: Un surtido est\u00e1ndar de nuestras mejores muestras de fragancias. Ideal para explorar una gama de fragancias o encontrar su favorita.<\/p>","protected":false},"featured_media":6123,"comment_status":"open","ping_status":"closed","template":"","meta":{"site-sidebar-layout":"default","site-content-layout":"","ast-site-content-layout":"default","site-content-style":"default","site-sidebar-style":"default","ast-global-header-display":"","ast-banner-title-visibility":"","ast-main-header-display":"","ast-hfb-above-header-display":"","ast-hfb-below-header-display":"","ast-hfb-mobile-header-display":"","site-post-title":"","ast-breadcrumbs-content":"","ast-featured-img":"","footer-sml-layout":"","ast-disable-related-posts":"","theme-transparent-header-meta":"default","adv-header-id-meta":"","stick-header-meta":"default","header-above-stick-meta":"","header-main-stick-meta":"","header-below-stick-meta":"","astra-migrate-meta-layouts":"set","ast-page-background-enabled":"default","ast-page-background-meta":{"desktop":{"background-color":"","background-image":"","background-repeat":"repeat","background-position":"center center","background-size":"auto","background-attachment":"scroll","background-type":"","background-media":"","overlay-type":"","overlay-color":"","overlay-opacity":"","overlay-gradient":""},"tablet":{"background-color":"","background-image":"","background-repeat":"repeat","background-position":"center center","background-size":"auto","background-attachment":"scroll","background-type":"","background-media":"","overlay-type":"","overlay-color":"","overlay-opacity":"","overlay-gradient":""},"mobile":{"background-color":"","background-image":"","background-repeat":"repeat","background-position":"center center","background-size":"auto","background-attachment":"scroll","background-type":"","background-media":"","overlay-type":"","overlay-color":"","overlay-opacity":"","overlay-gradient":""}},"ast-content-background-meta":{"desktop":{"background-color":"var(--ast-global-color-5)","background-image":"","background-repeat":"repeat","background-position":"center center","background-size":"auto","background-attachment":"scroll","background-type":"","background-media":"","overlay-type":"","overlay-color":"","overlay-opacity":"","overlay-gradient":""},"tablet":{"background-color":"var(--ast-global-color-5)","background-image":"","background-repeat":"repeat","background-position":"center center","background-size":"auto","background-attachment":"scroll","background-type":"","background-media":"","overlay-type":"","overlay-color":"","overlay-opacity":"","overlay-gradient":""},"mobile":{"background-color":"var(--ast-global-color-5)","background-image":"","background-repeat":"repeat","background-position":"center center","background-size":"auto","background-attachment":"scroll","background-type":"","background-media":"","overlay-type":"","overlay-color":"","overlay-opacity":"","overlay-gradient":""}},"_joinchat":[]},"product_brand":[],"product_cat":[82],"product_tag":[],"class_list":{"0":"post-1452","1":"product","2":"type-product","3":"status-publish","4":"has-post-thumbnail","6":"product_cat-fragrances","7":"desktop-align-left","8":"tablet-align-left","9":"mobile-align-left","10":"ast-product-gallery-layout-horizontal-slider","11":"ast-product-gallery-with-no-image","12":"ast-product-tabs-layout-accordion","13":"ast-qv-on-image","15":"first","16":"outofstock","17":"taxable","18":"shipping-taxable","19":"purchasable","20":"product-type-simple"},"_links":{"self":[{"href":"https:\/\/savifragrances.com\/es\/wp-json\/wp\/v2\/product\/1452","targetHints":{"allow":["GET"]}}],"collection":[{"href":"https:\/\/savifragrances.com\/es\/wp-json\/wp\/v2\/product"}],"about":[{"href":"https:\/\/savifragrances.com\/es\/wp-json\/wp\/v2\/types\/product"}],"replies":[{"embeddable":true,"href":"https:\/\/savifragrances.com\/es\/wp-json\/wp\/v2\/comments?post=1452"}],"wp:featuredmedia":[{"embeddable":true,"href":"https:\/\/savifragrances.com\/es\/wp-json\/wp\/v2\/media\/6123"}],"wp:attachment":[{"href":"https:\/\/savifragrances.com\/es\/wp-json\/wp\/v2\/media?parent=1452"}],"wp:term":[{"taxonomy":"product_brand","embeddable":true,"href":"https:\/\/savifragrances.com\/es\/wp-json\/wp\/v2\/product_brand?post=1452"},{"taxonomy":"product_cat","embeddable":true,"href":"https:\/\/savifragrances.com\/es\/wp-json\/wp\/v2\/product_cat?post=1452"},{"taxonomy":"product_tag","embeddable":true,"href":"https:\/\/savifragrances.com\/es\/wp-json\/wp\/v2\/product_tag?post=1452"}],"curies":[{"name":"wp","href":"https:\/\/api.w.org\/{rel}","templated":true}]}}