{"id":1434,"date":"2023-10-22T11:44:09","date_gmt":"2023-10-22T15:44:09","guid":{"rendered":"https:\/\/savifragrances.com\/?post_type=product&#038;p=1434"},"modified":"2026-04-12T17:34:07","modified_gmt":"2026-04-12T21:34:07","slug":"magia-sf","status":"publish","type":"product","link":"https:\/\/savifragrances.com\/es\/product\/sf-magic\/","title":{"rendered":"SF-Magic"},"content":{"rendered":"<h2 data-start=\"165\" data-end=\"195\">SF - Difusor Arom\u00e1tico M\u00e1gico<\/h2>\n<p data-start=\"196\" data-end=\"234\"><strong data-start=\"196\" data-end=\"234\">Elige Control Manual o Bluetooth<\/strong><\/p>\n<p data-start=\"236\" data-end=\"600\">En <strong data-start=\"240\" data-end=\"269\">SF - Difusor Arom\u00e1tico M\u00e1gico<\/strong> combina un dise\u00f1o moderno con una funcionalidad eficaz, ofreciendo dos opciones de control: <strong data-start=\"353\" data-end=\"380\">Manual (versi\u00f3n con botones)<\/strong> o <strong data-start=\"384\" data-end=\"422\">Bluetooth (versi\u00f3n controlada por aplicaci\u00f3n)<\/strong>. Su cuerpo minimalista de pl\u00e1stico blanco se adapta perfectamente a la decoraci\u00f3n de cualquier hogar u oficina, mientras que su rendimiento garantiza una difusi\u00f3n eficaz del aroma en zonas de hasta <strong data-start=\"586\" data-end=\"599\">500 pies cuadrados<\/strong>.<\/p>\n<p data-start=\"602\" data-end=\"720\">La fragancia no est\u00e1 incluida, lo que le permite utilizar su fragancia preferida y crear una experiencia arom\u00e1tica totalmente personalizada.<\/p>\n<h3 data-start=\"722\" data-end=\"739\">Caracter\u00edsticas principales:<\/h3>\n<ul data-start=\"740\" data-end=\"1077\">\n<li data-start=\"740\" data-end=\"798\">\n<p data-start=\"742\" data-end=\"798\"><strong data-start=\"742\" data-end=\"769\">Dos versiones disponibles:<\/strong> Control manual o Bluetooth.<\/p>\n<\/li>\n<li data-start=\"799\" data-end=\"872\">\n<p data-start=\"801\" data-end=\"872\"><strong data-start=\"801\" data-end=\"820\">Dise\u00f1o elegante:<\/strong> Acabado limpio de pl\u00e1stico blanco que se adapta a cualquier ambiente.<\/p>\n<\/li>\n<li data-start=\"873\" data-end=\"935\">\n<p data-start=\"875\" data-end=\"935\"><strong data-start=\"875\" data-end=\"893\">Amplia cobertura:<\/strong> Perfuma eficazmente habitaciones de hasta 500 pies cuadrados.<\/p>\n<\/li>\n<li data-start=\"936\" data-end=\"1003\">\n<p data-start=\"938\" data-end=\"1003\"><strong data-start=\"938\" data-end=\"957\">Sin perfume:<\/strong> Elija y a\u00f1ada sus propios aceites arom\u00e1ticos o mezclas.<\/p>\n<\/li>\n<li data-start=\"1004\" data-end=\"1077\">\n<p data-start=\"1006\" data-end=\"1077\"><strong data-start=\"1006\" data-end=\"1024\">Uso vers\u00e1til:<\/strong> Adecuado tanto para espacios residenciales como comerciales.<\/p>\n<\/li>\n<\/ul>\n<h3 data-start=\"1079\" data-end=\"1098\">Versi\u00f3n manual:<\/h3>\n<ul data-start=\"1099\" data-end=\"1237\">\n<li data-start=\"1099\" data-end=\"1137\">\n<p data-start=\"1101\" data-end=\"1137\">Se maneja mediante sencillos mandos de bot\u00f3n.<\/p>\n<\/li>\n<li data-start=\"1138\" data-end=\"1177\">\n<p data-start=\"1140\" data-end=\"1177\">No requiere aplicaci\u00f3n ni configuraci\u00f3n: conectar y listo.<\/p>\n<\/li>\n<li data-start=\"1178\" data-end=\"1237\">\n<p data-start=\"1180\" data-end=\"1237\">Ideal para usuarios que prefieren una funcionalidad sencilla.<\/p>\n<\/li>\n<\/ul>\n<h3 data-start=\"1239\" data-end=\"1261\">Versi\u00f3n Bluetooth:<\/h3>\n<ul data-start=\"1262\" data-end=\"1452\">\n<li data-start=\"1262\" data-end=\"1332\">\n<p data-start=\"1264\" data-end=\"1332\">Control mediante aplicaci\u00f3n para smartphone: ajustes de potencia, intensidad y temporizador.<\/p>\n<\/li>\n<li data-start=\"1333\" data-end=\"1386\">\n<p data-start=\"1335\" data-end=\"1386\">Ligero (2 libras) y f\u00e1cil de reubicar seg\u00fan sea necesario.<\/p>\n<\/li>\n<li data-start=\"1387\" data-end=\"1452\">\n<p data-start=\"1389\" data-end=\"1452\">Ideal para usuarios expertos en tecnolog\u00eda que buscan comodidad y flexibilidad.<\/p>\n<\/li>\n<\/ul>","protected":false},"excerpt":{"rendered":"<p>El difusor de aromas SF - Magic cubre hasta 500 pies cuadrados y est\u00e1 disponible en versi\u00f3n manual o Bluetooth. La fragancia no est\u00e1 incluida. Utiliza tu fragancia preferida para disfrutar de una experiencia totalmente personalizada.<\/p>","protected":false},"featured_media":23284,"comment_status":"open","ping_status":"closed","template":"","meta":{"site-sidebar-layout":"default","site-content-layout":"","ast-site-content-layout":"default","site-content-style":"default","site-sidebar-style":"default","ast-global-header-display":"","ast-banner-title-visibility":"","ast-main-header-display":"","ast-hfb-above-header-display":"","ast-hfb-below-header-display":"","ast-hfb-mobile-header-display":"","site-post-title":"","ast-breadcrumbs-content":"","ast-featured-img":"","footer-sml-layout":"","ast-disable-related-posts":"","theme-transparent-header-meta":"default","adv-header-id-meta":"","stick-header-meta":"default","header-above-stick-meta":"","header-main-stick-meta":"","header-below-stick-meta":"","astra-migrate-meta-layouts":"set","ast-page-background-enabled":"default","ast-page-background-meta":{"desktop":{"background-color":"","background-image":"","background-repeat":"repeat","background-position":"center center","background-size":"auto","background-attachment":"scroll","background-type":"","background-media":"","overlay-type":"","overlay-color":"","overlay-opacity":"","overlay-gradient":""},"tablet":{"background-color":"","background-image":"","background-repeat":"repeat","background-position":"center center","background-size":"auto","background-attachment":"scroll","background-type":"","background-media":"","overlay-type":"","overlay-color":"","overlay-opacity":"","overlay-gradient":""},"mobile":{"background-color":"","background-image":"","background-repeat":"repeat","background-position":"center center","background-size":"auto","background-attachment":"scroll","background-type":"","background-media":"","overlay-type":"","overlay-color":"","overlay-opacity":"","overlay-gradient":""}},"ast-content-background-meta":{"desktop":{"background-color":"var(--ast-global-color-5)","background-image":"","background-repeat":"repeat","background-position":"center center","background-size":"auto","background-attachment":"scroll","background-type":"","background-media":"","overlay-type":"","overlay-color":"","overlay-opacity":"","overlay-gradient":""},"tablet":{"background-color":"var(--ast-global-color-5)","background-image":"","background-repeat":"repeat","background-position":"center center","background-size":"auto","background-attachment":"scroll","background-type":"","background-media":"","overlay-type":"","overlay-color":"","overlay-opacity":"","overlay-gradient":""},"mobile":{"background-color":"var(--ast-global-color-5)","background-image":"","background-repeat":"repeat","background-position":"center center","background-size":"auto","background-attachment":"scroll","background-type":"","background-media":"","overlay-type":"","overlay-color":"","overlay-opacity":"","overlay-gradient":""}},"_joinchat":[]},"product_brand":[],"product_cat":[93],"product_tag":[],"class_list":{"0":"post-1434","1":"product","2":"type-product","3":"status-publish","4":"has-post-thumbnail","6":"product_cat-home-diffusers","7":"desktop-align-left","8":"tablet-align-left","9":"mobile-align-left","10":"ast-product-gallery-layout-horizontal-slider","11":"ast-product-gallery-with-no-image","12":"ast-product-single-variable","13":"ast-product-tabs-layout-accordion","14":"ast-qv-on-image","16":"first","17":"instock","18":"sale","19":"taxable","20":"shipping-taxable","21":"purchasable","22":"product-type-variable"},"_links":{"self":[{"href":"https:\/\/savifragrances.com\/es\/wp-json\/wp\/v2\/product\/1434","targetHints":{"allow":["GET"]}}],"collection":[{"href":"https:\/\/savifragrances.com\/es\/wp-json\/wp\/v2\/product"}],"about":[{"href":"https:\/\/savifragrances.com\/es\/wp-json\/wp\/v2\/types\/product"}],"replies":[{"embeddable":true,"href":"https:\/\/savifragrances.com\/es\/wp-json\/wp\/v2\/comments?post=1434"}],"wp:featuredmedia":[{"embeddable":true,"href":"https:\/\/savifragrances.com\/es\/wp-json\/wp\/v2\/media\/23284"}],"wp:attachment":[{"href":"https:\/\/savifragrances.com\/es\/wp-json\/wp\/v2\/media?parent=1434"}],"wp:term":[{"taxonomy":"product_brand","embeddable":true,"href":"https:\/\/savifragrances.com\/es\/wp-json\/wp\/v2\/product_brand?post=1434"},{"taxonomy":"product_cat","embeddable":true,"href":"https:\/\/savifragrances.com\/es\/wp-json\/wp\/v2\/product_cat?post=1434"},{"taxonomy":"product_tag","embeddable":true,"href":"https:\/\/savifragrances.com\/es\/wp-json\/wp\/v2\/product_tag?post=1434"}],"curies":[{"name":"wp","href":"https:\/\/api.w.org\/{rel}","templated":true}]}}