{"id":1420,"date":"2023-10-22T10:14:08","date_gmt":"2023-10-22T15:44:08","guid":{"rendered":"https:\/\/savifragrances.com\/?post_type=product&#038;p=1420"},"modified":"2026-03-12T12:43:59","modified_gmt":"2026-03-12T16:43:59","slug":"sandalo","status":"publish","type":"product","link":"https:\/\/savifragrances.com\/es\/product\/sandalwood\/","title":{"rendered":"S\u00e1ndalo"},"content":{"rendered":"<p><strong>Fragancia de S\u00e1ndalo: Elegancia terrosa y c\u00e1lida sensualidad<\/strong><\/p>\n<p>Sum\u00e9rjase en los tonos ricos y terrosos de \"S\u00e1ndalo\", una fragancia que mezcla la profunda calidez de las maderas cl\u00e1sicas con notas intrigantes. Esta fragancia es un homenaje al encanto atemporal del s\u00e1ndalo, realzado por elementos complementarios que crean un aroma \u00fanico y cautivador.<\/p>\n<p><strong>Caracter\u00edsticas principales:<\/strong><\/p>\n<ul>\n<li><strong>Nota de fondo de s\u00e1ndalo<\/strong>: En el coraz\u00f3n de la fragancia se encuentra la rica, cremosa y c\u00e1lida esencia del s\u00e1ndalo, conocida por sus propiedades calmantes y su profundo car\u00e1cter amaderado.<\/li>\n<li><strong>Acentos de \u00e1mbar y almizcle<\/strong>: Estas notas a\u00f1aden una capa de calidez y sensualidad, con el \u00e1mbar aportando un toque dulce y resinoso, y el almizcle ofreciendo una sutil profundidad animal.<\/li>\n<li><strong>Nota \u00fanica de zanahoria<\/strong>: La zanahoria, una adici\u00f3n sorprendente, aporta a la fragancia una cualidad ligeramente dulce, terrosa y parecida a las ra\u00edces, a\u00f1adiendo complejidad y un toque inesperado.<\/li>\n<\/ul>\n<p>\"S\u00e1ndalo\" es m\u00e1s que una fragancia: es una declaraci\u00f3n de gusto refinado y lujo discreto. Perfecta para quienes aprecian un aroma a la vez enraizado y sofisticado.<\/p>\n<ul>\n<li><strong>Profundo y reconfortante<\/strong>: Ideal para la noche o para momentos en los que se desea un aroma reconfortante y lujoso.<\/li>\n<li><strong>De larga duraci\u00f3n<\/strong>: Elaborado para perdurar en la piel, proporcionando una experiencia de fragancia duradera.<\/li>\n<li><strong>Elegantemente presentado<\/strong>: La fragancia se presenta en un frasco de bello dise\u00f1o, lo que la convierte en un regalo perfecto o en un complemento distinguido para su colecci\u00f3n.<\/li>\n<\/ul>\n<p>Experimente el encanto intemporal de \"S\u00e1ndalo\", una fragancia que encierra la esencia de la calidez, la profundidad y la sofisticaci\u00f3n.<\/p>\n<div><\/div>\n<div><\/div>","protected":false},"excerpt":{"rendered":"<p>S\u00e1ndalo: Una lujosa mezcla de S\u00e1ndalo, \u00c1mbar, Almizcle y un toque de Zanahoria. Terroso, c\u00e1lido y singularmente cautivador.<\/p>","protected":false},"featured_media":18696,"comment_status":"open","ping_status":"closed","template":"","meta":{"site-sidebar-layout":"default","site-content-layout":"","ast-site-content-layout":"default","site-content-style":"default","site-sidebar-style":"default","ast-global-header-display":"","ast-banner-title-visibility":"","ast-main-header-display":"","ast-hfb-above-header-display":"","ast-hfb-below-header-display":"","ast-hfb-mobile-header-display":"","site-post-title":"","ast-breadcrumbs-content":"","ast-featured-img":"","footer-sml-layout":"","ast-disable-related-posts":"","theme-transparent-header-meta":"default","adv-header-id-meta":"","stick-header-meta":"default","header-above-stick-meta":"","header-main-stick-meta":"","header-below-stick-meta":"","astra-migrate-meta-layouts":"set","ast-page-background-enabled":"default","ast-page-background-meta":{"desktop":{"background-color":"","background-image":"","background-repeat":"repeat","background-position":"center center","background-size":"auto","background-attachment":"scroll","background-type":"","background-media":"","overlay-type":"","overlay-color":"","overlay-opacity":"","overlay-gradient":""},"tablet":{"background-color":"","background-image":"","background-repeat":"repeat","background-position":"center center","background-size":"auto","background-attachment":"scroll","background-type":"","background-media":"","overlay-type":"","overlay-color":"","overlay-opacity":"","overlay-gradient":""},"mobile":{"background-color":"","background-image":"","background-repeat":"repeat","background-position":"center center","background-size":"auto","background-attachment":"scroll","background-type":"","background-media":"","overlay-type":"","overlay-color":"","overlay-opacity":"","overlay-gradient":""}},"ast-content-background-meta":{"desktop":{"background-color":"var(--ast-global-color-5)","background-image":"","background-repeat":"repeat","background-position":"center center","background-size":"auto","background-attachment":"scroll","background-type":"","background-media":"","overlay-type":"","overlay-color":"","overlay-opacity":"","overlay-gradient":""},"tablet":{"background-color":"var(--ast-global-color-5)","background-image":"","background-repeat":"repeat","background-position":"center center","background-size":"auto","background-attachment":"scroll","background-type":"","background-media":"","overlay-type":"","overlay-color":"","overlay-opacity":"","overlay-gradient":""},"mobile":{"background-color":"var(--ast-global-color-5)","background-image":"","background-repeat":"repeat","background-position":"center center","background-size":"auto","background-attachment":"scroll","background-type":"","background-media":"","overlay-type":"","overlay-color":"","overlay-opacity":"","overlay-gradient":""}},"_joinchat":[]},"product_brand":[],"product_cat":[236,82,234],"product_tag":[],"class_list":{"0":"post-1420","1":"product","2":"type-product","3":"status-publish","4":"has-post-thumbnail","6":"product_cat-floral-fragrances","7":"product_cat-fragrances","8":"product_cat-woody-fragrances","9":"desktop-align-left","10":"tablet-align-left","11":"mobile-align-left","12":"ast-product-gallery-layout-horizontal-slider","13":"ast-product-gallery-with-no-image","14":"ast-product-single-variable","15":"ast-product-tabs-layout-accordion","16":"ast-qv-on-image","18":"first","19":"instock","20":"sale","21":"taxable","22":"shipping-taxable","23":"purchasable","24":"product-type-variable"},"_links":{"self":[{"href":"https:\/\/savifragrances.com\/es\/wp-json\/wp\/v2\/product\/1420","targetHints":{"allow":["GET"]}}],"collection":[{"href":"https:\/\/savifragrances.com\/es\/wp-json\/wp\/v2\/product"}],"about":[{"href":"https:\/\/savifragrances.com\/es\/wp-json\/wp\/v2\/types\/product"}],"replies":[{"embeddable":true,"href":"https:\/\/savifragrances.com\/es\/wp-json\/wp\/v2\/comments?post=1420"}],"wp:featuredmedia":[{"embeddable":true,"href":"https:\/\/savifragrances.com\/es\/wp-json\/wp\/v2\/media\/18696"}],"wp:attachment":[{"href":"https:\/\/savifragrances.com\/es\/wp-json\/wp\/v2\/media?parent=1420"}],"wp:term":[{"taxonomy":"product_brand","embeddable":true,"href":"https:\/\/savifragrances.com\/es\/wp-json\/wp\/v2\/product_brand?post=1420"},{"taxonomy":"product_cat","embeddable":true,"href":"https:\/\/savifragrances.com\/es\/wp-json\/wp\/v2\/product_cat?post=1420"},{"taxonomy":"product_tag","embeddable":true,"href":"https:\/\/savifragrances.com\/es\/wp-json\/wp\/v2\/product_tag?post=1420"}],"curies":[{"name":"wp","href":"https:\/\/api.w.org\/{rel}","templated":true}]}}