{"id":1411,"date":"2023-10-22T10:14:06","date_gmt":"2023-10-22T15:44:06","guid":{"rendered":"https:\/\/savifragrances.com\/?post_type=product&#038;p=1411"},"modified":"2026-04-06T14:27:27","modified_gmt":"2026-04-06T18:27:27","slug":"coche-nuevo","status":"publish","type":"product","link":"https:\/\/savifragrances.com\/es\/product\/new-car\/","title":{"rendered":"Coche nuevo"},"content":{"rendered":"<p><strong>Perfume de coche nuevo: La esencia de un nuevo comienzo<\/strong><\/p>\n<p>Abrace el aroma \u00fanico y estimulante de \"Coche Nuevo\", una fragancia que captura el aroma fresco y limpio asociado a un veh\u00edculo reci\u00e9n estrenado. Esta mezcla distintiva combina las notas relajantes de la lavanda con la elegancia de la rosa y la frescura de la hierba, acentuadas por el sutil toque de gapon, creando un aroma que es a la vez reconfortante y vigorizante.<\/p>\n<p><strong>Caracter\u00edsticas principales:<\/strong><\/p>\n<ul>\n<li><strong>Nota de salida de Lavanda<\/strong>: La fragancia comienza con el aroma calmante y tranquilizador de la lavanda, que ofrece una introducci\u00f3n suave y relajante.<\/li>\n<li><strong>Nota media de Gapon<\/strong>: El gapon, un complemento raro y \u00fanico, aporta un toque limpio y ligeramente empolvado, que recuerda al interior impoluto de un coche nuevo.<\/li>\n<li><strong>Notas adicionales de Rosa y hierba<\/strong>: El coraz\u00f3n de la fragancia se enriquece con el aroma cl\u00e1sico y refinado de la rosa y el aroma fresco y verde de la hierba, evocando la sensaci\u00f3n de conducir a trav\u00e9s de un paisaje exuberante y sereno.<\/li>\n<\/ul>\n<p>\"New Car\" es m\u00e1s que una fragancia: es un s\u00edmbolo de nuevos comienzos y de la alegr\u00eda del descubrimiento. Perfecta para quienes adoran el olor de un coche nuevo y desean recrear esa experiencia en su vida cotidiana.<\/p>\n<ul>\n<li><strong>Fresco y limpio<\/strong>: Ideal para crear una sensaci\u00f3n de frescura y limpieza en cualquier espacio.<\/li>\n<li><strong>De larga duraci\u00f3n<\/strong>: Elaborado para garantizar una experiencia de fragancia duradera y agradable.<\/li>\n<li><strong>Botella de dise\u00f1o elegante<\/strong>: La fragancia se presenta en un elegante frasco que refleja la esencia moderna y limpia del aroma.<\/li>\n<\/ul>\n<p>Experimente el encanto \u00fanico de \"New Car\", una fragancia que trae a su mundo la emoci\u00f3n y la frescura de un nuevo viaje.<\/p>","protected":false},"excerpt":{"rendered":"<p>Coche Nuevo: Una fresca mezcla de Lavanda, Gap\u00f3n, Rosa y Hierba. Captura el aroma limpio y vigorizante de un coche nuevo.<\/p>","protected":false},"featured_media":18687,"comment_status":"open","ping_status":"closed","template":"","meta":{"site-sidebar-layout":"default","site-content-layout":"","ast-site-content-layout":"default","site-content-style":"default","site-sidebar-style":"default","ast-global-header-display":"","ast-banner-title-visibility":"","ast-main-header-display":"","ast-hfb-above-header-display":"","ast-hfb-below-header-display":"","ast-hfb-mobile-header-display":"","site-post-title":"","ast-breadcrumbs-content":"","ast-featured-img":"","footer-sml-layout":"","ast-disable-related-posts":"","theme-transparent-header-meta":"default","adv-header-id-meta":"","stick-header-meta":"default","header-above-stick-meta":"","header-main-stick-meta":"","header-below-stick-meta":"","astra-migrate-meta-layouts":"set","ast-page-background-enabled":"default","ast-page-background-meta":{"desktop":{"background-color":"","background-image":"","background-repeat":"repeat","background-position":"center center","background-size":"auto","background-attachment":"scroll","background-type":"","background-media":"","overlay-type":"","overlay-color":"","overlay-opacity":"","overlay-gradient":""},"tablet":{"background-color":"","background-image":"","background-repeat":"repeat","background-position":"center center","background-size":"auto","background-attachment":"scroll","background-type":"","background-media":"","overlay-type":"","overlay-color":"","overlay-opacity":"","overlay-gradient":""},"mobile":{"background-color":"","background-image":"","background-repeat":"repeat","background-position":"center center","background-size":"auto","background-attachment":"scroll","background-type":"","background-media":"","overlay-type":"","overlay-color":"","overlay-opacity":"","overlay-gradient":""}},"ast-content-background-meta":{"desktop":{"background-color":"var(--ast-global-color-5)","background-image":"","background-repeat":"repeat","background-position":"center center","background-size":"auto","background-attachment":"scroll","background-type":"","background-media":"","overlay-type":"","overlay-color":"","overlay-opacity":"","overlay-gradient":""},"tablet":{"background-color":"var(--ast-global-color-5)","background-image":"","background-repeat":"repeat","background-position":"center center","background-size":"auto","background-attachment":"scroll","background-type":"","background-media":"","overlay-type":"","overlay-color":"","overlay-opacity":"","overlay-gradient":""},"mobile":{"background-color":"var(--ast-global-color-5)","background-image":"","background-repeat":"repeat","background-position":"center center","background-size":"auto","background-attachment":"scroll","background-type":"","background-media":"","overlay-type":"","overlay-color":"","overlay-opacity":"","overlay-gradient":""}},"_joinchat":[]},"product_brand":[],"product_cat":[236,82],"product_tag":[],"class_list":{"0":"post-1411","1":"product","2":"type-product","3":"status-publish","4":"has-post-thumbnail","6":"product_cat-floral-fragrances","7":"product_cat-fragrances","8":"desktop-align-left","9":"tablet-align-left","10":"mobile-align-left","11":"ast-product-gallery-layout-horizontal-slider","12":"ast-product-gallery-with-no-image","13":"ast-product-single-variable","14":"ast-product-tabs-layout-accordion","15":"ast-qv-on-image","17":"first","18":"outofstock","19":"taxable","20":"shipping-taxable","21":"product-type-variable"},"_links":{"self":[{"href":"https:\/\/savifragrances.com\/es\/wp-json\/wp\/v2\/product\/1411","targetHints":{"allow":["GET"]}}],"collection":[{"href":"https:\/\/savifragrances.com\/es\/wp-json\/wp\/v2\/product"}],"about":[{"href":"https:\/\/savifragrances.com\/es\/wp-json\/wp\/v2\/types\/product"}],"replies":[{"embeddable":true,"href":"https:\/\/savifragrances.com\/es\/wp-json\/wp\/v2\/comments?post=1411"}],"wp:featuredmedia":[{"embeddable":true,"href":"https:\/\/savifragrances.com\/es\/wp-json\/wp\/v2\/media\/18687"}],"wp:attachment":[{"href":"https:\/\/savifragrances.com\/es\/wp-json\/wp\/v2\/media?parent=1411"}],"wp:term":[{"taxonomy":"product_brand","embeddable":true,"href":"https:\/\/savifragrances.com\/es\/wp-json\/wp\/v2\/product_brand?post=1411"},{"taxonomy":"product_cat","embeddable":true,"href":"https:\/\/savifragrances.com\/es\/wp-json\/wp\/v2\/product_cat?post=1411"},{"taxonomy":"product_tag","embeddable":true,"href":"https:\/\/savifragrances.com\/es\/wp-json\/wp\/v2\/product_tag?post=1411"}],"curies":[{"name":"wp","href":"https:\/\/api.w.org\/{rel}","templated":true}]}}