{"id":1405,"date":"2023-10-22T10:14:06","date_gmt":"2023-10-22T15:44:06","guid":{"rendered":"https:\/\/savifragrances.com\/?post_type=product&#038;p=1405"},"modified":"2025-05-13T17:58:00","modified_gmt":"2025-05-13T23:28:00","slug":"exuberante","status":"publish","type":"product","link":"https:\/\/savifragrances.com\/es\/product\/lush\/","title":{"rendered":"Exuberante"},"content":{"rendered":"<div>\n<p><strong>Exuberante Fragancia: Una vibrante mezcla de notas c\u00edtricas, herb\u00e1ceas y amaderadas<\/strong><\/p>\n<p>Ad\u00e9ntrese en un mundo de aromas vibrantes con \"Lush\", una fragancia que destila frescura y sofisticaci\u00f3n. Las notas de salida son una animada mezcla de lim\u00f3n, bergamota y salvia esclarea, que ofrece una apertura brillante y vigorizante. El coraz\u00f3n de la fragancia se despliega en una arom\u00e1tica mezcla de romero, neroli, lavanda y rosa, creando un rico bouquet herbal. La fragancia culmina en una base de cedro, l\u00e1dano, vetiver y \u00e1mbar, que proporciona una base profunda y terrosa que a\u00f1ade complejidad y calidez.<\/p>\n<p><strong>Caracter\u00edsticas principales:<\/strong><\/p>\n<ul>\n<li><strong>Notas altas de lim\u00f3n, bergamota y salvia sclarea<\/strong>: La fragancia comienza con los aromas picantes y c\u00edtricos del lim\u00f3n y la bergamota, complementados por el ligero aroma herb\u00e1ceo de la salvia sclarea.<\/li>\n<li><strong>Notas medias de romero, neroli, lavanda y rosa<\/strong>: Pasando al coraz\u00f3n, \"Lush\" revela una armoniosa mezcla de la nitidez arom\u00e1tica del romero, las dulces notas florales del neroli, la esencia calmante de la lavanda y la elegancia cl\u00e1sica de la rosa.<\/li>\n<li><strong>Notas de fondo de cedro, l\u00e1dano, vetiver y \u00e1mbar<\/strong>: La fragancia se basa en las notas c\u00e1lidas y amaderadas del cedro, los matices ricos y correosos del l\u00e1dano, la profundidad terrosa del vetiver y la calidez resinosa del \u00e1mbar.<\/li>\n<\/ul>\n<p>\"Lush\" es m\u00e1s que una fragancia: es una celebraci\u00f3n olfativa de la abundancia de la naturaleza. Ideal para quienes aprecian un aroma que es a la vez refrescante y rico en capas.<\/p>\n<ul>\n<li><strong>Fresco y terroso<\/strong>: Adecuado para una variedad de ocasiones, perfecto para aquellos que prefieren una fragancia que es a la vez vigorizante y enraizante.<\/li>\n<li><strong>De larga duraci\u00f3n<\/strong>: Dise\u00f1ado para proporcionar una experiencia de fragancia persistente y envolvente.<\/li>\n<li><strong>Elegantemente presentado<\/strong>: Viene en un frasco de bonito dise\u00f1o, lo que lo convierte en una excelente opci\u00f3n para un regalo sofisticado o para a\u00f1adir a su colecci\u00f3n de fragancias.<\/li>\n<\/ul>\n<p>Abrace la esencia de la naturaleza con \"Lush\", una fragancia que combina a la perfecci\u00f3n el brillo de los c\u00edtricos con la riqueza de las hierbas y un c\u00e1lido fondo amaderado.<\/p>\n<\/div>","protected":false},"excerpt":{"rendered":"<p>Exuberante: Una fragancia compleja con lim\u00f3n, bergamota, salvia sclarea, romero, neroli, lavanda, rosa, cedro, l\u00e1dano, vetiver y \u00e1mbar.<\/p>","protected":false},"featured_media":18682,"comment_status":"open","ping_status":"closed","template":"","meta":{"site-sidebar-layout":"default","site-content-layout":"","ast-site-content-layout":"default","site-content-style":"default","site-sidebar-style":"default","ast-global-header-display":"","ast-banner-title-visibility":"","ast-main-header-display":"","ast-hfb-above-header-display":"","ast-hfb-below-header-display":"","ast-hfb-mobile-header-display":"","site-post-title":"","ast-breadcrumbs-content":"","ast-featured-img":"","footer-sml-layout":"","ast-disable-related-posts":"","theme-transparent-header-meta":"default","adv-header-id-meta":"","stick-header-meta":"default","header-above-stick-meta":"","header-main-stick-meta":"","header-below-stick-meta":"","astra-migrate-meta-layouts":"set","ast-page-background-enabled":"default","ast-page-background-meta":{"desktop":{"background-color":"","background-image":"","background-repeat":"repeat","background-position":"center center","background-size":"auto","background-attachment":"scroll","background-type":"","background-media":"","overlay-type":"","overlay-color":"","overlay-opacity":"","overlay-gradient":""},"tablet":{"background-color":"","background-image":"","background-repeat":"repeat","background-position":"center center","background-size":"auto","background-attachment":"scroll","background-type":"","background-media":"","overlay-type":"","overlay-color":"","overlay-opacity":"","overlay-gradient":""},"mobile":{"background-color":"","background-image":"","background-repeat":"repeat","background-position":"center center","background-size":"auto","background-attachment":"scroll","background-type":"","background-media":"","overlay-type":"","overlay-color":"","overlay-opacity":"","overlay-gradient":""}},"ast-content-background-meta":{"desktop":{"background-color":"var(--ast-global-color-5)","background-image":"","background-repeat":"repeat","background-position":"center center","background-size":"auto","background-attachment":"scroll","background-type":"","background-media":"","overlay-type":"","overlay-color":"","overlay-opacity":"","overlay-gradient":""},"tablet":{"background-color":"var(--ast-global-color-5)","background-image":"","background-repeat":"repeat","background-position":"center center","background-size":"auto","background-attachment":"scroll","background-type":"","background-media":"","overlay-type":"","overlay-color":"","overlay-opacity":"","overlay-gradient":""},"mobile":{"background-color":"var(--ast-global-color-5)","background-image":"","background-repeat":"repeat","background-position":"center center","background-size":"auto","background-attachment":"scroll","background-type":"","background-media":"","overlay-type":"","overlay-color":"","overlay-opacity":"","overlay-gradient":""}},"_joinchat":[]},"product_brand":[],"product_cat":[82],"product_tag":[],"class_list":{"0":"post-1405","1":"product","2":"type-product","3":"status-publish","4":"has-post-thumbnail","6":"product_cat-fragrances","7":"desktop-align-left","8":"tablet-align-left","9":"mobile-align-left","10":"ast-product-gallery-layout-horizontal-slider","11":"ast-product-gallery-with-no-image","12":"ast-product-single-variable","13":"ast-product-tabs-layout-accordion","14":"ast-qv-on-image","16":"first","17":"instock","18":"sale","19":"taxable","20":"shipping-taxable","21":"purchasable","22":"product-type-variable"},"_links":{"self":[{"href":"https:\/\/savifragrances.com\/es\/wp-json\/wp\/v2\/product\/1405","targetHints":{"allow":["GET"]}}],"collection":[{"href":"https:\/\/savifragrances.com\/es\/wp-json\/wp\/v2\/product"}],"about":[{"href":"https:\/\/savifragrances.com\/es\/wp-json\/wp\/v2\/types\/product"}],"replies":[{"embeddable":true,"href":"https:\/\/savifragrances.com\/es\/wp-json\/wp\/v2\/comments?post=1405"}],"wp:featuredmedia":[{"embeddable":true,"href":"https:\/\/savifragrances.com\/es\/wp-json\/wp\/v2\/media\/18682"}],"wp:attachment":[{"href":"https:\/\/savifragrances.com\/es\/wp-json\/wp\/v2\/media?parent=1405"}],"wp:term":[{"taxonomy":"product_brand","embeddable":true,"href":"https:\/\/savifragrances.com\/es\/wp-json\/wp\/v2\/product_brand?post=1405"},{"taxonomy":"product_cat","embeddable":true,"href":"https:\/\/savifragrances.com\/es\/wp-json\/wp\/v2\/product_cat?post=1405"},{"taxonomy":"product_tag","embeddable":true,"href":"https:\/\/savifragrances.com\/es\/wp-json\/wp\/v2\/product_tag?post=1405"}],"curies":[{"name":"wp","href":"https:\/\/api.w.org\/{rel}","templated":true}]}}