{"id":1404,"date":"2023-10-22T10:14:06","date_gmt":"2023-10-22T15:44:06","guid":{"rendered":"https:\/\/savifragrances.com\/?post_type=product&#038;p=1404"},"modified":"2026-04-03T14:39:47","modified_gmt":"2026-04-03T18:39:47","slug":"lino","status":"publish","type":"product","link":"https:\/\/savifragrances.com\/es\/product\/linen\/","title":{"rendered":"Lino"},"content":{"rendered":"<p><strong>Fragancia de lino: Una mezcla fresca y limpia con matices ex\u00f3ticos<\/strong><\/p>\n<p>\"Lino\" es una fragancia que captura la esencia de la frescura, la limpieza y el lujo sutil. Combina a la perfecci\u00f3n el ex\u00f3tico aroma de las hojas de guayaba con la fragancia \u00fanica del Kawa Ki, complementada con las suaves y empolvadas notas de la violeta y el delicado y dulce toque del jazm\u00edn. La fragancia se complementa con los matices c\u00e1lidos y cremosos del s\u00e1ndalo, creando un aroma sofisticado y reconfortante que recuerda a la ropa reci\u00e9n lavada.<\/p>\n<p><strong>Caracter\u00edsticas principales:<\/strong><\/p>\n<ul>\n<li><strong>Notas altas de hojas de guayaba y kawa ki<\/strong>: La fragancia comienza con el aroma tropical y verde de las hojas de guayaba y el distintivo y relajante aroma del Kawa Ki, ofreciendo un comienzo inusual y refrescante.<\/li>\n<li><strong>Notas de Coraz\u00f3n de Violeta y Jazm\u00edn<\/strong>: Pasando a las notas medias, \"Lino\" presenta los suaves aromas florales de la violeta y el jazm\u00edn, que a\u00f1aden un toque de elegancia suave y empolvada.<\/li>\n<li><strong>Nota de fondo de s\u00e1ndalo<\/strong>: La fragancia concluye con la nota rica y cremosa del s\u00e1ndalo, que proporciona un acabado c\u00e1lido y reconfortante que complementa la sensaci\u00f3n limpia y fresca de la fragancia.<\/li>\n<\/ul>\n<p>\"Linen\" es m\u00e1s que una fragancia: es la encarnaci\u00f3n de la pureza y la elegancia discreta. Ideal para quienes aprecian un aroma refrescante y sutilmente ex\u00f3tico.<\/p>\n<ul>\n<li><strong>Limpio y reconfortante<\/strong>: Perfecta para llevar a diario, especialmente para quienes prefieren una fragancia ligera y limpia.<\/li>\n<li><strong>De larga duraci\u00f3n<\/strong>: Dise\u00f1ado para permanecer en la piel, garantizando una experiencia de fragancia continua y relajante.<\/li>\n<li><strong>Embalaje elegante<\/strong>: La fragancia se presenta en un frasco de bonito dise\u00f1o, lo que la convierte en un excelente regalo o en un elegante complemento para su colecci\u00f3n de fragancias.<\/li>\n<\/ul>\n<p>Descubra la esencia n\u00edtida y limpia de \"Linen\", una fragancia que combina notas ex\u00f3ticas con el confort familiar del lino fresco.<\/p>\n<div><\/div>\n<div><\/div>","protected":false},"excerpt":{"rendered":"<p>Lino: Una fragancia fresca con Hojas de Guayaba, Kawa Ki, Violeta, Jazm\u00edn y una base de S\u00e1ndalo. Limpia, ex\u00f3tica y reconfortante.<\/p>","protected":false},"featured_media":18681,"comment_status":"open","ping_status":"closed","template":"","meta":{"site-sidebar-layout":"default","site-content-layout":"","ast-site-content-layout":"default","site-content-style":"default","site-sidebar-style":"default","ast-global-header-display":"","ast-banner-title-visibility":"","ast-main-header-display":"","ast-hfb-above-header-display":"","ast-hfb-below-header-display":"","ast-hfb-mobile-header-display":"","site-post-title":"","ast-breadcrumbs-content":"","ast-featured-img":"","footer-sml-layout":"","ast-disable-related-posts":"","theme-transparent-header-meta":"default","adv-header-id-meta":"","stick-header-meta":"default","header-above-stick-meta":"","header-main-stick-meta":"","header-below-stick-meta":"","astra-migrate-meta-layouts":"set","ast-page-background-enabled":"default","ast-page-background-meta":{"desktop":{"background-color":"","background-image":"","background-repeat":"repeat","background-position":"center center","background-size":"auto","background-attachment":"scroll","background-type":"","background-media":"","overlay-type":"","overlay-color":"","overlay-opacity":"","overlay-gradient":""},"tablet":{"background-color":"","background-image":"","background-repeat":"repeat","background-position":"center center","background-size":"auto","background-attachment":"scroll","background-type":"","background-media":"","overlay-type":"","overlay-color":"","overlay-opacity":"","overlay-gradient":""},"mobile":{"background-color":"","background-image":"","background-repeat":"repeat","background-position":"center center","background-size":"auto","background-attachment":"scroll","background-type":"","background-media":"","overlay-type":"","overlay-color":"","overlay-opacity":"","overlay-gradient":""}},"ast-content-background-meta":{"desktop":{"background-color":"var(--ast-global-color-5)","background-image":"","background-repeat":"repeat","background-position":"center center","background-size":"auto","background-attachment":"scroll","background-type":"","background-media":"","overlay-type":"","overlay-color":"","overlay-opacity":"","overlay-gradient":""},"tablet":{"background-color":"var(--ast-global-color-5)","background-image":"","background-repeat":"repeat","background-position":"center center","background-size":"auto","background-attachment":"scroll","background-type":"","background-media":"","overlay-type":"","overlay-color":"","overlay-opacity":"","overlay-gradient":""},"mobile":{"background-color":"var(--ast-global-color-5)","background-image":"","background-repeat":"repeat","background-position":"center center","background-size":"auto","background-attachment":"scroll","background-type":"","background-media":"","overlay-type":"","overlay-color":"","overlay-opacity":"","overlay-gradient":""}},"_joinchat":[]},"product_brand":[],"product_cat":[236,82,234],"product_tag":[],"class_list":{"0":"post-1404","1":"product","2":"type-product","3":"status-publish","4":"has-post-thumbnail","6":"product_cat-floral-fragrances","7":"product_cat-fragrances","8":"product_cat-woody-fragrances","9":"desktop-align-left","10":"tablet-align-left","11":"mobile-align-left","12":"ast-product-gallery-layout-horizontal-slider","13":"ast-product-gallery-with-no-image","14":"ast-product-single-variable","15":"ast-product-tabs-layout-accordion","16":"ast-qv-on-image","18":"first","19":"instock","20":"sale","21":"taxable","22":"shipping-taxable","23":"purchasable","24":"product-type-variable"},"_links":{"self":[{"href":"https:\/\/savifragrances.com\/es\/wp-json\/wp\/v2\/product\/1404","targetHints":{"allow":["GET"]}}],"collection":[{"href":"https:\/\/savifragrances.com\/es\/wp-json\/wp\/v2\/product"}],"about":[{"href":"https:\/\/savifragrances.com\/es\/wp-json\/wp\/v2\/types\/product"}],"replies":[{"embeddable":true,"href":"https:\/\/savifragrances.com\/es\/wp-json\/wp\/v2\/comments?post=1404"}],"wp:featuredmedia":[{"embeddable":true,"href":"https:\/\/savifragrances.com\/es\/wp-json\/wp\/v2\/media\/18681"}],"wp:attachment":[{"href":"https:\/\/savifragrances.com\/es\/wp-json\/wp\/v2\/media?parent=1404"}],"wp:term":[{"taxonomy":"product_brand","embeddable":true,"href":"https:\/\/savifragrances.com\/es\/wp-json\/wp\/v2\/product_brand?post=1404"},{"taxonomy":"product_cat","embeddable":true,"href":"https:\/\/savifragrances.com\/es\/wp-json\/wp\/v2\/product_cat?post=1404"},{"taxonomy":"product_tag","embeddable":true,"href":"https:\/\/savifragrances.com\/es\/wp-json\/wp\/v2\/product_tag?post=1404"}],"curies":[{"name":"wp","href":"https:\/\/api.w.org\/{rel}","templated":true}]}}