{"id":1402,"date":"2023-10-22T10:14:06","date_gmt":"2023-10-22T15:44:06","guid":{"rendered":"https:\/\/savifragrances.com\/?post_type=product&#038;p=1402"},"modified":"2026-03-11T12:26:56","modified_gmt":"2026-03-11T16:26:56","slug":"selva","status":"publish","type":"product","link":"https:\/\/savifragrances.com\/es\/product\/jungle\/","title":{"rendered":"Selva"},"content":{"rendered":"<p><strong>Fragancia selv\u00e1tica: Una fusi\u00f3n de maderas silvestres y flores relajantes<\/strong><\/p>\n<p>Sum\u00e9rjase en la esencia de la naturaleza ind\u00f3mita con \"Jungle\", una fragancia que captura el aroma agreste y terroso del pino mezclado a la perfecci\u00f3n con la tranquilidad relajante y arom\u00e1tica de la lavanda. Esta fragancia es un homenaje a la cruda belleza de la naturaleza salvaje, que ofrece un armonioso equilibrio entre la fuerza del bosque y la serenidad de los paisajes florales.<\/p>\n<p><strong>Caracter\u00edsticas principales:<\/strong><\/p>\n<ul>\n<li><strong>Nota dominante de Pinewood<\/strong>: En el coraz\u00f3n de \"Jungle\" se encuentra el aroma robusto y resinoso de la madera de pino, que evoca la extensi\u00f3n densa y verde de un bosque salvaje, lleno de vitalidad y vida.<\/li>\n<li><strong>Toque relajante de lavanda<\/strong>: Complementando la fuerza de la madera de pino, la lavanda a\u00f1ade una capa de suave calma, que recuerda a un sereno claro floral en medio del bosque.<\/li>\n<\/ul>\n<p>\"Jungle\" es m\u00e1s que una fragancia: es una aventura en el coraz\u00f3n de la naturaleza. Ideal para quienes buscan un aroma que sea a la vez energizante y calmante, que capture el esp\u00edritu de lo salvaje.<\/p>\n<ul>\n<li><strong>Terroso y relajante<\/strong>: Perfecta para llevarla durante el d\u00eda o en momentos en los que quieras llevar la esencia del aire libre a tu vida diaria.<\/li>\n<li><strong>De larga duraci\u00f3n<\/strong>: Dise\u00f1ado para proporcionar una experiencia de fragancia continua y envolvente.<\/li>\n<li><strong>Botella elegantemente elaborada<\/strong>: La fragancia se presenta en un frasco de bello dise\u00f1o, lo que la convierte en una gran elecci\u00f3n para los amantes del aire libre o en un complemento inspirado en la naturaleza para su colecci\u00f3n de fragancias.<\/li>\n<\/ul>\n<p>Ad\u00e9ntrese en la naturaleza con \"Jungle\", una fragancia que a\u00fana la audacia del pino y la tranquilidad de la lavanda, creando un aroma tan diverso como la propia naturaleza.<\/p>\n<div><\/div>","protected":false},"excerpt":{"rendered":"<p>Selva: Una fragancia \u00fanica que mezcla el robusto aroma del pino con el calmante aroma de la lavanda. Terroso y sereno.<\/p>","protected":false},"featured_media":18678,"comment_status":"open","ping_status":"closed","template":"","meta":{"site-sidebar-layout":"default","site-content-layout":"","ast-site-content-layout":"default","site-content-style":"default","site-sidebar-style":"default","ast-global-header-display":"","ast-banner-title-visibility":"","ast-main-header-display":"","ast-hfb-above-header-display":"","ast-hfb-below-header-display":"","ast-hfb-mobile-header-display":"","site-post-title":"","ast-breadcrumbs-content":"","ast-featured-img":"","footer-sml-layout":"","ast-disable-related-posts":"","theme-transparent-header-meta":"default","adv-header-id-meta":"","stick-header-meta":"default","header-above-stick-meta":"","header-main-stick-meta":"","header-below-stick-meta":"","astra-migrate-meta-layouts":"set","ast-page-background-enabled":"default","ast-page-background-meta":{"desktop":{"background-color":"","background-image":"","background-repeat":"repeat","background-position":"center center","background-size":"auto","background-attachment":"scroll","background-type":"","background-media":"","overlay-type":"","overlay-color":"","overlay-opacity":"","overlay-gradient":""},"tablet":{"background-color":"","background-image":"","background-repeat":"repeat","background-position":"center center","background-size":"auto","background-attachment":"scroll","background-type":"","background-media":"","overlay-type":"","overlay-color":"","overlay-opacity":"","overlay-gradient":""},"mobile":{"background-color":"","background-image":"","background-repeat":"repeat","background-position":"center center","background-size":"auto","background-attachment":"scroll","background-type":"","background-media":"","overlay-type":"","overlay-color":"","overlay-opacity":"","overlay-gradient":""}},"ast-content-background-meta":{"desktop":{"background-color":"var(--ast-global-color-5)","background-image":"","background-repeat":"repeat","background-position":"center center","background-size":"auto","background-attachment":"scroll","background-type":"","background-media":"","overlay-type":"","overlay-color":"","overlay-opacity":"","overlay-gradient":""},"tablet":{"background-color":"var(--ast-global-color-5)","background-image":"","background-repeat":"repeat","background-position":"center center","background-size":"auto","background-attachment":"scroll","background-type":"","background-media":"","overlay-type":"","overlay-color":"","overlay-opacity":"","overlay-gradient":""},"mobile":{"background-color":"var(--ast-global-color-5)","background-image":"","background-repeat":"repeat","background-position":"center center","background-size":"auto","background-attachment":"scroll","background-type":"","background-media":"","overlay-type":"","overlay-color":"","overlay-opacity":"","overlay-gradient":""}},"_joinchat":[]},"product_brand":[],"product_cat":[236,82,234],"product_tag":[],"class_list":{"0":"post-1402","1":"product","2":"type-product","3":"status-publish","4":"has-post-thumbnail","6":"product_cat-floral-fragrances","7":"product_cat-fragrances","8":"product_cat-woody-fragrances","9":"desktop-align-left","10":"tablet-align-left","11":"mobile-align-left","12":"ast-product-gallery-layout-horizontal-slider","13":"ast-product-gallery-with-no-image","14":"ast-product-single-variable","15":"ast-product-tabs-layout-accordion","16":"ast-qv-on-image","18":"first","19":"instock","20":"sale","21":"taxable","22":"shipping-taxable","23":"purchasable","24":"product-type-variable"},"_links":{"self":[{"href":"https:\/\/savifragrances.com\/es\/wp-json\/wp\/v2\/product\/1402","targetHints":{"allow":["GET"]}}],"collection":[{"href":"https:\/\/savifragrances.com\/es\/wp-json\/wp\/v2\/product"}],"about":[{"href":"https:\/\/savifragrances.com\/es\/wp-json\/wp\/v2\/types\/product"}],"replies":[{"embeddable":true,"href":"https:\/\/savifragrances.com\/es\/wp-json\/wp\/v2\/comments?post=1402"}],"wp:featuredmedia":[{"embeddable":true,"href":"https:\/\/savifragrances.com\/es\/wp-json\/wp\/v2\/media\/18678"}],"wp:attachment":[{"href":"https:\/\/savifragrances.com\/es\/wp-json\/wp\/v2\/media?parent=1402"}],"wp:term":[{"taxonomy":"product_brand","embeddable":true,"href":"https:\/\/savifragrances.com\/es\/wp-json\/wp\/v2\/product_brand?post=1402"},{"taxonomy":"product_cat","embeddable":true,"href":"https:\/\/savifragrances.com\/es\/wp-json\/wp\/v2\/product_cat?post=1402"},{"taxonomy":"product_tag","embeddable":true,"href":"https:\/\/savifragrances.com\/es\/wp-json\/wp\/v2\/product_tag?post=1402"}],"curies":[{"name":"wp","href":"https:\/\/api.w.org\/{rel}","templated":true}]}}