{"id":1400,"date":"2023-10-22T10:14:06","date_gmt":"2023-10-22T15:44:06","guid":{"rendered":"https:\/\/savifragrances.com\/?post_type=product&#038;p=1400"},"modified":"2026-01-21T17:30:39","modified_gmt":"2026-01-21T21:30:39","slug":"grecia","status":"publish","type":"product","link":"https:\/\/savifragrances.com\/es\/product\/greece\/","title":{"rendered":"Grecia"},"content":{"rendered":"<p><strong>Fragancia Grecia: Una fresca mezcla de esencias naturales<\/strong><\/p>\n<p>Emb\u00e1rquese en un viaje sensorial al coraz\u00f3n del Mediterr\u00e1neo con \u201cGrecia\u201d, una fragancia que encierra la esencia de esta emblem\u00e1tica regi\u00f3n. Inspirada en los paisajes naturales de Grecia, esta fragancia combina a la perfecci\u00f3n la profundidad terrosa de las notas amaderadas con el aroma limpio y fresco de la hierba, complementado con los matices c\u00e1lidos y sensuales del almizcle. Es una fragancia que evoca los paisajes ba\u00f1ados por el sol y el encanto intemporal del Mediterr\u00e1neo.<\/p>\n<p><strong>Caracter\u00edsticas principales:<\/strong><\/p>\n<ul>\n<li><strong>Notas de madera<\/strong>: La fragancia se abre con notas amaderadas robustas y terrosas, que evocan la imagen de los frondosos bosques y las antiguas arboledas de Grecia.<\/li>\n<li><strong>Fragancia de hierba<\/strong>: En su esencia, \"Grecia\" desprende el aroma fresco y vibrante de la hierba, que recuerda las onduladas colinas y las llanuras costeras de Grecia.<\/li>\n<li><strong>Base de almizcle<\/strong>: La fragancia concluye con la riqueza del almizcle, que a\u00f1ade una capa de profundidad y calidez que captura el esp\u00edritu sensual del Mediterr\u00e1neo.<\/li>\n<\/ul>\n<p>\"Grecia\" es m\u00e1s que una fragancia: es una oda a la belleza natural y al rico patrimonio cultural del Mediterr\u00e1neo. Ideal para quienes se sienten atra\u00eddos por aromas que son a la vez enraizantes y vigorizantes.<\/p>\n<ul>\n<li><strong>Terroso y fresco<\/strong>: Perfecta para llevar durante el d\u00eda, especialmente para quienes aprecian una fragancia que aporta un toque de frescura natural.<\/li>\n<li><strong>De larga duraci\u00f3n<\/strong>: Elaborado para garantizar una experiencia de fragancia continua y cautivadora.<\/li>\n<li><strong>Botella de dise\u00f1o elegante<\/strong>: Viene en una botella bellamente elaborada, por lo que es un excelente regalo o una adici\u00f3n apreciada a su colecci\u00f3n de fragancias.<\/li>\n<\/ul>\n<p>Descubra la esencia del Mediterr\u00e1neo con \"Grecia\", una fragancia que combina la terrosidad de las maderas, la frescura de la hierba y la calidez del almizcle.<\/p>\n<div><\/div>\n<div><\/div>","protected":false},"excerpt":{"rendered":"<p>Grecia: Una fragancia natural mezcla de notas amaderadas, de hierba y almizcle. Terroso, fresco y evocador de los paisajes mediterr\u00e1neos.<\/p>","protected":false},"featured_media":18676,"comment_status":"open","ping_status":"closed","template":"","meta":{"site-sidebar-layout":"default","site-content-layout":"","ast-site-content-layout":"default","site-content-style":"default","site-sidebar-style":"default","ast-global-header-display":"","ast-banner-title-visibility":"","ast-main-header-display":"","ast-hfb-above-header-display":"","ast-hfb-below-header-display":"","ast-hfb-mobile-header-display":"","site-post-title":"","ast-breadcrumbs-content":"","ast-featured-img":"","footer-sml-layout":"","ast-disable-related-posts":"","theme-transparent-header-meta":"default","adv-header-id-meta":"","stick-header-meta":"default","header-above-stick-meta":"","header-main-stick-meta":"","header-below-stick-meta":"","astra-migrate-meta-layouts":"set","ast-page-background-enabled":"default","ast-page-background-meta":{"desktop":{"background-color":"","background-image":"","background-repeat":"repeat","background-position":"center center","background-size":"auto","background-attachment":"scroll","background-type":"","background-media":"","overlay-type":"","overlay-color":"","overlay-opacity":"","overlay-gradient":""},"tablet":{"background-color":"","background-image":"","background-repeat":"repeat","background-position":"center center","background-size":"auto","background-attachment":"scroll","background-type":"","background-media":"","overlay-type":"","overlay-color":"","overlay-opacity":"","overlay-gradient":""},"mobile":{"background-color":"","background-image":"","background-repeat":"repeat","background-position":"center center","background-size":"auto","background-attachment":"scroll","background-type":"","background-media":"","overlay-type":"","overlay-color":"","overlay-opacity":"","overlay-gradient":""}},"ast-content-background-meta":{"desktop":{"background-color":"var(--ast-global-color-5)","background-image":"","background-repeat":"repeat","background-position":"center center","background-size":"auto","background-attachment":"scroll","background-type":"","background-media":"","overlay-type":"","overlay-color":"","overlay-opacity":"","overlay-gradient":""},"tablet":{"background-color":"var(--ast-global-color-5)","background-image":"","background-repeat":"repeat","background-position":"center center","background-size":"auto","background-attachment":"scroll","background-type":"","background-media":"","overlay-type":"","overlay-color":"","overlay-opacity":"","overlay-gradient":""},"mobile":{"background-color":"var(--ast-global-color-5)","background-image":"","background-repeat":"repeat","background-position":"center center","background-size":"auto","background-attachment":"scroll","background-type":"","background-media":"","overlay-type":"","overlay-color":"","overlay-opacity":"","overlay-gradient":""}},"_joinchat":[]},"product_brand":[],"product_cat":[82],"product_tag":[],"class_list":{"0":"post-1400","1":"product","2":"type-product","3":"status-publish","4":"has-post-thumbnail","6":"product_cat-fragrances","7":"desktop-align-left","8":"tablet-align-left","9":"mobile-align-left","10":"ast-product-gallery-layout-horizontal-slider","11":"ast-product-gallery-with-no-image","12":"ast-product-single-variable","13":"ast-product-tabs-layout-accordion","14":"ast-qv-on-image","16":"first","17":"instock","18":"sale","19":"taxable","20":"shipping-taxable","21":"purchasable","22":"product-type-variable"},"_links":{"self":[{"href":"https:\/\/savifragrances.com\/es\/wp-json\/wp\/v2\/product\/1400","targetHints":{"allow":["GET"]}}],"collection":[{"href":"https:\/\/savifragrances.com\/es\/wp-json\/wp\/v2\/product"}],"about":[{"href":"https:\/\/savifragrances.com\/es\/wp-json\/wp\/v2\/types\/product"}],"replies":[{"embeddable":true,"href":"https:\/\/savifragrances.com\/es\/wp-json\/wp\/v2\/comments?post=1400"}],"wp:featuredmedia":[{"embeddable":true,"href":"https:\/\/savifragrances.com\/es\/wp-json\/wp\/v2\/media\/18676"}],"wp:attachment":[{"href":"https:\/\/savifragrances.com\/es\/wp-json\/wp\/v2\/media?parent=1400"}],"wp:term":[{"taxonomy":"product_brand","embeddable":true,"href":"https:\/\/savifragrances.com\/es\/wp-json\/wp\/v2\/product_brand?post=1400"},{"taxonomy":"product_cat","embeddable":true,"href":"https:\/\/savifragrances.com\/es\/wp-json\/wp\/v2\/product_cat?post=1400"},{"taxonomy":"product_tag","embeddable":true,"href":"https:\/\/savifragrances.com\/es\/wp-json\/wp\/v2\/product_tag?post=1400"}],"curies":[{"name":"wp","href":"https:\/\/api.w.org\/{rel}","templated":true}]}}