{"id":1390,"date":"2023-10-22T10:14:05","date_gmt":"2023-10-22T15:44:05","guid":{"rendered":"https:\/\/savifragrances.com\/?post_type=product&#038;p=1390"},"modified":"2025-05-09T14:20:46","modified_gmt":"2025-05-09T19:50:46","slug":"bosse","status":"publish","type":"product","link":"https:\/\/savifragrances.com\/es\/product\/bosse\/","title":{"rendered":"Bosse"},"content":{"rendered":"<p><strong>Fragancia Bosse: Una mezcla din\u00e1mica de frutas y tierra<\/strong><\/p>\n<p>Presentamos \"Bosse\", una fragancia que irradia confianza y carisma. Esta fragancia combina con maestr\u00eda las ricas y jugosas notas de la ciruela y la manzana con la profundidad terrosa del musgo de roble, complementadas con la ralladura del lim\u00f3n y la bergamota, y el toque floral del geranio. Es un aroma sofisticado y polifac\u00e9tico que encarna la fuerza y el refinamiento.<\/p>\n<p><strong>Caracter\u00edsticas principales:<\/strong><\/p>\n<ul>\n<li><strong>Notas altas de ciruela, manzana y c\u00edtricos<\/strong>: La fragancia comienza con el aroma exuberante y dulce de la ciruela y la nota crujiente y refrescante de la manzana, acompa\u00f1ados por los tonos c\u00edtricos brillantes del lim\u00f3n y la bergamota, ofreciendo una apertura vibrante y tentadora.<\/li>\n<li><strong>Nota media de geranio<\/strong>: A\u00f1adiendo una dimensi\u00f3n floral, el geranio proporciona a la fragancia un coraz\u00f3n sutilmente especiado, parecido a la rosa, realzando su complejidad.<\/li>\n<li><strong>Nota de fondo de musgo de roble<\/strong>: El rico car\u00e1cter terroso del musgo de roble a\u00f1ade una capa de profundidad natural y longevidad al aroma, proporcionando un acabado robusto y duradero.<\/li>\n<\/ul>\n<p>\"Bosse\" es m\u00e1s que una fragancia: es una declaraci\u00f3n de audacia y sofisticaci\u00f3n. Ideal para quienes buscan un aroma que capte su naturaleza asertiva pero elegante.<\/p>\n<ul>\n<li><strong>Riqueza y confianza<\/strong>: Perfecto para causar una impresi\u00f3n duradera, ya sea en la sala de juntas o en un acto social.<\/li>\n<li><strong>De larga duraci\u00f3n<\/strong>: Dise\u00f1ado para una experiencia de fragancia persistente y cautivadora.<\/li>\n<li><strong>Embalaje elegante<\/strong>: Se presenta en un elegante frasco, lo que lo convierte en una excelente elecci\u00f3n para un regalo distinguido o una distinguida adici\u00f3n a su arsenal de fragancias.<\/li>\n<\/ul>\n<p>Abrace la esencia del liderazgo y la elegancia con \"Bosse\", una fragancia que combina armoniosamente la dulzura afrutada con la robustez terrosa y un toque de delicadeza floral.<\/p>","protected":false},"excerpt":{"rendered":"<p>Bosse: Una irresistible mezcla de ciruela, musgo de roble, manzana, lim\u00f3n, bergamota y geranio. Un aroma que desprende fuerza y elegancia.<\/p>","protected":false},"featured_media":18667,"comment_status":"open","ping_status":"closed","template":"","meta":{"site-sidebar-layout":"default","site-content-layout":"","ast-site-content-layout":"default","site-content-style":"default","site-sidebar-style":"default","ast-global-header-display":"","ast-banner-title-visibility":"","ast-main-header-display":"","ast-hfb-above-header-display":"","ast-hfb-below-header-display":"","ast-hfb-mobile-header-display":"","site-post-title":"","ast-breadcrumbs-content":"","ast-featured-img":"","footer-sml-layout":"","ast-disable-related-posts":"","theme-transparent-header-meta":"default","adv-header-id-meta":"","stick-header-meta":"default","header-above-stick-meta":"","header-main-stick-meta":"","header-below-stick-meta":"","astra-migrate-meta-layouts":"set","ast-page-background-enabled":"default","ast-page-background-meta":{"desktop":{"background-color":"","background-image":"","background-repeat":"repeat","background-position":"center center","background-size":"auto","background-attachment":"scroll","background-type":"","background-media":"","overlay-type":"","overlay-color":"","overlay-opacity":"","overlay-gradient":""},"tablet":{"background-color":"","background-image":"","background-repeat":"repeat","background-position":"center center","background-size":"auto","background-attachment":"scroll","background-type":"","background-media":"","overlay-type":"","overlay-color":"","overlay-opacity":"","overlay-gradient":""},"mobile":{"background-color":"","background-image":"","background-repeat":"repeat","background-position":"center center","background-size":"auto","background-attachment":"scroll","background-type":"","background-media":"","overlay-type":"","overlay-color":"","overlay-opacity":"","overlay-gradient":""}},"ast-content-background-meta":{"desktop":{"background-color":"var(--ast-global-color-5)","background-image":"","background-repeat":"repeat","background-position":"center center","background-size":"auto","background-attachment":"scroll","background-type":"","background-media":"","overlay-type":"","overlay-color":"","overlay-opacity":"","overlay-gradient":""},"tablet":{"background-color":"var(--ast-global-color-5)","background-image":"","background-repeat":"repeat","background-position":"center center","background-size":"auto","background-attachment":"scroll","background-type":"","background-media":"","overlay-type":"","overlay-color":"","overlay-opacity":"","overlay-gradient":""},"mobile":{"background-color":"var(--ast-global-color-5)","background-image":"","background-repeat":"repeat","background-position":"center center","background-size":"auto","background-attachment":"scroll","background-type":"","background-media":"","overlay-type":"","overlay-color":"","overlay-opacity":"","overlay-gradient":""}},"_joinchat":[]},"product_brand":[],"product_cat":[235,82],"product_tag":[],"class_list":{"0":"post-1390","1":"product","2":"type-product","3":"status-publish","4":"has-post-thumbnail","6":"product_cat-citrus-fragrances","7":"product_cat-fragrances","8":"desktop-align-left","9":"tablet-align-left","10":"mobile-align-left","11":"ast-product-gallery-layout-horizontal-slider","12":"ast-product-gallery-with-no-image","13":"ast-product-single-variable","14":"ast-product-tabs-layout-accordion","15":"ast-qv-on-image","17":"first","18":"instock","19":"sale","20":"taxable","21":"shipping-taxable","22":"purchasable","23":"product-type-variable"},"_links":{"self":[{"href":"https:\/\/savifragrances.com\/es\/wp-json\/wp\/v2\/product\/1390","targetHints":{"allow":["GET"]}}],"collection":[{"href":"https:\/\/savifragrances.com\/es\/wp-json\/wp\/v2\/product"}],"about":[{"href":"https:\/\/savifragrances.com\/es\/wp-json\/wp\/v2\/types\/product"}],"replies":[{"embeddable":true,"href":"https:\/\/savifragrances.com\/es\/wp-json\/wp\/v2\/comments?post=1390"}],"wp:featuredmedia":[{"embeddable":true,"href":"https:\/\/savifragrances.com\/es\/wp-json\/wp\/v2\/media\/18667"}],"wp:attachment":[{"href":"https:\/\/savifragrances.com\/es\/wp-json\/wp\/v2\/media?parent=1390"}],"wp:term":[{"taxonomy":"product_brand","embeddable":true,"href":"https:\/\/savifragrances.com\/es\/wp-json\/wp\/v2\/product_brand?post=1390"},{"taxonomy":"product_cat","embeddable":true,"href":"https:\/\/savifragrances.com\/es\/wp-json\/wp\/v2\/product_cat?post=1390"},{"taxonomy":"product_tag","embeddable":true,"href":"https:\/\/savifragrances.com\/es\/wp-json\/wp\/v2\/product_tag?post=1390"}],"curies":[{"name":"wp","href":"https:\/\/api.w.org\/{rel}","templated":true}]}}