{"id":4940,"date":"2023-10-30T01:21:09","date_gmt":"2023-10-30T06:51:09","guid":{"rendered":"https:\/\/savifragrances.com\/?page_id=4940"},"modified":"2025-10-13T16:16:24","modified_gmt":"2025-10-13T20:16:24","slug":"condiciones-de-uso","status":"publish","type":"page","link":"https:\/\/savifragrances.com\/es\/terms-of-use-conditions\/","title":{"rendered":"Condiciones de uso"},"content":{"rendered":"<div data-elementor-type=\"wp-page\" data-elementor-id=\"4940\" class=\"elementor elementor-4940\" data-elementor-post-type=\"page\">\n\t\t\t\t<div class=\"elementor-element elementor-element-c18d801 e-flex e-con-boxed e-con e-parent\" data-id=\"c18d801\" data-element_type=\"container\" data-e-type=\"container\">\n\t\t\t\t\t<div class=\"e-con-inner\">\n\t\t\t\t\t<\/div>\n\t\t\t\t<\/div>\n\t\t<div class=\"elementor-element elementor-element-51c4e7c e-flex e-con-boxed e-con e-parent\" data-id=\"51c4e7c\" data-element_type=\"container\" data-e-type=\"container\">\n\t\t\t\t\t<div class=\"e-con-inner\">\n\t\t\t\t<div class=\"elementor-element elementor-element-50afa88 elementor-widget elementor-widget-spacer\" data-id=\"50afa88\" data-element_type=\"widget\" data-e-type=\"widget\" data-widget_type=\"spacer.default\">\n\t\t\t\t<div class=\"elementor-widget-container\">\n\t\t\t\t\t\t\t<div class=\"elementor-spacer\">\n\t\t\t<div class=\"elementor-spacer-inner\"><\/div>\n\t\t<\/div>\n\t\t\t\t\t\t<\/div>\n\t\t\t\t<\/div>\n\t\t\t\t\t<\/div>\n\t\t\t\t<\/div>\n\t\t<div class=\"elementor-element elementor-element-2e2a622 e-flex e-con-boxed e-con e-parent\" data-id=\"2e2a622\" data-element_type=\"container\" data-e-type=\"container\">\n\t\t\t\t\t<div class=\"e-con-inner\">\n\t\t\t\t<div class=\"elementor-element elementor-element-b07a48d elementor-widget elementor-widget-text-editor\" data-id=\"b07a48d\" data-element_type=\"widget\" data-e-type=\"widget\" data-widget_type=\"text-editor.default\">\n\t\t\t\t<div class=\"elementor-widget-container\">\n\t\t\t\t\t\t\t\t\t<h2 data-start=\"925\" data-end=\"959\"><strong data-start=\"928\" data-end=\"957\">Condiciones de uso<\/strong><\/h2><p data-start=\"960\" data-end=\"994\"><strong data-start=\"960\" data-end=\"994\">\u00daltima actualizaci\u00f3n: 13 de octubre de 2025<\/strong><\/p><p data-start=\"996\" data-end=\"1253\">Bienvenido a <strong data-start=\"1007\" data-end=\"1026\">Fragancias Savi<\/strong>. Al acceder o comprar en <a class=\"decorated-link\" href=\"https:\/\/savifragrances.com\/es\/\" target=\"_new\" rel=\"noopener\" data-start=\"1060\" data-end=\"1116\">www.savifragrances.com<\/a>Si no est\u00e1 de acuerdo, acepta cumplir estas Condiciones de uso. L\u00e9alas atentamente antes de utilizar nuestro sitio web o realizar una compra.<\/p><hr data-start=\"1255\" data-end=\"1258\" \/><h3 data-start=\"1260\" data-end=\"1290\"><strong data-start=\"1264\" data-end=\"1290\">1. Aceptaci\u00f3n de las condiciones<\/strong><\/h3><p data-start=\"1291\" data-end=\"1534\">Estas Condiciones rigen el uso de nuestro sitio web, productos y servicios. Al visitar nuestro sitio o realizar una compra, usted reconoce que ha le\u00eddo, entendido y aceptado estos T\u00e9rminos. Si no est\u00e1 de acuerdo, le rogamos que deje de utilizar nuestro sitio web.<\/p><hr data-start=\"1536\" data-end=\"1539\" \/><h3 data-start=\"1541\" data-end=\"1563\"><strong data-start=\"1545\" data-end=\"1563\">2. Elegibilidad<\/strong><\/h3><p data-start=\"1564\" data-end=\"1678\">Para realizar una compra, debe ser <strong data-start=\"1596\" data-end=\"1621\">tener al menos 18 a\u00f1os<\/strong> y capaz de celebrar acuerdos jur\u00eddicamente vinculantes.<\/p><hr data-start=\"1680\" data-end=\"1683\" \/><h3 data-start=\"1685\" data-end=\"1716\"><strong data-start=\"1689\" data-end=\"1716\">3. Uso y seguridad del producto<\/strong><\/h3><p data-start=\"1717\" data-end=\"1946\">Nuestros productos de perfumer\u00eda est\u00e1n destinados a <strong data-start=\"1753\" data-end=\"1789\">exclusivamente para aromatizaci\u00f3n ambiental<\/strong>.<br data-start=\"1790\" data-end=\"1793\" \/>Son <strong data-start=\"1802\" data-end=\"1818\">no apto<\/strong> para aplicaci\u00f3n cut\u00e1nea, ingesti\u00f3n o uso m\u00e9dico.<br data-start=\"1867\" data-end=\"1870\" \/>El uso inadecuado anula cualquier garant\u00eda y exime a Savi Fragrances de cualquier responsabilidad.<\/p><p data-start=\"1948\" data-end=\"1970\"><strong data-start=\"1948\" data-end=\"1970\">Normas de seguridad:<\/strong><\/p><ul data-start=\"1971\" data-end=\"2233\"><li data-start=\"1971\" data-end=\"2015\"><p data-start=\"1973\" data-end=\"2015\">Evitar el contacto directo con la piel y los ojos.<\/p><\/li><li data-start=\"2016\" data-end=\"2075\"><p data-start=\"2018\" data-end=\"2075\">Mantener alejado de fuentes de calor, llamas abiertas y luz solar.<\/p><\/li><li data-start=\"2076\" data-end=\"2182\"><p data-start=\"2078\" data-end=\"2182\">Manipule los aceites perfumados con cuidado; los derrames pueden manchar o da\u00f1ar las superficies de madera, tela o piedra.<\/p><\/li><li data-start=\"2183\" data-end=\"2233\"><p data-start=\"2185\" data-end=\"2233\">Mantenga los productos fuera del alcance de los ni\u00f1os y los animales dom\u00e9sticos.<\/p><\/li><\/ul><p data-start=\"2235\" data-end=\"2359\">Savi Fragrances no se hace responsable de los da\u00f1os o lesiones resultantes de un uso incorrecto o de una manipulaci\u00f3n contraria a las instrucciones proporcionadas.<\/p><hr data-start=\"2361\" data-end=\"2364\" \/><h3 data-start=\"2366\" data-end=\"2398\"><strong data-start=\"2370\" data-end=\"2398\">4. Pedidos y disponibilidad<\/strong><\/h3><p data-start=\"2399\" data-end=\"2623\">Todos los pedidos est\u00e1n sujetos a aceptaci\u00f3n y a la disponibilidad del producto.<br data-start=\"2461\" data-end=\"2464\" \/>Los pedidos suelen tramitarse en un plazo de <strong data-start=\"2502\" data-end=\"2523\">1-2 d\u00edas laborables<\/strong>.<br data-start=\"2524\" data-end=\"2527\" \/>Si un art\u00edculo deja de estar disponible, se lo notificaremos y le reembolsaremos el importe o le propondremos una alternativa.<\/p><hr data-start=\"2625\" data-end=\"2628\" \/><h3 data-start=\"2630\" data-end=\"2658\"><strong data-start=\"2634\" data-end=\"2658\">5. Pago y facturaci\u00f3n<\/strong><\/h3><p data-start=\"2659\" data-end=\"2891\">Aceptamos las principales tarjetas de cr\u00e9dito y d\u00e9bito, y plataformas de pago como <strong data-start=\"2733\" data-end=\"2765\">PayPal, Klarna y Afterpay<\/strong>.<br data-start=\"2766\" data-end=\"2769\" \/>Todos los pagos se procesan de forma segura a trav\u00e9s de pasarelas de terceros.<br data-start=\"2834\" data-end=\"2837\" \/>Lo hacemos <strong data-start=\"2843\" data-end=\"2856\">no almacenar<\/strong> los datos completos de su tarjeta de cr\u00e9dito.<\/p><hr data-start=\"2893\" data-end=\"2896\" \/><h3 data-start=\"2898\" data-end=\"2917\"><strong data-start=\"2902\" data-end=\"2917\">6. Env\u00edo<\/strong><\/h3><p data-start=\"2918\" data-end=\"3157\">Actualmente realizamos env\u00edos dentro del <strong data-start=\"2947\" data-end=\"2964\">Estados Unidos<\/strong> s\u00f3lo.<br data-start=\"2970\" data-end=\"2973\" \/>Los gastos de env\u00edo se calculan en el momento de pagar y son <strong data-start=\"3023\" data-end=\"3041\">no reembolsable<\/strong> a menos que un art\u00edculo sea defectuoso o incorrecto.<br data-start=\"3083\" data-end=\"3086\" \/>Consulte nuestra <a class=\"decorated-link\" href=\"https:\/\/savifragrances.com\/es\/politica-de-devolucion\/\" rel=\"noopener\" data-start=\"3104\" data-end=\"3131\">Pol\u00edtica de devoluciones y reembolsos<\/a> para obtener informaci\u00f3n detallada.<\/p><hr data-start=\"3159\" data-end=\"3162\" \/><h3 data-start=\"3164\" data-end=\"3194\"><strong data-start=\"3168\" data-end=\"3194\">7. 7. Devoluciones y cambios<\/strong><\/h3><p data-start=\"3195\" data-end=\"3405\">Puede solicitar una devoluci\u00f3n en el plazo de <strong data-start=\"3227\" data-end=\"3250\">14 d\u00edas de entrega<\/strong> para los productos subvencionables.<br data-start=\"3273\" data-end=\"3276\" \/>Las devoluciones deben estar sin usar, sin abrir y en su embalaje original.<br data-start=\"3336\" data-end=\"3339\" \/>Para m\u00e1s informaci\u00f3n, consulte nuestro <a class=\"decorated-link\" href=\"https:\/\/savifragrances.com\/es\/politica-de-devolucion\/\" rel=\"noopener\" data-start=\"3377\" data-end=\"3404\">Pol\u00edtica de devoluciones y reembolsos<\/a>.<\/p><hr data-start=\"3407\" data-end=\"3410\" \/><h3 data-start=\"3412\" data-end=\"3436\"><strong data-start=\"3416\" data-end=\"3436\">8. Suscripciones<\/strong><\/h3><p data-start=\"3437\" data-end=\"3714\">Si se suscribe a entregas peri\u00f3dicas, autoriza los cargos autom\u00e1ticos a su m\u00e9todo de pago seleccionado.<br data-start=\"3543\" data-end=\"3546\" \/>Puede darse de baja en cualquier momento accediendo a su cuenta o envi\u00e1ndonos un correo electr\u00f3nico con un m\u00ednimo de <strong data-start=\"3626\" data-end=\"3645\">24 horas antes<\/strong> su pr\u00f3xima fecha de facturaci\u00f3n.<br data-start=\"3669\" data-end=\"3672\" \/>Las compras por suscripci\u00f3n son <strong data-start=\"3699\" data-end=\"3713\">venta final<\/strong>.<\/p><hr data-start=\"3716\" data-end=\"3719\" \/><h3 data-start=\"3721\" data-end=\"3754\"><strong data-start=\"3725\" data-end=\"3754\">9. Responsabilidad de las cuentas<\/strong><\/h3><p data-start=\"3755\" data-end=\"3991\">Si crea una cuenta, ser\u00e1 responsable de mantener la confidencialidad de sus credenciales de acceso y de todas las actividades que se realicen con su cuenta.<br data-start=\"3905\" data-end=\"3908\" \/>No nos hacemos responsables del acceso no autorizado debido a credenciales compartidas o comprometidas.<\/p><hr data-start=\"3993\" data-end=\"3996\" \/><h3 data-start=\"3998\" data-end=\"4031\"><strong data-start=\"4002\" data-end=\"4031\">10. Propiedad intelectual<\/strong><\/h3><p data-start=\"4032\" data-end=\"4265\">Todo el contenido del sitio web, incluidos textos, im\u00e1genes, gr\u00e1ficos, logotipos, descripciones de productos y marcas, es propiedad exclusiva de <strong data-start=\"4157\" data-end=\"4176\">Fragancias Savi<\/strong>.<br data-start=\"4177\" data-end=\"4180\" \/>Queda prohibida la copia, reproducci\u00f3n o distribuci\u00f3n de nuestros contenidos sin autorizaci\u00f3n por escrito.<\/p><hr data-start=\"4267\" data-end=\"4270\" \/><h3 data-start=\"4272\" data-end=\"4296\"><strong data-start=\"4276\" data-end=\"4296\">11. Protecci\u00f3n de datos<\/strong><\/h3><p data-start=\"4297\" data-end=\"4482\">Respetamos su privacidad y tratamos su informaci\u00f3n personal de acuerdo con nuestra pol\u00edtica de privacidad. <a class=\"decorated-link\" href=\"https:\/\/savifragrances.com\/es\/politica-de-privacidad\/\" rel=\"noopener\" data-start=\"4370\" data-end=\"4389\">Pol\u00edtica de privacidad<\/a>.<br data-start=\"4390\" data-end=\"4393\" \/>Al utilizar nuestro sitio web, usted da su consentimiento a la recogida y tratamiento de datos tal como se describe en el mismo.<\/p><hr data-start=\"4484\" data-end=\"4487\" \/><h3 data-start=\"4489\" data-end=\"4524\"><strong data-start=\"4493\" data-end=\"4524\">12. 12. Limitaci\u00f3n de responsabilidad<\/strong><\/h3><p data-start=\"4525\" data-end=\"4816\">En la medida en que lo permita la ley, <strong data-start=\"4565\" data-end=\"4584\">Fragancias Savi<\/strong> no ser\u00e1 responsable de ning\u00fan da\u00f1o indirecto, incidental o consecuente derivado del uso o mal uso de nuestro sitio web o de nuestros productos, incluidos, entre otros, los da\u00f1os materiales o personales resultantes de una manipulaci\u00f3n inadecuada.<\/p><hr data-start=\"4818\" data-end=\"4821\" \/><h3 data-start=\"4823\" data-end=\"4848\"><strong data-start=\"4827\" data-end=\"4848\">13. Ley aplicable<\/strong><\/h3><p data-start=\"4849\" data-end=\"5041\">Estas Condiciones se rigen por las leyes de <strong data-start=\"4893\" data-end=\"4928\">Estado de Florida, Estados Unidos<\/strong>.<br data-start=\"4929\" data-end=\"4932\" \/>Cualquier disputa se resolver\u00e1 bajo la jurisdicci\u00f3n exclusiva de los tribunales locales del condado de Miami-Dade, Florida.<\/p><hr data-start=\"5043\" data-end=\"5046\" \/><h3 data-start=\"5048\" data-end=\"5082\"><strong data-start=\"5052\" data-end=\"5082\">14. Actualizaciones de estas Condiciones<\/strong><\/h3><p data-start=\"5083\" data-end=\"5263\">Podemos modificar estas Condiciones en cualquier momento para reflejar cambios en nuestras operaciones, servicios o requisitos legales. Las actualizaciones se publicar\u00e1n en esta p\u00e1gina con una fecha revisada de \"\u00daltima actualizaci\u00f3n\".<\/p><hr data-start=\"5265\" data-end=\"5268\" \/><h3 data-start=\"5270\" data-end=\"5292\"><strong data-start=\"5274\" data-end=\"5292\">15. Contacto<\/strong><\/h3><p data-start=\"5293\" data-end=\"5360\">Si tiene alguna pregunta o duda sobre estas Condiciones, p\u00f3ngase en contacto con nosotros:<\/p><p data-start=\"5362\" data-end=\"5522\"><strong data-start=\"5362\" data-end=\"5381\">Fragancias Savi<\/strong><br data-start=\"5381\" data-end=\"5384\" \/>\ud83d\udce7 Correo electr\u00f3nico: <a class=\"decorated-link cursor-pointer\" href=\"mailto:info@savifragrances.com\" rel=\"noopener\" data-start=\"5394\" data-end=\"5451\">info@savifragrances.com<\/a><br data-start=\"5451\" data-end=\"5454\" \/>\ud83c\udf10 P\u00e1gina web: <a class=\"decorated-link\" href=\"https:\/\/savifragrances.com\/es\/\" target=\"_new\" rel=\"noopener\" data-start=\"5466\" data-end=\"5522\">www.savifragrances.com<\/a><\/p>\t\t\t\t\t\t\t\t<\/div>\n\t\t\t\t<\/div>\n\t\t\t\t\t<\/div>\n\t\t\t\t<\/div>\n\t\t\t\t<\/div>","protected":false},"excerpt":{"rendered":"<p>Terms of Use &amp; Conditions Last Updated: October 13, 2025 Welcome to Savi Fragrances. By accessing or purchasing from www.savifragrances.com, you agree to comply with these Terms of Use &amp; Conditions. Please read them carefully before using our website or completing a purchase. 1. Acceptance of Terms These Terms govern all use of our website, [&hellip;]<\/p>\n","protected":false},"author":1,"featured_media":0,"parent":0,"menu_order":0,"comment_status":"closed","ping_status":"closed","template":"","meta":{"site-sidebar-layout":"no-sidebar","site-content-layout":"page-builder","ast-site-content-layout":"full-width-container","site-content-style":"default","site-sidebar-style":"default","ast-global-header-display":"","ast-banner-title-visibility":"","ast-main-header-display":"","ast-hfb-above-header-display":"","ast-hfb-below-header-display":"","ast-hfb-mobile-header-display":"","site-post-title":"disabled","ast-breadcrumbs-content":"","ast-featured-img":"disabled","footer-sml-layout":"","ast-disable-related-posts":"","theme-transparent-header-meta":"","adv-header-id-meta":"","stick-header-meta":"","header-above-stick-meta":"","header-main-stick-meta":"","header-below-stick-meta":"","astra-migrate-meta-layouts":"set","ast-page-background-enabled":"default","ast-page-background-meta":{"desktop":{"background-color":"","background-image":"","background-repeat":"repeat","background-position":"center center","background-size":"auto","background-attachment":"scroll","background-type":"","background-media":"","overlay-type":"","overlay-color":"","overlay-opacity":"","overlay-gradient":""},"tablet":{"background-color":"","background-image":"","background-repeat":"repeat","background-position":"center center","background-size":"auto","background-attachment":"scroll","background-type":"","background-media":"","overlay-type":"","overlay-color":"","overlay-opacity":"","overlay-gradient":""},"mobile":{"background-color":"","background-image":"","background-repeat":"repeat","background-position":"center center","background-size":"auto","background-attachment":"scroll","background-type":"","background-media":"","overlay-type":"","overlay-color":"","overlay-opacity":"","overlay-gradient":""}},"ast-content-background-meta":{"desktop":{"background-color":"var(--ast-global-color-5)","background-image":"","background-repeat":"repeat","background-position":"center center","background-size":"auto","background-attachment":"scroll","background-type":"","background-media":"","overlay-type":"","overlay-color":"","overlay-opacity":"","overlay-gradient":""},"tablet":{"background-color":"var(--ast-global-color-5)","background-image":"","background-repeat":"repeat","background-position":"center center","background-size":"auto","background-attachment":"scroll","background-type":"","background-media":"","overlay-type":"","overlay-color":"","overlay-opacity":"","overlay-gradient":""},"mobile":{"background-color":"var(--ast-global-color-5)","background-image":"","background-repeat":"repeat","background-position":"center center","background-size":"auto","background-attachment":"scroll","background-type":"","background-media":"","overlay-type":"","overlay-color":"","overlay-opacity":"","overlay-gradient":""}},"_joinchat":[],"footnotes":""},"class_list":["post-4940","page","type-page","status-publish","hentry"],"_links":{"self":[{"href":"https:\/\/savifragrances.com\/es\/wp-json\/wp\/v2\/pages\/4940","targetHints":{"allow":["GET"]}}],"collection":[{"href":"https:\/\/savifragrances.com\/es\/wp-json\/wp\/v2\/pages"}],"about":[{"href":"https:\/\/savifragrances.com\/es\/wp-json\/wp\/v2\/types\/page"}],"author":[{"embeddable":true,"href":"https:\/\/savifragrances.com\/es\/wp-json\/wp\/v2\/users\/1"}],"replies":[{"embeddable":true,"href":"https:\/\/savifragrances.com\/es\/wp-json\/wp\/v2\/comments?post=4940"}],"version-history":[{"count":62,"href":"https:\/\/savifragrances.com\/es\/wp-json\/wp\/v2\/pages\/4940\/revisions"}],"predecessor-version":[{"id":33096,"href":"https:\/\/savifragrances.com\/es\/wp-json\/wp\/v2\/pages\/4940\/revisions\/33096"}],"wp:attachment":[{"href":"https:\/\/savifragrances.com\/es\/wp-json\/wp\/v2\/media?parent=4940"}],"curies":[{"name":"wp","href":"https:\/\/api.w.org\/{rel}","templated":true}]}}