{"id":10,"date":"2023-10-21T18:42:17","date_gmt":"2023-10-22T00:12:17","guid":{"rendered":"http:\/\/savifragrances.com\/?page_id=10"},"modified":"2025-10-13T15:45:01","modified_gmt":"2025-10-13T19:45:01","slug":"politica-de-privacidad","status":"publish","type":"page","link":"https:\/\/savifragrances.com\/es\/privacy-policy\/","title":{"rendered":"Pol\u00edtica de privacidad"},"content":{"rendered":"<div data-elementor-type=\"wp-page\" data-elementor-id=\"10\" class=\"elementor elementor-10\" data-elementor-post-type=\"page\">\n\t\t\t\t<div class=\"elementor-element elementor-element-1a5283d e-flex e-con-boxed e-con e-parent\" data-id=\"1a5283d\" data-element_type=\"container\" data-e-type=\"container\">\n\t\t\t\t\t<div class=\"e-con-inner\">\n\t\t\t\t<div class=\"elementor-element elementor-element-b6f1c37 elementor-widget elementor-widget-heading\" data-id=\"b6f1c37\" data-element_type=\"widget\" data-e-type=\"widget\" data-widget_type=\"heading.default\">\n\t\t\t\t<div class=\"elementor-widget-container\">\n\t\t\t\t\t<h2 class=\"elementor-heading-title elementor-size-default\">Pol\u00edtica de privacidad<\/h2>\t\t\t\t<\/div>\n\t\t\t\t<\/div>\n\t\t\t\t\t<\/div>\n\t\t\t\t<\/div>\n\t\t<div class=\"elementor-element elementor-element-7da752e4 e-flex e-con-boxed e-con e-parent\" data-id=\"7da752e4\" data-element_type=\"container\" data-e-type=\"container\">\n\t\t\t\t\t<div class=\"e-con-inner\">\n\t\t\t\t<div class=\"elementor-element elementor-element-3f7b4405 elementor-widget elementor-widget-text-editor\" data-id=\"3f7b4405\" data-element_type=\"widget\" data-e-type=\"widget\" data-widget_type=\"text-editor.default\">\n\t\t\t\t<div class=\"elementor-widget-container\">\n\t\t\t\t\t\t\t\t\t<p data-start=\"631\" data-end=\"665\"><strong data-start=\"631\" data-end=\"665\">\u00daltima actualizaci\u00f3n: 13 de octubre de 2025<\/strong><\/p><p data-start=\"667\" data-end=\"992\">En <strong data-start=\"670\" data-end=\"689\">Fragancias Savi<\/strong> (\"nosotros\", \"nuestro\", \"nos\"), respetamos su privacidad y nos comprometemos a proteger la informaci\u00f3n personal que comparte con nosotros. Esta Pol\u00edtica de privacidad explica c\u00f3mo recopilamos, utilizamos, almacenamos y divulgamos su informaci\u00f3n cuando visita o realiza una compra en <a class=\"decorated-link\" href=\"https:\/\/savifragrances.com\/es\/\" target=\"_new\" rel=\"noopener\" data-start=\"935\" data-end=\"991\">www.savifragrances.com<\/a>.<\/p><hr data-start=\"994\" data-end=\"997\" \/><h3 data-start=\"999\" data-end=\"1035\"><strong data-start=\"1003\" data-end=\"1035\">1. Aceptaci\u00f3n de esta pol\u00edtica<\/strong><\/h3><p data-start=\"1036\" data-end=\"1211\">Al acceder o utilizar nuestro sitio web, usted acepta la recogida y el uso de la informaci\u00f3n descritos en esta pol\u00edtica. Si no est\u00e1 de acuerdo, le rogamos que deje de utilizar nuestros servicios.<\/p><hr data-start=\"1213\" data-end=\"1216\" \/><h3 data-start=\"1218\" data-end=\"1251\"><strong data-start=\"1222\" data-end=\"1251\">2. Informaci\u00f3n que recopilamos<\/strong><\/h3><p data-start=\"1252\" data-end=\"1303\">Recogemos las siguientes categor\u00edas de informaci\u00f3n:<\/p><p data-start=\"1305\" data-end=\"1332\"><strong data-start=\"1305\" data-end=\"1332\">a. Datos personales<\/strong><\/p><ul data-start=\"1333\" data-end=\"1490\"><li data-start=\"1333\" data-end=\"1400\"><p data-start=\"1335\" data-end=\"1400\">Nombre, direcci\u00f3n de correo electr\u00f3nico, direcci\u00f3n de facturaci\u00f3n y env\u00edo, n\u00famero de tel\u00e9fono<\/p><\/li><li data-start=\"1401\" data-end=\"1451\"><p data-start=\"1403\" data-end=\"1451\">Credenciales de la cuenta (si crea una cuenta)<\/p><\/li><li data-start=\"1452\" data-end=\"1490\"><p data-start=\"1454\" data-end=\"1490\">Detalles del pedido e historial de compras<\/p><\/li><\/ul><p data-start=\"1492\" data-end=\"1709\"><strong data-start=\"1492\" data-end=\"1518\">b. Informaci\u00f3n sobre el pago<\/strong><br data-start=\"1518\" data-end=\"1521\" \/>Los datos de pago se procesan de forma segura a trav\u00e9s de pasarelas de pago de terceros (por ejemplo, <strong data-start=\"1604\" data-end=\"1614\">Raya<\/strong>, <strong data-start=\"1616\" data-end=\"1626\">PayPal<\/strong>, <strong data-start=\"1628\" data-end=\"1638\">Klarna<\/strong>, <strong data-start=\"1640\" data-end=\"1652\">Afterpay<\/strong>). Lo hacemos <strong data-start=\"1661\" data-end=\"1668\">no<\/strong> almacenar la informaci\u00f3n completa de su tarjeta de cr\u00e9dito.<\/p><p data-start=\"1711\" data-end=\"1742\"><strong data-start=\"1711\" data-end=\"1740\">c. Datos t\u00e9cnicos y de uso<\/strong><\/p><ul data-start=\"1743\" data-end=\"1942\"><li data-start=\"1743\" data-end=\"1791\"><p data-start=\"1745\" data-end=\"1791\">Direcci\u00f3n IP, tipo de navegador, informaci\u00f3n del dispositivo<\/p><\/li><li data-start=\"1792\" data-end=\"1942\"><p data-start=\"1794\" data-end=\"1942\">Datos de interacci\u00f3n (p\u00e1ginas visitadas, tiempo de permanencia, acciones de clic) recopilados a trav\u00e9s de cookies, p\u00edxeles y herramientas de an\u00e1lisis (por ejemplo, Google Analytics, Meta Pixel).<\/p><\/li><\/ul><p data-start=\"1944\" data-end=\"1967\"><strong data-start=\"1944\" data-end=\"1965\">d. Datos de marketing<\/strong><\/p><ul data-start=\"1968\" data-end=\"2099\"><li data-start=\"1968\" data-end=\"2037\"><p data-start=\"1970\" data-end=\"2037\">Preferencias para recibir correos electr\u00f3nicos promocionales, ofertas y actualizaciones<\/p><\/li><li data-start=\"2038\" data-end=\"2099\"><p data-start=\"2040\" data-end=\"2099\">Interacciones con campa\u00f1as de marketing y anuncios en redes sociales.<\/p><\/li><\/ul><hr data-start=\"2101\" data-end=\"2104\" \/><h3 data-start=\"2106\" data-end=\"2144\"><strong data-start=\"2110\" data-end=\"2144\">3. C\u00f3mo utilizamos su informaci\u00f3n<\/strong><\/h3><p data-start=\"2145\" data-end=\"2172\">Utilizamos su informaci\u00f3n para:<\/p><ul data-start=\"2173\" data-end=\"2489\"><li data-start=\"2173\" data-end=\"2208\"><p data-start=\"2175\" data-end=\"2208\">Procesar y tramitar sus pedidos<\/p><\/li><li data-start=\"2209\" data-end=\"2260\"><p data-start=\"2211\" data-end=\"2260\">Proporcionar asistencia al cliente y gesti\u00f3n de cuentas<\/p><\/li><li data-start=\"2261\" data-end=\"2312\"><p data-start=\"2263\" data-end=\"2312\">Mejorar el rendimiento y la personalizaci\u00f3n del sitio web<\/p><\/li><li data-start=\"2313\" data-end=\"2370\"><p data-start=\"2315\" data-end=\"2370\">Detectar y prevenir fraudes o transacciones no autorizadas<\/p><\/li><li data-start=\"2371\" data-end=\"2435\"><p data-start=\"2373\" data-end=\"2435\">Enviar ofertas promocionales y actualizaciones (s\u00f3lo con su consentimiento)<\/p><\/li><li data-start=\"2436\" data-end=\"2489\"><p data-start=\"2438\" data-end=\"2489\">Cumplir los requisitos legales, fiscales o reglamentarios.<\/p><\/li><\/ul><hr data-start=\"2491\" data-end=\"2494\" \/><h3 data-start=\"2496\" data-end=\"2531\"><strong data-start=\"2500\" data-end=\"2531\">4. Compartir su informaci\u00f3n<\/strong><\/h3><p data-start=\"2532\" data-end=\"2667\">Nosotros <strong data-start=\"2535\" data-end=\"2550\">no vender<\/strong> sus datos personales. Podemos compartirlos con terceros de confianza solo cuando sea necesario para el funcionamiento de nuestra empresa, como por ejemplo:<\/p><ul data-start=\"2668\" data-end=\"3001\"><li data-start=\"2668\" data-end=\"2728\"><p data-start=\"2670\" data-end=\"2728\"><strong data-start=\"2670\" data-end=\"2693\">Procesadores de pago:<\/strong> Stripe, PayPal, Klarna, Afterpay<\/p><\/li><li data-start=\"2729\" data-end=\"2773\"><p data-start=\"2731\" data-end=\"2773\"><strong data-start=\"2731\" data-end=\"2754\">Proveedores de transporte:<\/strong> USPS, UPS, FedEx<\/p><\/li><li data-start=\"2774\" data-end=\"2853\"><p data-start=\"2776\" data-end=\"2853\"><strong data-start=\"2776\" data-end=\"2810\">Plataformas de correo electr\u00f3nico y marketing:<\/strong> Mailchimp, Klaviyo, Meta Ads, Google Ads<\/p><\/li><li data-start=\"2854\" data-end=\"2911\"><p data-start=\"2856\" data-end=\"2911\"><strong data-start=\"2856\" data-end=\"2880\">Proveedores de an\u00e1lisis:<\/strong> Google Analytics, Meta Pixel<\/p><\/li><li data-start=\"2912\" data-end=\"3001\"><p data-start=\"2914\" data-end=\"3001\"><strong data-start=\"2914\" data-end=\"2943\">Proveedores inform\u00e1ticos y de seguridad<\/strong> que ayudan a mantener el sitio web y a protegerlo contra el fraude.<\/p><\/li><\/ul><p data-start=\"3003\" data-end=\"3088\">Todos los socios est\u00e1n obligados a tratar sus datos de conformidad con la normativa sobre privacidad.<\/p><hr data-start=\"3090\" data-end=\"3093\" \/><h3 data-start=\"3095\" data-end=\"3139\"><strong data-start=\"3099\" data-end=\"3139\">5. Cookies y tecnolog\u00edas de seguimiento<\/strong><\/h3><p data-start=\"3140\" data-end=\"3183\">Utilizamos cookies y tecnolog\u00edas similares para:<\/p><ul data-start=\"3184\" data-end=\"3333\"><li data-start=\"3184\" data-end=\"3218\"><p data-start=\"3186\" data-end=\"3218\">Mantenga su cesta de la compra activa<\/p><\/li><li data-start=\"3219\" data-end=\"3248\"><p data-start=\"3221\" data-end=\"3248\">Recuerda tus preferencias<\/p><\/li><li data-start=\"3249\" data-end=\"3289\"><p data-start=\"3251\" data-end=\"3289\">Medir el tr\u00e1fico y el rendimiento del sitio<\/p><\/li><li data-start=\"3290\" data-end=\"3333\"><p data-start=\"3292\" data-end=\"3333\">Ofrezca anuncios y promociones personalizados<\/p><\/li><\/ul><p data-start=\"3335\" data-end=\"3466\">Puede ajustar la configuraci\u00f3n de su navegador o de las cookies en cualquier momento. Para m\u00e1s informaci\u00f3n, consulte nuestra <a class=\"decorated-link\" href=\"#\" rel=\"noopener\" data-start=\"3431\" data-end=\"3449\">Pol\u00edtica de cookies<\/a> (si procede).<\/p><hr data-start=\"3468\" data-end=\"3471\" \/><h3 data-start=\"3473\" data-end=\"3511\"><strong data-start=\"3477\" data-end=\"3511\">6. Conservaci\u00f3n y seguridad de los datos<\/strong><\/h3><p data-start=\"3512\" data-end=\"3829\">Conservamos su informaci\u00f3n personal s\u00f3lo el tiempo necesario para cumplir los fines indicados anteriormente o para cumplir con los requisitos legales.<br data-start=\"3645\" data-end=\"3648\" \/>Utilizamos cifrado (SSL), servidores seguros y otras medidas t\u00e9cnicas para proteger su informaci\u00f3n. Sin embargo, ning\u00fan sistema es completamente seguro, y usted utiliza nuestro sitio web bajo su propia responsabilidad.<\/p><hr data-start=\"3831\" data-end=\"3834\" \/><h3 data-start=\"3836\" data-end=\"3858\"><strong data-start=\"3840\" data-end=\"3858\">7. Sus derechos<\/strong><\/h3><p data-start=\"3859\" data-end=\"3943\">Dependiendo de su ubicaci\u00f3n (por ejemplo, en EE.UU. o la UE), puede tener derecho a:<\/p><ul data-start=\"3944\" data-end=\"4090\"><li data-start=\"3944\" data-end=\"3974\"><p data-start=\"3946\" data-end=\"3974\">Acceda a una copia de sus datos<\/p><\/li><li data-start=\"3975\" data-end=\"4011\"><p data-start=\"3977\" data-end=\"4011\">Solicitar correcciones o supresiones<\/p><\/li><li data-start=\"4012\" data-end=\"4061\"><p data-start=\"4014\" data-end=\"4061\">Retirar el consentimiento para recibir comunicaciones comerciales<\/p><\/li><li data-start=\"4062\" data-end=\"4090\"><p data-start=\"4064\" data-end=\"4090\">Solicitar la portabilidad de datos<\/p><\/li><\/ul><p data-start=\"4092\" data-end=\"4166\">Para ejercer sus derechos, p\u00f3ngase en contacto con nosotros en <strong data-start=\"4138\" data-end=\"4165\"><a class=\"decorated-link cursor-pointer\" href=\"mailto:info@savifragrances.com\" rel=\"noopener\" data-start=\"4140\" data-end=\"4163\">info@savifragrances.com<\/a><\/strong>.<\/p><hr data-start=\"4168\" data-end=\"4171\" \/><h3 data-start=\"4173\" data-end=\"4201\"><strong data-start=\"4177\" data-end=\"4201\">8. Enlaces de terceros<\/strong><\/h3><p data-start=\"4202\" data-end=\"4338\">Nuestro sitio web puede incluir enlaces a sitios de terceros. No somos responsables de las pr\u00e1cticas de privacidad ni del contenido de esos sitios externos.<\/p><hr data-start=\"4340\" data-end=\"4343\" \/><h3 data-start=\"4345\" data-end=\"4370\"><strong data-start=\"4349\" data-end=\"4370\">9. Actualizaciones pol\u00edticas<\/strong><\/h3><p data-start=\"4371\" data-end=\"4539\">Podemos actualizar esta Pol\u00edtica de Privacidad peri\u00f3dicamente para reflejar cambios operativos, legales o normativos. Las actualizaciones se publicar\u00e1n en esta p\u00e1gina con una nueva fecha de \"\u00daltima actualizaci\u00f3n\".<\/p><hr data-start=\"4541\" data-end=\"4544\" \/><h3 data-start=\"4546\" data-end=\"4568\"><strong data-start=\"4550\" data-end=\"4568\">10. Contacto<\/strong><\/h3><p data-start=\"4569\" data-end=\"4676\">Si tiene alguna pregunta sobre esta Pol\u00edtica de privacidad o sobre c\u00f3mo tratamos sus datos personales, p\u00f3ngase en contacto con nosotros:<\/p><p data-start=\"4678\" data-end=\"4838\"><strong data-start=\"4678\" data-end=\"4697\">Fragancias Savi<\/strong><br data-start=\"4697\" data-end=\"4700\" \/>\ud83d\udce7 Correo electr\u00f3nico: <a class=\"decorated-link cursor-pointer\" href=\"mailto:info@savifragrances.com\" rel=\"noopener\" data-start=\"4710\" data-end=\"4767\">info@savifragrances.com<\/a><br data-start=\"4767\" data-end=\"4770\" \/>\ud83c\udf10 P\u00e1gina web: <a class=\"decorated-link\" href=\"https:\/\/savifragrances.com\/es\/\" target=\"_new\" rel=\"noopener\" data-start=\"4782\" data-end=\"4838\">www.savifragrances.com<\/a><\/p>\t\t\t\t\t\t\t\t<\/div>\n\t\t\t\t<\/div>\n\t\t\t\t\t<\/div>\n\t\t\t\t<\/div>\n\t\t\t\t<\/div>","protected":false},"excerpt":{"rendered":"<p>Privacy Policy Last Updated: October 13, 2025 At Savi Fragrances (\u201cwe,\u201d \u201cour,\u201d \u201cus\u201d), we respect your privacy and are committed to protecting the personal information you share with us. This Privacy Policy explains how we collect, use, store, and disclose your information when you visit or make a purchase on www.savifragrances.com. 1. Acceptance of This [&hellip;]<\/p>\n","protected":false},"author":1,"featured_media":0,"parent":0,"menu_order":0,"comment_status":"closed","ping_status":"closed","template":"","meta":{"site-sidebar-layout":"default","site-content-layout":"","ast-site-content-layout":"default","site-content-style":"default","site-sidebar-style":"default","ast-global-header-display":"","ast-banner-title-visibility":"","ast-main-header-display":"","ast-hfb-above-header-display":"","ast-hfb-below-header-display":"","ast-hfb-mobile-header-display":"","site-post-title":"disabled","ast-breadcrumbs-content":"","ast-featured-img":"","footer-sml-layout":"","ast-disable-related-posts":"","theme-transparent-header-meta":"","adv-header-id-meta":"","stick-header-meta":"","header-above-stick-meta":"","header-main-stick-meta":"","header-below-stick-meta":"","astra-migrate-meta-layouts":"set","ast-page-background-enabled":"default","ast-page-background-meta":{"desktop":{"background-color":"","background-image":"","background-repeat":"repeat","background-position":"center center","background-size":"auto","background-attachment":"scroll","background-type":"","background-media":"","overlay-type":"","overlay-color":"","overlay-opacity":"","overlay-gradient":""},"tablet":{"background-color":"","background-image":"","background-repeat":"repeat","background-position":"center center","background-size":"auto","background-attachment":"scroll","background-type":"","background-media":"","overlay-type":"","overlay-color":"","overlay-opacity":"","overlay-gradient":""},"mobile":{"background-color":"","background-image":"","background-repeat":"repeat","background-position":"center center","background-size":"auto","background-attachment":"scroll","background-type":"","background-media":"","overlay-type":"","overlay-color":"","overlay-opacity":"","overlay-gradient":""}},"ast-content-background-meta":{"desktop":{"background-color":"var(--ast-global-color-5)","background-image":"","background-repeat":"repeat","background-position":"center center","background-size":"auto","background-attachment":"scroll","background-type":"","background-media":"","overlay-type":"","overlay-color":"","overlay-opacity":"","overlay-gradient":""},"tablet":{"background-color":"var(--ast-global-color-5)","background-image":"","background-repeat":"repeat","background-position":"center center","background-size":"auto","background-attachment":"scroll","background-type":"","background-media":"","overlay-type":"","overlay-color":"","overlay-opacity":"","overlay-gradient":""},"mobile":{"background-color":"var(--ast-global-color-5)","background-image":"","background-repeat":"repeat","background-position":"center center","background-size":"auto","background-attachment":"scroll","background-type":"","background-media":"","overlay-type":"","overlay-color":"","overlay-opacity":"","overlay-gradient":""}},"_joinchat":[],"footnotes":""},"class_list":["post-10","page","type-page","status-publish","hentry"],"_links":{"self":[{"href":"https:\/\/savifragrances.com\/es\/wp-json\/wp\/v2\/pages\/10","targetHints":{"allow":["GET"]}}],"collection":[{"href":"https:\/\/savifragrances.com\/es\/wp-json\/wp\/v2\/pages"}],"about":[{"href":"https:\/\/savifragrances.com\/es\/wp-json\/wp\/v2\/types\/page"}],"author":[{"embeddable":true,"href":"https:\/\/savifragrances.com\/es\/wp-json\/wp\/v2\/users\/1"}],"replies":[{"embeddable":true,"href":"https:\/\/savifragrances.com\/es\/wp-json\/wp\/v2\/comments?post=10"}],"version-history":[{"count":56,"href":"https:\/\/savifragrances.com\/es\/wp-json\/wp\/v2\/pages\/10\/revisions"}],"predecessor-version":[{"id":33087,"href":"https:\/\/savifragrances.com\/es\/wp-json\/wp\/v2\/pages\/10\/revisions\/33087"}],"wp:attachment":[{"href":"https:\/\/savifragrances.com\/es\/wp-json\/wp\/v2\/media?parent=10"}],"curies":[{"name":"wp","href":"https:\/\/api.w.org\/{rel}","templated":true}]}}